{"id":39229,"date":"2024-02-10T18:24:15","date_gmt":"2024-02-10T16:24:15","guid":{"rendered":"https:\/\/geliurasa.lt\/?post_type=product&#038;p=39229"},"modified":"2026-04-15T18:14:16","modified_gmt":"2026-04-15T15:14:16","slug":"zydrasis-bandrenis-veitchs-blue","status":"publish","type":"product","link":"https:\/\/geliurasa.lt\/index.php\/produktas\/zydrasis-bandrenis-veitchs-blue\/","title":{"rendered":"\u017dydrasis bandrenis Veitch\u2019s Blue"},"content":{"rendered":"<p class=\"GW0XC indIKd cS4Vcb-pGL6qe-fwJd0c\">Sidabrini\u0173\u00a0 lap\u0173 skrotel\u0117s i\u0161leid\u017eia stiebus su golfo kamuoliuko dyd\u017eio bumbulais, tamsiai m\u0117lyni su violetiniu atspalviu. Bandreniai saus\u0173 viet\u0173 augalai, tinkamiausias laidus dr\u0117gmei dirvo\u017eemis, tinka skurdesnis. Nereikl\u016bs, ruden\u012f augalas nunyksta, pavasar\u012f v\u0117l su\u017eelia. Geriau nepalikti nu\u017eyd\u0117jusi\u0173 stieb\u0173, nes savaime pasis\u0117ja.<\/p>\n<p class=\"GW0XC indIKd cS4Vcb-pGL6qe-fwJd0c\">Rekomenduojamas s\u0117kloms \u0161altasis periodas. Galima stratifikuoti, arba\u00a0 s\u0117kl\u0173 pakel\u012f palaikyti \u0161aldiklyje 1-2 savaites. Sudygusiems daigeliams reikia ma\u017eai vandens.<\/p>\n","protected":false},"excerpt":{"rendered":"<div><span style=\"vertical-align: inherit;\">\u00a0Echinops ritro<\/span><\/div>\n<div><strong>Gamintojas:\u00a0<\/strong>Olandija<\/div>\n<div><strong>Grup\u0117:<\/strong> daugiamet\u0117<\/div>\n<div><strong>Kiekis pakelyje: <\/strong>0,5 g\u2248 35 s\u0117klos<\/div>\n<div><strong>Auk\u0161tis cm: <\/strong>80- 90<\/div>\n<div><strong>S\u0117ti m\u0117n.:<\/strong> III-IV, lauke V<\/div>\n<div><strong>Vieta:<\/strong> saul\u0117ta, pusiau pav\u0117sis<\/div>\n<div><strong>Dirva:<\/strong> sausa, kalkinga, nem\u0117gsta dr\u0117gm\u0117s pertekliaus<\/div>\n","protected":false},"featured_media":39232,"comment_status":"open","ping_status":"closed","template":"","meta":{"jetpack_publicize_message":"","jetpack_publicize_feature_enabled":true,"jetpack_social_post_already_shared":true,"jetpack_social_options":{"image_generator_settings":{"template":"highway","default_image_id":0,"font":"","enabled":false},"version":2}},"product_brand":[],"product_cat":[126,99,42],"product_tag":[139,140,52,51],"class_list":{"0":"post-39229","1":"product","2":"type-product","3":"status-publish","4":"has-post-thumbnail","6":"product_cat-daugiameciu-geliu-seklos","7":"product_cat-naujos-prekes","8":"product_cat-seklos","9":"product_tag-bandrenis","10":"product_tag-echinops","11":"product_tag-seeds","12":"product_tag-seklos","13":"product_shipping_class-seklos","15":"first","16":"instock","17":"shipping-taxable","18":"purchasable","19":"product-type-simple"},"jetpack_publicize_connections":[],"jetpack_sharing_enabled":true,"_links":{"self":[{"href":"https:\/\/geliurasa.lt\/index.php\/wp-json\/wp\/v2\/product\/39229","targetHints":{"allow":["GET"]}}],"collection":[{"href":"https:\/\/geliurasa.lt\/index.php\/wp-json\/wp\/v2\/product"}],"about":[{"href":"https:\/\/geliurasa.lt\/index.php\/wp-json\/wp\/v2\/types\/product"}],"replies":[{"embeddable":true,"href":"https:\/\/geliurasa.lt\/index.php\/wp-json\/wp\/v2\/comments?post=39229"}],"wp:featuredmedia":[{"embeddable":true,"href":"https:\/\/geliurasa.lt\/index.php\/wp-json\/wp\/v2\/media\/39232"}],"wp:attachment":[{"href":"https:\/\/geliurasa.lt\/index.php\/wp-json\/wp\/v2\/media?parent=39229"}],"wp:term":[{"taxonomy":"product_brand","embeddable":true,"href":"https:\/\/geliurasa.lt\/index.php\/wp-json\/wp\/v2\/product_brand?post=39229"},{"taxonomy":"product_cat","embeddable":true,"href":"https:\/\/geliurasa.lt\/index.php\/wp-json\/wp\/v2\/product_cat?post=39229"},{"taxonomy":"product_tag","embeddable":true,"href":"https:\/\/geliurasa.lt\/index.php\/wp-json\/wp\/v2\/product_tag?post=39229"}],"curies":[{"name":"wp","href":"https:\/\/api.w.org\/{rel}","templated":true}]}}