{"id":39391,"date":"2024-03-17T15:18:16","date_gmt":"2024-03-17T13:18:16","guid":{"rendered":"https:\/\/geliurasa.lt\/?post_type=product&#038;p=39391"},"modified":"2026-04-12T21:43:50","modified_gmt":"2026-04-12T18:43:50","slug":"kalifornijos-aguona-esolcija-thai-silk-rose-chiffon","status":"publish","type":"product","link":"https:\/\/geliurasa.lt\/index.php\/produktas\/kalifornijos-aguona-esolcija-thai-silk-rose-chiffon\/","title":{"rendered":"Kalifornijos aguona e\u0161olcija Thai Silk Rose Chiffon"},"content":{"rendered":"<p>Thai Silk Rose Chiffon \u0161ilkini\u0173 \u017eiedlapi\u0173 spalva, besikei\u010diantys nuo \u0161viesi\u0173 iki tamsi\u0173, ro\u017einiai atspalviai. E\u0161olcijos yra sausros m\u0117g\u0117jos, klesti saul\u0117s atokaitoje. Nak\u010diai, ir debesuotu oru \u017eiedlapiai susiskleid\u017eia. Tod\u0117l jos dar vadinamos liepsnos g\u0117l\u0117mis. Gali augti skurdesn\u0117je dirvoje, prie\u017ei\u016bros nereikalaujan\u010dios g\u0117l\u0117s. Tinkamos skynimui. Kuo labiau skinamos, tuo daugiau \u017eydi. Gausus \u017eyd\u0117jimas vis\u0105 vasar\u0105 ir ruden\u012f.<\/p>\n<p>S\u0117jamos tiesiai \u012f dirv\u0105 i\u0161kart po paskutini\u0173 \u0161aln\u0173, vos pridengiant plonu \u017eem\u0117s sluoksniu. Dygsta prie 15 \u00b0C, tamsoje.Dygimas trunka 14\u201321 d. \u00a0 Nors toleruoja sausr\u0105, dygimui reikalinga dr\u0117gm\u0117. Nem\u0117gsta persodinim\u0173.<\/p>\n<p>&nbsp;<\/p>\n","protected":false},"excerpt":{"rendered":"<div>Eschscholzia californica<\/div>\n<div><strong>Gamintojas:\u00a0<\/strong>Olandija<\/div>\n<div><strong>Grup\u0117:<\/strong>\u00a0Vienmet\u0117<\/div>\n<div><strong>Kiekis pakelyje:<\/strong> 0,3g<\/div>\n<div><strong>Auk\u0161tis cm: <\/strong>25-30<\/div>\n<div><strong>S\u0117ti m\u0117n.: <\/strong>IV-V<\/div>\n<div><strong>Vieta:<\/strong> saul\u0117ta<\/div>\n<div><strong>Dirva:<\/strong> dr\u0117gmei laidi<\/div>\n","protected":false},"featured_media":39392,"comment_status":"open","ping_status":"closed","template":"","meta":{"jetpack_publicize_message":"","jetpack_publicize_feature_enabled":true,"jetpack_social_post_already_shared":false,"jetpack_social_options":{"image_generator_settings":{"template":"highway","default_image_id":0,"font":"","enabled":false},"version":2}},"product_brand":[],"product_cat":[262,99,42,128],"product_tag":[263,52,51],"class_list":{"0":"post-39391","1":"product","2":"type-product","3":"status-publish","4":"has-post-thumbnail","6":"product_cat-esolcijos","7":"product_cat-naujos-prekes","8":"product_cat-seklos","9":"product_cat-vienmeciu-geliu-seklos","10":"product_tag-esolcija","11":"product_tag-seeds","12":"product_tag-seklos","13":"product_shipping_class-seklos","15":"first","16":"instock","17":"shipping-taxable","18":"purchasable","19":"product-type-simple"},"jetpack_publicize_connections":[],"jetpack_sharing_enabled":true,"_links":{"self":[{"href":"https:\/\/geliurasa.lt\/index.php\/wp-json\/wp\/v2\/product\/39391","targetHints":{"allow":["GET"]}}],"collection":[{"href":"https:\/\/geliurasa.lt\/index.php\/wp-json\/wp\/v2\/product"}],"about":[{"href":"https:\/\/geliurasa.lt\/index.php\/wp-json\/wp\/v2\/types\/product"}],"replies":[{"embeddable":true,"href":"https:\/\/geliurasa.lt\/index.php\/wp-json\/wp\/v2\/comments?post=39391"}],"wp:featuredmedia":[{"embeddable":true,"href":"https:\/\/geliurasa.lt\/index.php\/wp-json\/wp\/v2\/media\/39392"}],"wp:attachment":[{"href":"https:\/\/geliurasa.lt\/index.php\/wp-json\/wp\/v2\/media?parent=39391"}],"wp:term":[{"taxonomy":"product_brand","embeddable":true,"href":"https:\/\/geliurasa.lt\/index.php\/wp-json\/wp\/v2\/product_brand?post=39391"},{"taxonomy":"product_cat","embeddable":true,"href":"https:\/\/geliurasa.lt\/index.php\/wp-json\/wp\/v2\/product_cat?post=39391"},{"taxonomy":"product_tag","embeddable":true,"href":"https:\/\/geliurasa.lt\/index.php\/wp-json\/wp\/v2\/product_tag?post=39391"}],"curies":[{"name":"wp","href":"https:\/\/api.w.org\/{rel}","templated":true}]}}