{"id":39400,"date":"2024-03-17T15:17:46","date_gmt":"2024-03-17T13:17:46","guid":{"rendered":"https:\/\/geliurasa.lt\/?post_type=product&#038;p=39400"},"modified":"2026-03-21T09:04:27","modified_gmt":"2026-03-21T07:04:27","slug":"hibridine-tube-southern-charm","status":"publish","type":"product","link":"https:\/\/geliurasa.lt\/index.php\/produktas\/hibridine-tube-southern-charm\/","title":{"rendered":"Hibridin\u0117 t\u016bb\u0117 Southern Charm"},"content":{"rendered":"<p>Mi\u0161inys i\u0161 subtili\u0173 pastelini\u0173 atspalvi\u0173 &#8211;\u00a0 ro\u017ein\u0117s, abrikos\u0173 ir kremin\u0117s. Auga kompakti\u0161kai, i\u0161 nedidelio lap\u0173 kupstelio i\u0161auga galingi \u017eiedynai. D\u017eiugina vis\u0105 vasar\u0105. Nuskynus i\u0161leid\u017eia naujus \u016bglius ir \u017eydi iki v\u0117lyvo rudens. Atspari sausroms, gali augti ir skurdesn\u0117je dirvoje. Ank\u0161\u010diau pas\u0117jus, su\u017eyd\u0117s jau pirmais metais. S\u0117klos labai ma\u017eos, s\u0117jamos pavir\u0161iuje, vos pridengiant. Sudygsta per 2-3 savaites, apytiksliai 18\u00b0C \u200b\u200btemperat\u016broje. Kadangi yra hibridin\u0117 veisl\u0117, s\u0117kl\u0173 gali nesuformuoti, arba labai ma\u017eai. O sudygusios gali nebeatitikti veisl\u0117s savybi\u0173, dyd\u017eiu ar spalva.<\/p>\n<p>&nbsp;<\/p>\n","protected":false},"excerpt":{"rendered":"<div>Verbascum hybrida<\/div>\n<div><strong>Gamintojas:\u00a0<\/strong>Olandija<\/div>\n<div><strong>Grup\u0117:<\/strong> daugiamet\u0117<\/div>\n<div><strong>Kiekis pakelyje:<\/strong>\u00a0 10 s\u0117kl\u0173<\/div>\n<div><strong>Auk\u0161tis cm: <\/strong>70-80<\/div>\n<div><strong>S\u0117ti m\u0117n.: <\/strong>II-III, IV-V lauke<\/div>\n<div><strong>Vieta:<\/strong> saul\u0117ta<\/div>\n<div><strong>Dirva:<\/strong> dr\u0117gmei laidi<\/div>\n<div>\n<p><strong>\u017diemojimo zona:<\/strong> 5a &#8211; 8b<\/p>\n<\/div>\n","protected":false},"featured_media":39406,"comment_status":"open","ping_status":"closed","template":"","meta":{"jetpack_publicize_message":"","jetpack_publicize_feature_enabled":true,"jetpack_social_post_already_shared":true,"jetpack_social_options":{"image_generator_settings":{"template":"highway","default_image_id":0,"font":"","enabled":false},"version":2}},"product_brand":[],"product_cat":[126,99,42],"product_tag":[52,51,264,265],"class_list":{"0":"post-39400","1":"product","2":"type-product","3":"status-publish","4":"has-post-thumbnail","6":"product_cat-daugiameciu-geliu-seklos","7":"product_cat-naujos-prekes","8":"product_cat-seklos","9":"product_tag-seeds","10":"product_tag-seklos","11":"product_tag-tube","12":"product_tag-verbascum","13":"product_shipping_class-seklos","15":"first","16":"instock","17":"shipping-taxable","18":"purchasable","19":"product-type-simple"},"jetpack_publicize_connections":[],"jetpack_sharing_enabled":true,"_links":{"self":[{"href":"https:\/\/geliurasa.lt\/index.php\/wp-json\/wp\/v2\/product\/39400","targetHints":{"allow":["GET"]}}],"collection":[{"href":"https:\/\/geliurasa.lt\/index.php\/wp-json\/wp\/v2\/product"}],"about":[{"href":"https:\/\/geliurasa.lt\/index.php\/wp-json\/wp\/v2\/types\/product"}],"replies":[{"embeddable":true,"href":"https:\/\/geliurasa.lt\/index.php\/wp-json\/wp\/v2\/comments?post=39400"}],"wp:featuredmedia":[{"embeddable":true,"href":"https:\/\/geliurasa.lt\/index.php\/wp-json\/wp\/v2\/media\/39406"}],"wp:attachment":[{"href":"https:\/\/geliurasa.lt\/index.php\/wp-json\/wp\/v2\/media?parent=39400"}],"wp:term":[{"taxonomy":"product_brand","embeddable":true,"href":"https:\/\/geliurasa.lt\/index.php\/wp-json\/wp\/v2\/product_brand?post=39400"},{"taxonomy":"product_cat","embeddable":true,"href":"https:\/\/geliurasa.lt\/index.php\/wp-json\/wp\/v2\/product_cat?post=39400"},{"taxonomy":"product_tag","embeddable":true,"href":"https:\/\/geliurasa.lt\/index.php\/wp-json\/wp\/v2\/product_tag?post=39400"}],"curies":[{"name":"wp","href":"https:\/\/api.w.org\/{rel}","templated":true}]}}