{"id":39409,"date":"2024-02-19T16:42:04","date_gmt":"2024-02-19T14:42:04","guid":{"rendered":"https:\/\/geliurasa.lt\/?post_type=product&#038;p=39409"},"modified":"2026-04-16T21:50:16","modified_gmt":"2026-04-16T18:50:16","slug":"didysis-serentis-garland-orange-ez-flow","status":"publish","type":"product","link":"https:\/\/geliurasa.lt\/index.php\/produktas\/didysis-serentis-garland-orange-ez-flow\/","title":{"rendered":"Didysis serentis Garland Orange Ez Flow"},"content":{"rendered":"<p>Nustebino \u0161is serentis pilnais lyg bumbulai, \u017eiedais. Pur\u016bs, efektingi, ry\u0161kiai\u00a0 oran\u017einiai \u017eiedai. Gausus \u017eyd\u0117jimas. Ypa\u010d\u00a0 tinka skynimui. \u017diedai laiku nuskinti, vazoje i\u0161b\u016bna\u00a0 2 savaites.<\/p>\n<p>&nbsp;<\/p>\n","protected":false},"excerpt":{"rendered":"<div>Tagetes erecta tall<\/div>\n<div><strong>Gamintojas:\u00a0<\/strong>Olandija<\/div>\n<div><strong>Grup\u0117:<\/strong> vienmet\u0117<\/div>\n<div><strong>Kiekis pakelyje: <\/strong>20 s\u0117kl\u0173<\/div>\n<div><strong>Auk\u0161tis cm: <\/strong>70-80<\/div>\n<div><strong>S\u0117ti m\u0117n.: <\/strong>III-IV<\/div>\n<div><strong>Vieta:<\/strong> saul\u0117ta, dalinis pav\u0117sis<\/div>\n<div><strong>Dirva:<\/strong> neutrali<\/div>\n<div>\n<p>&nbsp;<\/p>\n<\/div>\n","protected":false},"featured_media":41794,"comment_status":"open","ping_status":"closed","template":"","meta":{"jetpack_publicize_message":"","jetpack_publicize_feature_enabled":true,"jetpack_social_post_already_shared":true,"jetpack_social_options":{"image_generator_settings":{"template":"highway","default_image_id":0,"font":"","enabled":false},"version":2}},"product_brand":[],"product_cat":[99,42,128],"product_tag":[52,51,267,317,266],"class_list":{"0":"post-39409","1":"product","2":"type-product","3":"status-publish","4":"has-post-thumbnail","6":"product_cat-naujos-prekes","7":"product_cat-seklos","8":"product_cat-vienmeciu-geliu-seklos","9":"product_tag-seeds","10":"product_tag-seklos","11":"product_tag-serentis","12":"product_tag-skynimas","13":"product_tag-tagete","14":"product_shipping_class-seklos","16":"first","17":"instock","18":"shipping-taxable","19":"purchasable","20":"product-type-simple"},"jetpack_publicize_connections":[],"jetpack_sharing_enabled":true,"_links":{"self":[{"href":"https:\/\/geliurasa.lt\/index.php\/wp-json\/wp\/v2\/product\/39409","targetHints":{"allow":["GET"]}}],"collection":[{"href":"https:\/\/geliurasa.lt\/index.php\/wp-json\/wp\/v2\/product"}],"about":[{"href":"https:\/\/geliurasa.lt\/index.php\/wp-json\/wp\/v2\/types\/product"}],"replies":[{"embeddable":true,"href":"https:\/\/geliurasa.lt\/index.php\/wp-json\/wp\/v2\/comments?post=39409"}],"wp:featuredmedia":[{"embeddable":true,"href":"https:\/\/geliurasa.lt\/index.php\/wp-json\/wp\/v2\/media\/41794"}],"wp:attachment":[{"href":"https:\/\/geliurasa.lt\/index.php\/wp-json\/wp\/v2\/media?parent=39409"}],"wp:term":[{"taxonomy":"product_brand","embeddable":true,"href":"https:\/\/geliurasa.lt\/index.php\/wp-json\/wp\/v2\/product_brand?post=39409"},{"taxonomy":"product_cat","embeddable":true,"href":"https:\/\/geliurasa.lt\/index.php\/wp-json\/wp\/v2\/product_cat?post=39409"},{"taxonomy":"product_tag","embeddable":true,"href":"https:\/\/geliurasa.lt\/index.php\/wp-json\/wp\/v2\/product_tag?post=39409"}],"curies":[{"name":"wp","href":"https:\/\/api.w.org\/{rel}","templated":true}]}}