{"id":39412,"date":"2024-03-17T15:16:03","date_gmt":"2024-03-17T13:16:03","guid":{"rendered":"https:\/\/geliurasa.lt\/?post_type=product&#038;p=39412"},"modified":"2026-03-14T18:26:03","modified_gmt":"2026-03-14T16:26:03","slug":"tikroji-levanda-ellagance-purple","status":"publish","type":"product","link":"https:\/\/geliurasa.lt\/index.php\/produktas\/tikroji-levanda-ellagance-purple\/","title":{"rendered":"Tikroji levanda Ellagance Purple"},"content":{"rendered":"<p><span class=\"jCAhz ChMk0b\"><span class=\"ryNqvb\">Ellagance levand\u0173 serija i\u0161 kit\u0173 s\u0117klini\u0173 ir vegetatyvini\u0173 levand\u0173 i\u0161siskiria puikiu vienodumu, spalv\u0173 gama, ankstyvumu ir dideliu kiekiu \u017eied\u0173.<\/span><\/span><span class=\"jCAhz ChMk0b\"><span class=\"ryNqvb\"> \u0160al\u010diui atsparios, gerai toleruoja lap\u0173 ligas, palyginti su kitomis levandomis.<\/span><\/span><\/p>\n<p>D\u0117l geresnio s\u0117kl\u0173 dygimo, s\u0117kl\u0173 pakel\u012f\u00a0 galima\u00a0 palaikyti \u0161aldiklyje, 1-2 savaites.<\/p>\n<p>&nbsp;<\/p>\n","protected":false},"excerpt":{"rendered":"<div><em>Lavandula angustifolia <\/em><\/div>\n<div><strong>Gamintojas:\u00a0<\/strong>Olandija<\/div>\n<div><strong>Grup\u0117:<\/strong> daugiamet\u0117<\/div>\n<div><strong>Kiekis pakelyje: <\/strong>10 s\u0117kl\u0173<\/div>\n<div><strong>Auk\u0161tis cm: <\/strong>30- 40<\/div>\n<div><strong>S\u0117ti m\u0117n.: <\/strong>II-III<\/div>\n<div><strong>Vieta:<\/strong> saul\u0117ta<\/div>\n<div><strong>Dirva: <\/strong>laidi, priemolio, priesm\u0117lio, sausa<\/div>\n<div><strong>\u017diemos atsparumo zonos:<\/strong> Z5\u2013 Z9<\/div>\n","protected":false},"featured_media":39416,"comment_status":"open","ping_status":"closed","template":"","meta":{"jetpack_publicize_message":"","jetpack_publicize_feature_enabled":true,"jetpack_social_post_already_shared":false,"jetpack_social_options":{"image_generator_settings":{"template":"highway","default_image_id":0,"font":"","enabled":false},"version":2}},"product_brand":[],"product_cat":[126,268,42],"product_tag":[147,146,52,51],"class_list":{"0":"post-39412","1":"product","2":"type-product","3":"status-publish","4":"has-post-thumbnail","6":"product_cat-daugiameciu-geliu-seklos","7":"product_cat-levandos","8":"product_cat-seklos","9":"product_tag-lavandula","10":"product_tag-levanda","11":"product_tag-seeds","12":"product_tag-seklos","13":"product_shipping_class-seklos","15":"first","16":"instock","17":"shipping-taxable","18":"purchasable","19":"product-type-simple"},"jetpack_publicize_connections":[],"jetpack_sharing_enabled":true,"_links":{"self":[{"href":"https:\/\/geliurasa.lt\/index.php\/wp-json\/wp\/v2\/product\/39412","targetHints":{"allow":["GET"]}}],"collection":[{"href":"https:\/\/geliurasa.lt\/index.php\/wp-json\/wp\/v2\/product"}],"about":[{"href":"https:\/\/geliurasa.lt\/index.php\/wp-json\/wp\/v2\/types\/product"}],"replies":[{"embeddable":true,"href":"https:\/\/geliurasa.lt\/index.php\/wp-json\/wp\/v2\/comments?post=39412"}],"wp:featuredmedia":[{"embeddable":true,"href":"https:\/\/geliurasa.lt\/index.php\/wp-json\/wp\/v2\/media\/39416"}],"wp:attachment":[{"href":"https:\/\/geliurasa.lt\/index.php\/wp-json\/wp\/v2\/media?parent=39412"}],"wp:term":[{"taxonomy":"product_brand","embeddable":true,"href":"https:\/\/geliurasa.lt\/index.php\/wp-json\/wp\/v2\/product_brand?post=39412"},{"taxonomy":"product_cat","embeddable":true,"href":"https:\/\/geliurasa.lt\/index.php\/wp-json\/wp\/v2\/product_cat?post=39412"},{"taxonomy":"product_tag","embeddable":true,"href":"https:\/\/geliurasa.lt\/index.php\/wp-json\/wp\/v2\/product_tag?post=39412"}],"curies":[{"name":"wp","href":"https:\/\/api.w.org\/{rel}","templated":true}]}}