{"id":39479,"date":"2024-03-17T15:12:21","date_gmt":"2024-03-17T13:12:21","guid":{"rendered":"https:\/\/geliurasa.lt\/?post_type=product&#038;p=39479"},"modified":"2026-03-16T23:35:53","modified_gmt":"2026-03-16T21:35:53","slug":"purpurine-sunliele-mystery-rose","status":"publish","type":"product","link":"https:\/\/geliurasa.lt\/index.php\/produktas\/purpurine-sunliele-mystery-rose\/","title":{"rendered":"Purpurin\u0117 \u0161unliel\u0117 Mystery Rose"},"content":{"rendered":"<p>Eleganti\u0161kos, \u0161velniai ro\u017ein\u0117s smulkios g\u0117lyt\u0117s, atrodo kaip a\u017e\u016bras ant kereli\u0173, dar kitaip vadinamos kin\u0173 neu\u017emir\u0161tuol\u0117mis. Simpati\u0161kos g\u0117lyne.\u00a0Puikus u\u017epildas puok\u0161t\u0117ms. Vazoje i\u0161b\u016bna iki 7 dien\u0173. Galima skinti vos prasiskleidus pirmiesiems \u017eiedams. Stiebai turi b\u016bti tvirti, kad \u017eiedko\u010diai nelinkt\u0173.<\/p>\n<p>Lauke galima s\u0117ti nuo kovo iki bir\u017eelio m\u0117nesio. S\u0117jama \u012fprastai, lengvai dygsta. Kad pra\u017eyst\u0173 gegu\u017e\u0119, s\u0117jamos anksti saus\u012f namie. Ruden\u012f galima pasirinkti s\u0117kl\u0173 kitam sezonui.\u00a0 Nekaprizingas augalas.<\/p>\n","protected":false},"excerpt":{"rendered":"<div>Cynoglossum amabile<\/div>\n<div><strong>Gamintojas:\u00a0<\/strong>Olandija<\/div>\n<div><strong>Grup\u0117: <\/strong>vienmet\u0117<\/div>\n<div><strong>Kiekis pakelyje:<\/strong> 0,5 g \u00a0\u2248\u00a0 63 s\u0117klos<\/div>\n<div><strong>Auk\u0161tis cm: <\/strong>70<strong>&#8211;<\/strong>80<\/div>\n<div><strong>S\u0117ti m\u0117n.:<\/strong> IV- V<\/div>\n<div><strong>Vieta:<\/strong> saul\u0117ta, dalinis pav\u0117sis<\/div>\n<div><strong>Dirva: <\/strong>neutrali, dr\u0117gmei laidi<\/div>\n","protected":false},"featured_media":39481,"comment_status":"open","ping_status":"closed","template":"","meta":{"jetpack_publicize_message":"","jetpack_publicize_feature_enabled":true,"jetpack_social_post_already_shared":false,"jetpack_social_options":{"image_generator_settings":{"template":"highway","default_image_id":0,"font":"","enabled":false},"version":2}},"product_brand":[],"product_cat":[128,42],"product_tag":[52,51,272],"class_list":{"0":"post-39479","1":"product","2":"type-product","3":"status-publish","4":"has-post-thumbnail","6":"product_cat-vienmeciu-geliu-seklos","7":"product_cat-seklos","8":"product_tag-seeds","9":"product_tag-seklos","10":"product_tag-sunliele","11":"product_shipping_class-seklos","13":"first","14":"instock","15":"shipping-taxable","16":"purchasable","17":"product-type-simple"},"jetpack_publicize_connections":[],"jetpack_sharing_enabled":true,"_links":{"self":[{"href":"https:\/\/geliurasa.lt\/index.php\/wp-json\/wp\/v2\/product\/39479","targetHints":{"allow":["GET"]}}],"collection":[{"href":"https:\/\/geliurasa.lt\/index.php\/wp-json\/wp\/v2\/product"}],"about":[{"href":"https:\/\/geliurasa.lt\/index.php\/wp-json\/wp\/v2\/types\/product"}],"replies":[{"embeddable":true,"href":"https:\/\/geliurasa.lt\/index.php\/wp-json\/wp\/v2\/comments?post=39479"}],"wp:featuredmedia":[{"embeddable":true,"href":"https:\/\/geliurasa.lt\/index.php\/wp-json\/wp\/v2\/media\/39481"}],"wp:attachment":[{"href":"https:\/\/geliurasa.lt\/index.php\/wp-json\/wp\/v2\/media?parent=39479"}],"wp:term":[{"taxonomy":"product_brand","embeddable":true,"href":"https:\/\/geliurasa.lt\/index.php\/wp-json\/wp\/v2\/product_brand?post=39479"},{"taxonomy":"product_cat","embeddable":true,"href":"https:\/\/geliurasa.lt\/index.php\/wp-json\/wp\/v2\/product_cat?post=39479"},{"taxonomy":"product_tag","embeddable":true,"href":"https:\/\/geliurasa.lt\/index.php\/wp-json\/wp\/v2\/product_tag?post=39479"}],"curies":[{"name":"wp","href":"https:\/\/api.w.org\/{rel}","templated":true}]}}