{"id":39483,"date":"2024-03-17T14:45:08","date_gmt":"2024-03-17T12:45:08","guid":{"rendered":"https:\/\/geliurasa.lt\/?post_type=product&#038;p=39483"},"modified":"2026-03-22T16:02:48","modified_gmt":"2026-03-22T14:02:48","slug":"didysis-zioveinis-tetra-mixture","status":"publish","type":"product","link":"https:\/\/geliurasa.lt\/index.php\/produktas\/didysis-zioveinis-tetra-mixture\/","title":{"rendered":"Didysis \u017eioveinis Tetra Mixture"},"content":{"rendered":"<p>Auk\u0161ta\u016bgiai, ry\u0161kiaspalviai \u017eioveiniai.\u00a0 \u017diedai labai \u012fdomios tekst\u016bros, dvispalviai lyg su ta\u0161keliais, kiti su tamsesn\u0117mis gyslel\u0117mis. Mi\u0161inys sudarytas i\u0161 \u012fvairiausi\u0173 spalv\u0173 ir atspalvi\u0173. Tetra yra tetraploido trumpinys, tai puikus pigi\u0173 hibridini\u0173 \u017eioveini\u0173 variantas. Stiebai tvirti, labai tinka skynimui.<\/p>\n<p>Prad\u0117ti s\u0117j\u0105 galima patalpose, v\u0117liau \u0161iltnamyje, gegu\u017e\u0119 lauke. Taip \u017eyd\u0117s skirtingu laiku iki v\u0117lyvo rudens. Pavir\u0161inis s\u0117jamas ant dr\u0117gno, bet gerai nusausinto s\u0117kl\u0173 komposto. Dygimui reikalinga \u0161viesa. Sudygsta per 10-20 dien\u0173, prie apytiksliai 18-20\u00b0C. \u017dioveiniai m\u0117gsta v\u0117sesn\u012f or\u0105, tad sudygus galima laikyti v\u0117siau. Daigeliams paaugus iki 6 tikr\u0173j\u0173 lapeli\u0173, nugnybiama vir\u0161\u016bn\u0117l\u0117, kad formuot\u0173si kr\u016bmas. Kuo labiau skinami \u017eiedai, tuo daugiau suformuoja \u017eiedyn\u0173. Nu\u017eyd\u0117jusius b\u016btina nuskinti.<\/p>\n<p>&nbsp;<\/p>\n","protected":false},"excerpt":{"rendered":"<div>Antirrhinum majus maximum<\/div>\n<div><strong>Gamintojas:\u00a0<\/strong>Olandija<\/div>\n<div><strong>Grup\u0117: <\/strong>vienmet\u0117<\/div>\n<div><strong>Kiekis pakelyje:<\/strong> 0,5 g<\/div>\n<div><strong>Auk\u0161tis cm: <\/strong>70<\/div>\n<div><strong>S\u0117ti m\u0117n.:<\/strong> II- V<\/div>\n<div><strong>Vieta:<\/strong> saul\u0117ta, dalinis pav\u0117sis<\/div>\n<div><strong>Dirva: <\/strong>neutrali, dr\u0117gmei laidi<\/div>\n","protected":false},"featured_media":39489,"comment_status":"open","ping_status":"closed","template":"","meta":{"jetpack_publicize_message":"","jetpack_publicize_feature_enabled":true,"jetpack_social_post_already_shared":true,"jetpack_social_options":{"image_generator_settings":{"template":"highway","default_image_id":0,"font":"","enabled":false},"version":2}},"product_brand":[],"product_cat":[42,128,273],"product_tag":[274,52,51,206],"class_list":{"0":"post-39483","1":"product","2":"type-product","3":"status-publish","4":"has-post-thumbnail","6":"product_cat-seklos","7":"product_cat-vienmeciu-geliu-seklos","8":"product_cat-zioveiniai","9":"product_tag-antirrhinum","10":"product_tag-seeds","11":"product_tag-seklos","12":"product_tag-zioveinis","13":"product_shipping_class-seklos","15":"first","16":"instock","17":"shipping-taxable","18":"purchasable","19":"product-type-simple"},"jetpack_publicize_connections":[],"jetpack_sharing_enabled":true,"_links":{"self":[{"href":"https:\/\/geliurasa.lt\/index.php\/wp-json\/wp\/v2\/product\/39483","targetHints":{"allow":["GET"]}}],"collection":[{"href":"https:\/\/geliurasa.lt\/index.php\/wp-json\/wp\/v2\/product"}],"about":[{"href":"https:\/\/geliurasa.lt\/index.php\/wp-json\/wp\/v2\/types\/product"}],"replies":[{"embeddable":true,"href":"https:\/\/geliurasa.lt\/index.php\/wp-json\/wp\/v2\/comments?post=39483"}],"wp:featuredmedia":[{"embeddable":true,"href":"https:\/\/geliurasa.lt\/index.php\/wp-json\/wp\/v2\/media\/39489"}],"wp:attachment":[{"href":"https:\/\/geliurasa.lt\/index.php\/wp-json\/wp\/v2\/media?parent=39483"}],"wp:term":[{"taxonomy":"product_brand","embeddable":true,"href":"https:\/\/geliurasa.lt\/index.php\/wp-json\/wp\/v2\/product_brand?post=39483"},{"taxonomy":"product_cat","embeddable":true,"href":"https:\/\/geliurasa.lt\/index.php\/wp-json\/wp\/v2\/product_cat?post=39483"},{"taxonomy":"product_tag","embeddable":true,"href":"https:\/\/geliurasa.lt\/index.php\/wp-json\/wp\/v2\/product_tag?post=39483"}],"curies":[{"name":"wp","href":"https:\/\/api.w.org\/{rel}","templated":true}]}}