{"id":39530,"date":"2024-03-17T15:10:11","date_gmt":"2024-03-17T13:10:11","guid":{"rendered":"https:\/\/geliurasa.lt\/?post_type=product&#038;p=39530"},"modified":"2026-02-26T21:14:58","modified_gmt":"2026-02-26T19:14:58","slug":"vainikine-pluke-mona-lisa-wine-white-bicolor","status":"publish","type":"product","link":"https:\/\/geliurasa.lt\/index.php\/produktas\/vainikine-pluke-mona-lisa-wine-white-bicolor\/","title":{"rendered":"Vainikin\u0117 pluk\u0117 Mona  Lisa Wine White Bicolor"},"content":{"rendered":"<p>\u0160i hibridin\u0117 pluk\u0117 sukuria \u017eaving\u0105 dvispalv\u012f efekt\u0105, spalv\u0173 atspalviai kei\u010dia vienas kit\u0105 &#8211; lyg teptuko pot\u0117piai ant drob\u0117s. I\u0161skirtinis, sunkiai apib\u016bdinamas \u017eiedo gro\u017eis.\u00a0 Kiekvienas subrend\u0119s augalas per sezon\u0105 i\u0161leid\u017eia iki 18 stor\u0173, tvirt\u0173 stieb\u0173, laikan\u010di\u0173 dideles g\u0117les.\u00a0Pluk\u0117s gars\u0117ja savo geb\u0117jimu augti prasto ap\u0161vietimo s\u0105lygomis ir vis dar gausiai \u017eyd\u0117ti. Ilgai \u017eydi ruden\u012f, v\u0117sesniu oru, iki lapkri\u010dio. Ramyb\u0117s metu laikomos sausai, gumbeliai i\u0161kasami ir i\u0161d\u017eiovinami.<\/p>\n<p><span style=\"font-size: 10.5pt; font-family: 'Arial',sans-serif; color: #333333;\">S\u0117jama\u00a0 1 mm gylyje \u012f dr\u0117gn\u0105 gerai nusausint\u0105 s\u0117kl\u0173 kompost\u0105. Dygsta 2-4 savaites, 15-21\u00b0C temperat\u016broje. D\u0117l greitesnio s\u0117kl\u0173 dygimo, rekomenduojamas \u0161altasis periodas, s\u0117kl\u0173 pakel\u012f 1-2 savaites palaikyti \u0161aldiklyje. \u017dydi po 20 savai\u010di\u0173, skai\u010diuojant po sudygimo. \u012e kvadratin\u012f metr\u0105 telpa 20-40 augal\u0173.<\/span><\/p>\n<p>&nbsp;<\/p>\n","protected":false},"excerpt":{"rendered":"<div>Anemone coronaria<\/div>\n<div><strong>Gamintojas:\u00a0<\/strong>Olandija<\/div>\n<div><strong>Kiekis pakelyje:<\/strong> 5 s\u0117klos<\/div>\n<div><strong>Auk\u0161tis cm: <\/strong>20-30<\/div>\n<div><strong>S\u0117ti m\u0117n.: <\/strong>I-IV<\/div>\n<div><strong>Vieta:<\/strong> saul\u0117ta, dalinis pav\u0117sis<\/div>\n<div><strong>Dirva:<\/strong> derlinga, dr\u0117gmei laidi<\/div>\n","protected":false},"featured_media":39531,"comment_status":"open","ping_status":"closed","template":"","meta":{"jetpack_publicize_message":"","jetpack_publicize_feature_enabled":true,"jetpack_social_post_already_shared":true,"jetpack_social_options":{"image_generator_settings":{"template":"highway","default_image_id":0,"font":"","enabled":false},"version":2}},"product_brand":[],"product_cat":[126,42],"product_tag":[85,261,52],"class_list":{"0":"post-39530","1":"product","2":"type-product","3":"status-publish","4":"has-post-thumbnail","6":"product_cat-daugiameciu-geliu-seklos","7":"product_cat-seklos","8":"product_tag-anemone","9":"product_tag-pluke","10":"product_tag-seeds","11":"product_shipping_class-seklos","13":"first","14":"instock","15":"shipping-taxable","16":"purchasable","17":"product-type-simple"},"jetpack_publicize_connections":[],"jetpack_sharing_enabled":true,"_links":{"self":[{"href":"https:\/\/geliurasa.lt\/index.php\/wp-json\/wp\/v2\/product\/39530","targetHints":{"allow":["GET"]}}],"collection":[{"href":"https:\/\/geliurasa.lt\/index.php\/wp-json\/wp\/v2\/product"}],"about":[{"href":"https:\/\/geliurasa.lt\/index.php\/wp-json\/wp\/v2\/types\/product"}],"replies":[{"embeddable":true,"href":"https:\/\/geliurasa.lt\/index.php\/wp-json\/wp\/v2\/comments?post=39530"}],"wp:featuredmedia":[{"embeddable":true,"href":"https:\/\/geliurasa.lt\/index.php\/wp-json\/wp\/v2\/media\/39531"}],"wp:attachment":[{"href":"https:\/\/geliurasa.lt\/index.php\/wp-json\/wp\/v2\/media?parent=39530"}],"wp:term":[{"taxonomy":"product_brand","embeddable":true,"href":"https:\/\/geliurasa.lt\/index.php\/wp-json\/wp\/v2\/product_brand?post=39530"},{"taxonomy":"product_cat","embeddable":true,"href":"https:\/\/geliurasa.lt\/index.php\/wp-json\/wp\/v2\/product_cat?post=39530"},{"taxonomy":"product_tag","embeddable":true,"href":"https:\/\/geliurasa.lt\/index.php\/wp-json\/wp\/v2\/product_tag?post=39530"}],"curies":[{"name":"wp","href":"https:\/\/api.w.org\/{rel}","templated":true}]}}