{"id":39547,"date":"2024-03-17T15:07:05","date_gmt":"2024-03-17T13:07:05","guid":{"rendered":"https:\/\/geliurasa.lt\/?post_type=product&#038;p=39547"},"modified":"2026-04-17T06:33:40","modified_gmt":"2026-04-17T03:33:40","slug":"lenktaziedis-trimicius-kew-blue","status":"publish","type":"product","link":"https:\/\/geliurasa.lt\/index.php\/produktas\/lenktaziedis-trimicius-kew-blue\/","title":{"rendered":"Lenkta\u017eiedis trimi\u010dius  Kew Blue"},"content":{"rendered":"<p>Spalvinga &#8211; i\u0161 And\u0173 kilusi, ypa\u010d ry\u0161ki, aksomin\u0117s tekst\u016bros trimito formos \u017eiedais, vienmet\u0117 g\u0117l\u0117. Gysloti kekiniai \u017eiedai primena alstremerij\u0105. Kew Blue g<span class=\"jCAhz ChMk0b\"><span class=\"ryNqvb\">iliai m\u0117lyni \u017eiedai su tamsiai ka\u0161tonin\u0117mis d\u0117m\u0117mis einan\u010diomis i\u0161 centro. Aksominis \u017eiedlapi\u0173 mink\u0161tumas ir \u017eiedo forma sukuria i\u0161skirtin\u012f spalvos gyl\u012f. S\u0117ti lauke, pavir\u0161iuje, dygsta 2-7 dienas. Trimi\u010dius\u00a0 pakantus sausrai, gerai jau\u010diasi pav\u0117syje, kar\u0161toje saul\u0117je\u00a0 \u0161iek tiek ma\u017eiau \u017eydi. \u017diedai d\u017eiugina vis\u0105 sezon\u0105 iki v\u0117lyvo rudens, puikiai laikosi vazoje. G\u0117lynuose gra\u017eus kaip foninis augalas.<\/span><\/span><\/p>\n<p>&nbsp;<\/p>\n","protected":false},"excerpt":{"rendered":"<p>Salpiglossis sinuata<br \/>\nGamintojas:\u00a0Olandija<br \/>\nGrup\u0117: vienmet\u0117<br \/>\nKiekis pakelyje: 0,1g<br \/>\nAuk\u0161tis cm: 80<br \/>\nS\u0117ti m\u0117n.: IV-V<br \/>\nVieta: saul\u0117ta, dalinis pav\u0117sis<br \/>\nDirva: neutrali<\/p>\n","protected":false},"featured_media":39555,"comment_status":"open","ping_status":"closed","template":"","meta":{"jetpack_publicize_message":"","jetpack_publicize_feature_enabled":true,"jetpack_social_post_already_shared":false,"jetpack_social_options":{"image_generator_settings":{"template":"highway","default_image_id":0,"font":"","enabled":false},"version":2}},"product_brand":[],"product_cat":[42,275,128],"product_tag":[252,52,51,253],"class_list":{"0":"post-39547","1":"product","2":"type-product","3":"status-publish","4":"has-post-thumbnail","6":"product_cat-seklos","7":"product_cat-trimiciai","8":"product_cat-vienmeciu-geliu-seklos","9":"product_tag-salpiglossis","10":"product_tag-seeds","11":"product_tag-seklos","12":"product_tag-trimicius","13":"product_shipping_class-seklos","15":"first","16":"instock","17":"shipping-taxable","18":"purchasable","19":"product-type-simple"},"jetpack_publicize_connections":[],"jetpack_sharing_enabled":true,"_links":{"self":[{"href":"https:\/\/geliurasa.lt\/index.php\/wp-json\/wp\/v2\/product\/39547","targetHints":{"allow":["GET"]}}],"collection":[{"href":"https:\/\/geliurasa.lt\/index.php\/wp-json\/wp\/v2\/product"}],"about":[{"href":"https:\/\/geliurasa.lt\/index.php\/wp-json\/wp\/v2\/types\/product"}],"replies":[{"embeddable":true,"href":"https:\/\/geliurasa.lt\/index.php\/wp-json\/wp\/v2\/comments?post=39547"}],"wp:featuredmedia":[{"embeddable":true,"href":"https:\/\/geliurasa.lt\/index.php\/wp-json\/wp\/v2\/media\/39555"}],"wp:attachment":[{"href":"https:\/\/geliurasa.lt\/index.php\/wp-json\/wp\/v2\/media?parent=39547"}],"wp:term":[{"taxonomy":"product_brand","embeddable":true,"href":"https:\/\/geliurasa.lt\/index.php\/wp-json\/wp\/v2\/product_brand?post=39547"},{"taxonomy":"product_cat","embeddable":true,"href":"https:\/\/geliurasa.lt\/index.php\/wp-json\/wp\/v2\/product_cat?post=39547"},{"taxonomy":"product_tag","embeddable":true,"href":"https:\/\/geliurasa.lt\/index.php\/wp-json\/wp\/v2\/product_tag?post=39547"}],"curies":[{"name":"wp","href":"https:\/\/api.w.org\/{rel}","templated":true}]}}