{"id":39548,"date":"2024-03-17T15:09:01","date_gmt":"2024-03-17T13:09:01","guid":{"rendered":"https:\/\/geliurasa.lt\/?post_type=product&#038;p=39548"},"modified":"2026-04-17T06:33:40","modified_gmt":"2026-04-17T03:33:40","slug":"lenktaziedis-trimicius-cafe-au-lait","status":"publish","type":"product","link":"https:\/\/geliurasa.lt\/index.php\/produktas\/lenktaziedis-trimicius-cafe-au-lait\/","title":{"rendered":"Lenkta\u017eiedis trimi\u010dius Cafe au Lait"},"content":{"rendered":"<p>Labai \u012fdomios spalvos, vidutinio \u016bgio trimi\u010dius. Vieni \u017eiedai lyg blizginto \u017ealvario su ka\u0161toniniais ra\u0161tais, kiti \u0161okoladini\u0173 atspalvi\u0173. Centras i\u0161ry\u0161kintas aukso \u017eiedadulk\u0117mis. S\u0117ti lauke, pavir\u0161iuje, dygsta 2-7 dienas. Trimi\u010dius\u00a0 pakantus sausrai, gerai jau\u010diasi pav\u0117syje, kar\u0161toje saul\u0117je\u00a0 \u0161iek tiek ma\u017eiau \u017eydi. \u017diedai d\u017eiugina vis\u0105 sezon\u0105 iki v\u0117lyvo rudens, puikiai laikosi vazoje.<\/p>\n<p>&nbsp;<\/p>\n","protected":false},"excerpt":{"rendered":"<p>Salpiglossis sinuata<br \/>\nGamintojas:\u00a0Olandija<br \/>\nGrup\u0117: vienmet\u0117<br \/>\nKiekis pakelyje: 30 s\u0117kl\u0173<br \/>\nAuk\u0161tis cm: 45<br \/>\nS\u0117ti m\u0117n.: IV-V<br \/>\nVieta: saul\u0117ta, dalinis pav\u0117sis<br \/>\nDirva: neutrali<\/p>\n","protected":false},"featured_media":39561,"comment_status":"open","ping_status":"closed","template":"","meta":{"jetpack_publicize_message":"","jetpack_publicize_feature_enabled":true,"jetpack_social_post_already_shared":true,"jetpack_social_options":{"image_generator_settings":{"template":"highway","default_image_id":0,"font":"","enabled":false},"version":2}},"product_brand":[],"product_cat":[42,275,128],"product_tag":[252,52,51,253],"class_list":{"0":"post-39548","1":"product","2":"type-product","3":"status-publish","4":"has-post-thumbnail","6":"product_cat-seklos","7":"product_cat-trimiciai","8":"product_cat-vienmeciu-geliu-seklos","9":"product_tag-salpiglossis","10":"product_tag-seeds","11":"product_tag-seklos","12":"product_tag-trimicius","13":"product_shipping_class-seklos","15":"first","16":"instock","17":"shipping-taxable","18":"purchasable","19":"product-type-simple"},"jetpack_publicize_connections":[],"jetpack_sharing_enabled":true,"_links":{"self":[{"href":"https:\/\/geliurasa.lt\/index.php\/wp-json\/wp\/v2\/product\/39548","targetHints":{"allow":["GET"]}}],"collection":[{"href":"https:\/\/geliurasa.lt\/index.php\/wp-json\/wp\/v2\/product"}],"about":[{"href":"https:\/\/geliurasa.lt\/index.php\/wp-json\/wp\/v2\/types\/product"}],"replies":[{"embeddable":true,"href":"https:\/\/geliurasa.lt\/index.php\/wp-json\/wp\/v2\/comments?post=39548"}],"wp:featuredmedia":[{"embeddable":true,"href":"https:\/\/geliurasa.lt\/index.php\/wp-json\/wp\/v2\/media\/39561"}],"wp:attachment":[{"href":"https:\/\/geliurasa.lt\/index.php\/wp-json\/wp\/v2\/media?parent=39548"}],"wp:term":[{"taxonomy":"product_brand","embeddable":true,"href":"https:\/\/geliurasa.lt\/index.php\/wp-json\/wp\/v2\/product_brand?post=39548"},{"taxonomy":"product_cat","embeddable":true,"href":"https:\/\/geliurasa.lt\/index.php\/wp-json\/wp\/v2\/product_cat?post=39548"},{"taxonomy":"product_tag","embeddable":true,"href":"https:\/\/geliurasa.lt\/index.php\/wp-json\/wp\/v2\/product_tag?post=39548"}],"curies":[{"name":"wp","href":"https:\/\/api.w.org\/{rel}","templated":true}]}}