{"id":39562,"date":"2024-03-17T15:08:42","date_gmt":"2024-03-17T13:08:42","guid":{"rendered":"https:\/\/geliurasa.lt\/?post_type=product&#038;p=39562"},"modified":"2026-03-16T18:38:44","modified_gmt":"2026-03-16T16:38:44","slug":"lenktaziedis-trimicius-f1-royale","status":"publish","type":"product","link":"https:\/\/geliurasa.lt\/index.php\/produktas\/lenktaziedis-trimicius-f1-royale\/","title":{"rendered":"Lenkta\u017eiedis trimi\u010dius F1 Royale"},"content":{"rendered":"<p>Spalvinga &#8211; i\u0161 And\u0173 kilusi, ypa\u010d ry\u0161ki, aksomin\u0117s tekst\u016bros trimito formos \u017eiedais, vienmet\u0117 g\u0117l\u0117. Gysloti kekiniai \u017eiedai primena alstremerij\u0105.\u00a0 Aksominis \u017eiedlapi\u0173 mink\u0161tumas ir \u017eiedo forma sukuria i\u0161skirtin\u012f spalvos gyl\u012f. \u0160is hibridinis trimi\u010dius auga kompakti\u0161ku kereliu, stiebus leid\u017eia\u00a0 i\u0161 apa\u010dios. Skinant \u017eydi dar labiau. Trimi\u010dius\u00a0 pakantus sausrai, gerai jau\u010diasi pav\u0117syje, kar\u0161toje saul\u0117je\u00a0 \u0161iek tiek ma\u017eiau \u017eydi. \u017diedai d\u017eiugina vis\u0105 sezon\u0105 iki v\u0117lyvo rudens, puikiai laikosi vazoje. S\u0117ti nuo sausio vidurio iki kovo vidurio. Paprastai sudygsta\u00a0 per 14-30 dien\u0173. Daigus \u012f lauk\u0105 sodinti po paskutini\u0173 \u0161aln\u0173.<\/p>\n<div class=\"block mt-1 mb-2\">\n<div class=\"flex flex-col justify-between lg:flex-row lg:items-center\">\n<div class=\"uppercase text-xs text-disabled lg:inline my-auto leading-6\"><\/div>\n<\/div>\n<\/div>\n","protected":false},"excerpt":{"rendered":"<div>\n<div>Salpiglossis sinuata<\/div>\n<div><strong>Gamintojas:\u00a0<\/strong>Olandija<\/div>\n<div><strong>Grup\u0117: <\/strong>vienmet\u0117<\/div>\n<div><strong>Kiekis pakelyje:<\/strong> 10 s\u0117kl\u0173<\/div>\n<div><strong>Auk\u0161tis cm:<\/strong>45-60<\/div>\n<div><strong>S\u0117ti m\u0117n.:<\/strong> II-III<\/div>\n<div><strong>Vieta:<\/strong> saul\u0117ta, dalinis pav\u0117sis<\/div>\n<div><strong>Dirva: <\/strong>neutrali<\/div>\n<\/div>\n<div><\/div>\n","protected":false},"featured_media":39568,"comment_status":"open","ping_status":"closed","template":"","meta":{"jetpack_publicize_message":"","jetpack_publicize_feature_enabled":true,"jetpack_social_post_already_shared":false,"jetpack_social_options":{"image_generator_settings":{"template":"highway","default_image_id":0,"font":"","enabled":false},"version":2}},"product_brand":[],"product_cat":[42,275,128],"product_tag":[252,52,51,253],"class_list":{"0":"post-39562","1":"product","2":"type-product","3":"status-publish","4":"has-post-thumbnail","6":"product_cat-seklos","7":"product_cat-trimiciai","8":"product_cat-vienmeciu-geliu-seklos","9":"product_tag-salpiglossis","10":"product_tag-seeds","11":"product_tag-seklos","12":"product_tag-trimicius","13":"product_shipping_class-seklos","15":"first","16":"instock","17":"shipping-taxable","18":"purchasable","19":"product-type-variable"},"jetpack_publicize_connections":[],"jetpack_sharing_enabled":true,"_links":{"self":[{"href":"https:\/\/geliurasa.lt\/index.php\/wp-json\/wp\/v2\/product\/39562","targetHints":{"allow":["GET"]}}],"collection":[{"href":"https:\/\/geliurasa.lt\/index.php\/wp-json\/wp\/v2\/product"}],"about":[{"href":"https:\/\/geliurasa.lt\/index.php\/wp-json\/wp\/v2\/types\/product"}],"replies":[{"embeddable":true,"href":"https:\/\/geliurasa.lt\/index.php\/wp-json\/wp\/v2\/comments?post=39562"}],"wp:featuredmedia":[{"embeddable":true,"href":"https:\/\/geliurasa.lt\/index.php\/wp-json\/wp\/v2\/media\/39568"}],"wp:attachment":[{"href":"https:\/\/geliurasa.lt\/index.php\/wp-json\/wp\/v2\/media?parent=39562"}],"wp:term":[{"taxonomy":"product_brand","embeddable":true,"href":"https:\/\/geliurasa.lt\/index.php\/wp-json\/wp\/v2\/product_brand?post=39562"},{"taxonomy":"product_cat","embeddable":true,"href":"https:\/\/geliurasa.lt\/index.php\/wp-json\/wp\/v2\/product_cat?post=39562"},{"taxonomy":"product_tag","embeddable":true,"href":"https:\/\/geliurasa.lt\/index.php\/wp-json\/wp\/v2\/product_tag?post=39562"}],"curies":[{"name":"wp","href":"https:\/\/api.w.org\/{rel}","templated":true}]}}