{"id":39664,"date":"2024-03-17T14:53:47","date_gmt":"2024-03-17T12:53:47","guid":{"rendered":"https:\/\/geliurasa.lt\/?post_type=product&#038;p=39664"},"modified":"2026-03-23T12:16:26","modified_gmt":"2026-03-23T10:16:26","slug":"aukstoji-piliaroze-ficifolia","status":"publish","type":"product","link":"https:\/\/geliurasa.lt\/index.php\/produktas\/aukstoji-piliaroze-ficifolia\/","title":{"rendered":"Auk\u0161toji piliaro\u017e\u0117 Ficifolia"},"content":{"rendered":"<p>\u017davingos tu\u0161\u010diavidur\u0117s piliaro\u017e\u0117s. Ry\u0161kiaspalvi\u0173 bei pastelini\u0173 atspalvi\u0173 mi\u0161inys. Ficifolia yra atsparesn\u0117 r\u016bdims, nei pilnavidur\u0117s piliaro\u017e\u0117s.<\/p>\n<p><span class=\"jCAhz ChMk0b\"><span class=\"ryNqvb\">S\u0117klos s\u0117jamos pavir\u0161iuje 20 mm atstumu viena nuo kitos ant dr\u0117gnos dirvos, vos pridengiant. Ideali dygimo temp. 15-20\u00b0C. Sudygsta 7- 10 dien\u0173.\u00a0<\/span><\/span><\/p>\n<p>&nbsp;<\/p>\n","protected":false},"excerpt":{"rendered":"<div>Alcea rosea singleflowered<\/div>\n<div><strong>Gamintojas:\u00a0<\/strong>Olandija<\/div>\n<div><strong>Grup\u0117:<\/strong>\u00a0 dvimet\u0117<\/div>\n<div><strong>Kiekis pakelyje:<\/strong> 0,5 g<\/div>\n<div><strong>Auk\u0161tis cm:<\/strong> 150<\/div>\n<div><strong>S\u0117ti m\u0117n.:<\/strong> II-VIII<\/div>\n<div><strong>Vieta:<\/strong> saul\u0117ta<\/div>\n<div><strong>Dirva:<\/strong> \u012fvairi, neutrali<\/div>\n","protected":false},"featured_media":39689,"comment_status":"open","ping_status":"closed","template":"","meta":{"jetpack_publicize_message":"","jetpack_publicize_feature_enabled":true,"jetpack_social_post_already_shared":false,"jetpack_social_options":{"image_generator_settings":{"template":"highway","default_image_id":0,"font":"","enabled":false},"version":2}},"product_brand":[],"product_cat":[134,99,282,42],"product_tag":[280,281,52,51],"class_list":{"0":"post-39664","1":"product","2":"type-product","3":"status-publish","4":"has-post-thumbnail","6":"product_cat-dvimetes-geliu-seklos","7":"product_cat-naujos-prekes","8":"product_cat-piliarozes","9":"product_cat-seklos","10":"product_tag-alcea","11":"product_tag-piliaroze","12":"product_tag-seeds","13":"product_tag-seklos","14":"product_shipping_class-seklos","16":"first","17":"instock","18":"shipping-taxable","19":"purchasable","20":"product-type-simple"},"jetpack_publicize_connections":[],"jetpack_sharing_enabled":true,"_links":{"self":[{"href":"https:\/\/geliurasa.lt\/index.php\/wp-json\/wp\/v2\/product\/39664","targetHints":{"allow":["GET"]}}],"collection":[{"href":"https:\/\/geliurasa.lt\/index.php\/wp-json\/wp\/v2\/product"}],"about":[{"href":"https:\/\/geliurasa.lt\/index.php\/wp-json\/wp\/v2\/types\/product"}],"replies":[{"embeddable":true,"href":"https:\/\/geliurasa.lt\/index.php\/wp-json\/wp\/v2\/comments?post=39664"}],"wp:featuredmedia":[{"embeddable":true,"href":"https:\/\/geliurasa.lt\/index.php\/wp-json\/wp\/v2\/media\/39689"}],"wp:attachment":[{"href":"https:\/\/geliurasa.lt\/index.php\/wp-json\/wp\/v2\/media?parent=39664"}],"wp:term":[{"taxonomy":"product_brand","embeddable":true,"href":"https:\/\/geliurasa.lt\/index.php\/wp-json\/wp\/v2\/product_brand?post=39664"},{"taxonomy":"product_cat","embeddable":true,"href":"https:\/\/geliurasa.lt\/index.php\/wp-json\/wp\/v2\/product_cat?post=39664"},{"taxonomy":"product_tag","embeddable":true,"href":"https:\/\/geliurasa.lt\/index.php\/wp-json\/wp\/v2\/product_tag?post=39664"}],"curies":[{"name":"wp","href":"https:\/\/api.w.org\/{rel}","templated":true}]}}