{"id":39699,"date":"2024-03-07T21:22:32","date_gmt":"2024-03-07T19:22:32","guid":{"rendered":"https:\/\/geliurasa.lt\/?post_type=product&#038;p=39699"},"modified":"2026-01-29T21:11:06","modified_gmt":"2026-01-29T19:11:06","slug":"lipnusis-dekoratyvinis-agurkas-dipsaceus","status":"publish","type":"product","link":"https:\/\/geliurasa.lt\/index.php\/produktas\/lipnusis-dekoratyvinis-agurkas-dipsaceus\/","title":{"rendered":"Lipnusis dekoratyvinis agurkas Dipsaceus"},"content":{"rendered":"<p>Madagaskare ir Afrikoje naudojami kaip maistas ir vaistinis augalas t\u016bkstan\u010dius met\u0173. Kai jie dar ma\u017ei ir \u017eali yra gana kartaus skonio. Labai, ypa\u010d kart\u016bs, kai dideli ir ry\u0161kiai geltoni! Visi\u0161kai kar\u010diausias dalykas pasaulyje. \u017dalio vaisiaus ir geltono skonio skirtumas yra akivaizdus. Bet yra prie\u017eas\u010di\u0173, d\u0117l ko verta \u0161iuos agurkus auginti. Pirmiausia \u00a0jie labai dekoratyv\u016bs, gra\u017e\u016bs cilindriniai \u0161viesiai \u017eali, o subrend\u0119 geltoni. Vaisiai su mink\u0161tais spygliukais. Ilgai laikosi nuskinti.<\/p>\n<p>100% saugus \u017emon\u0117ms, \u0161unims, kat\u0117ms, arkliams ir kitiems gyv\u016bnams, nes skonis bjaurus&#8230; Puikiai tinka norint sustabdyti gyv\u016bnus nuo daikt\u0173 gadinimo, pvz:. \u0161uo kramto daiktus. Vaismed\u017ei\u0173 apsaugai nuo ki\u0161ki\u0173 ar stirn\u0173. Net galima atprasti nuo nag\u0173 kramtymo. Kad ir kas tai b\u016bt\u0173, tereikia u\u017etepti \u0161iek tiek sul\u010di\u0173 ir tai i\u0161kart baigsis! Perpjauti ry\u0161kiai gelton\u0105 agurk\u0117l\u012f per pus\u0119 ir \u012ftrinti pavir\u0161i\u0173. Galima i\u0161spausti sultis, kaip i\u0161 apelsin\u0173, perko\u0161ti. Vienam puodeliui sul\u010di\u0173 pilama 2 puodeliai vandens ir tiesiog u\u017etepama teptuku ant viet\u0173, kur reikia. Likutis u\u017e\u0161aldomas kitam kartui. Sultys netepa ir nenuodingos. Galima naudoti net apsaugai nuo vabzd\u017ei\u0173.<\/p>\n<p>\u0160ilumam\u0117giai, auginami i\u0161 daig\u0173. Gali vyniotis ant atram\u0173 kaip vynuog\u0117s, bet puikiai auga gul\u0117dami ir ant \u017eem\u0117s.<\/p>\n","protected":false},"excerpt":{"rendered":"<div>\n<h4 class=\"product_title entry-title\">Cucumis dipsaceus<\/h4>\n<\/div>\n<div><strong>Gamintojas:\u00a0<\/strong>Olandija<\/div>\n<div><strong>Grup\u0117:<\/strong>\u00a0 vienmet\u0117<\/div>\n<div><strong>Kiekis pakelyje:<\/strong> 10 s\u0117kl\u0173<\/div>\n<div><strong>Auk\u0161tis cm:<\/strong> 150-200<\/div>\n<div><strong>S\u0117ti m\u0117n.:<\/strong> III-IV<\/div>\n<div><strong>Vieta:<\/strong> saul\u0117ta<\/div>\n<div><strong>Dirva:<\/strong> \u012fvairi, neutrali<\/div>\n","protected":false},"featured_media":39706,"comment_status":"open","ping_status":"closed","template":"","meta":{"jetpack_publicize_message":"","jetpack_publicize_feature_enabled":true,"jetpack_social_post_already_shared":true,"jetpack_social_options":{"image_generator_settings":{"template":"highway","default_image_id":0,"font":"","enabled":false},"version":2}},"product_brand":[],"product_cat":[196,42,128],"product_tag":[52,51],"class_list":{"0":"post-39699","1":"product","2":"type-product","3":"status-publish","4":"has-post-thumbnail","6":"product_cat-dekoratyviniai-moliugeliai","7":"product_cat-seklos","8":"product_cat-vienmeciu-geliu-seklos","9":"product_tag-seeds","10":"product_tag-seklos","11":"product_shipping_class-seklos","13":"first","14":"instock","15":"shipping-taxable","16":"purchasable","17":"product-type-simple"},"jetpack_publicize_connections":[],"jetpack_sharing_enabled":true,"_links":{"self":[{"href":"https:\/\/geliurasa.lt\/index.php\/wp-json\/wp\/v2\/product\/39699","targetHints":{"allow":["GET"]}}],"collection":[{"href":"https:\/\/geliurasa.lt\/index.php\/wp-json\/wp\/v2\/product"}],"about":[{"href":"https:\/\/geliurasa.lt\/index.php\/wp-json\/wp\/v2\/types\/product"}],"replies":[{"embeddable":true,"href":"https:\/\/geliurasa.lt\/index.php\/wp-json\/wp\/v2\/comments?post=39699"}],"wp:featuredmedia":[{"embeddable":true,"href":"https:\/\/geliurasa.lt\/index.php\/wp-json\/wp\/v2\/media\/39706"}],"wp:attachment":[{"href":"https:\/\/geliurasa.lt\/index.php\/wp-json\/wp\/v2\/media?parent=39699"}],"wp:term":[{"taxonomy":"product_brand","embeddable":true,"href":"https:\/\/geliurasa.lt\/index.php\/wp-json\/wp\/v2\/product_brand?post=39699"},{"taxonomy":"product_cat","embeddable":true,"href":"https:\/\/geliurasa.lt\/index.php\/wp-json\/wp\/v2\/product_cat?post=39699"},{"taxonomy":"product_tag","embeddable":true,"href":"https:\/\/geliurasa.lt\/index.php\/wp-json\/wp\/v2\/product_tag?post=39699"}],"curies":[{"name":"wp","href":"https:\/\/api.w.org\/{rel}","templated":true}]}}