{"id":39733,"date":"2024-03-17T14:54:46","date_gmt":"2024-03-17T12:54:46","guid":{"rendered":"https:\/\/geliurasa.lt\/?post_type=product&#038;p=39733"},"modified":"2026-04-01T17:52:17","modified_gmt":"2026-04-01T14:52:17","slug":"aukstoji-piliaroze-chaters-golden-yellow-white-rose-maroon","status":"publish","type":"product","link":"https:\/\/geliurasa.lt\/index.php\/produktas\/aukstoji-piliaroze-chaters-golden-yellow-white-rose-maroon\/","title":{"rendered":"Auk\u0161toji piliaro\u017e\u0117 Chater\u2019s Golden Yellow, White, Rose, Maroon"},"content":{"rendered":"<p>Bij\u016bnin\u0117s Chater\u2019s piliaro\u017e\u0117s, tvirtais stiebais, tankiai aplipusios stambiais pur\u0117tais \u017eiedais, lyg kamuoliukais. Pas\u0117tos <span class=\"jCAhz ChMk0b\"><span class=\"ryNqvb\">patalpoje i\u0161sodinamos daigais po \u0161aln\u0173. <\/span><\/span><span class=\"jCAhz ChMk0b\"><span class=\"ryNqvb\">\u017dyd\u0117s tais pa\u010diais metais. Pas\u0117jus\u00a0 pavasar\u012f lauke, \u017eyd\u0117s\u00a0 kitais metais.\u00a0 <\/span><\/span>Kadangi \u017eiemos \u0161ilt\u0117ja, kr\u016bmeliai i\u0161\u017eiemoja kelis metus. \u017diedai \u017eydi ilgai, kol pasiekia\u00a0 vir\u0161\u0173. Nupjovus nu\u017eyd\u0117jusius stiebus, \u0161is gro\u017eis d\u017eiugins iki rudens.<\/p>\n<p><span class=\"jCAhz ChMk0b\"><span class=\"ryNqvb\">S\u0117klos s\u0117jamos pavir\u0161iuje 20 mm atstumu viena nuo kitos ant dr\u0117gnos dirvos, vos pridengiant. Ideali dygimo temp. 15-20\u00b0C. Sudygsta 7- 10 dien\u0173.\u00a0<\/span><\/span><\/p>\n<p>&nbsp;<\/p>\n","protected":false},"excerpt":{"rendered":"<div>Alcea rosea double Chater\u2019s<\/div>\n<div><strong>Gamintojas:\u00a0<\/strong>Olandija<\/div>\n<div><strong>Grup\u0117:<\/strong>\u00a0 dvimet\u0117<\/div>\n<div><strong>Kiekis pakelyje:<\/strong> 0,5 g<\/div>\n<div><strong>Auk\u0161tis cm:<\/strong>180-\u00a0200<\/div>\n<div><strong>S\u0117ti m\u0117n.:<\/strong> II-VIII<\/div>\n<div><strong>Vieta:<\/strong> saul\u0117ta<\/div>\n<div><strong>Dirva:<\/strong> \u012fvairi, neutrali<\/div>\n","protected":false},"featured_media":39743,"comment_status":"open","ping_status":"closed","template":"","meta":{"jetpack_publicize_message":"","jetpack_publicize_feature_enabled":true,"jetpack_social_post_already_shared":false,"jetpack_social_options":{"image_generator_settings":{"template":"highway","default_image_id":0,"font":"","enabled":false},"version":2}},"product_brand":[],"product_cat":[134,282,42],"product_tag":[280,281,52,51],"class_list":{"0":"post-39733","1":"product","2":"type-product","3":"status-publish","4":"has-post-thumbnail","6":"product_cat-dvimetes-geliu-seklos","7":"product_cat-piliarozes","8":"product_cat-seklos","9":"product_tag-alcea","10":"product_tag-piliaroze","11":"product_tag-seeds","12":"product_tag-seklos","13":"product_shipping_class-seklos","15":"first","16":"instock","17":"shipping-taxable","18":"purchasable","19":"product-type-variable"},"jetpack_publicize_connections":[],"jetpack_sharing_enabled":true,"_links":{"self":[{"href":"https:\/\/geliurasa.lt\/index.php\/wp-json\/wp\/v2\/product\/39733","targetHints":{"allow":["GET"]}}],"collection":[{"href":"https:\/\/geliurasa.lt\/index.php\/wp-json\/wp\/v2\/product"}],"about":[{"href":"https:\/\/geliurasa.lt\/index.php\/wp-json\/wp\/v2\/types\/product"}],"replies":[{"embeddable":true,"href":"https:\/\/geliurasa.lt\/index.php\/wp-json\/wp\/v2\/comments?post=39733"}],"wp:featuredmedia":[{"embeddable":true,"href":"https:\/\/geliurasa.lt\/index.php\/wp-json\/wp\/v2\/media\/39743"}],"wp:attachment":[{"href":"https:\/\/geliurasa.lt\/index.php\/wp-json\/wp\/v2\/media?parent=39733"}],"wp:term":[{"taxonomy":"product_brand","embeddable":true,"href":"https:\/\/geliurasa.lt\/index.php\/wp-json\/wp\/v2\/product_brand?post=39733"},{"taxonomy":"product_cat","embeddable":true,"href":"https:\/\/geliurasa.lt\/index.php\/wp-json\/wp\/v2\/product_cat?post=39733"},{"taxonomy":"product_tag","embeddable":true,"href":"https:\/\/geliurasa.lt\/index.php\/wp-json\/wp\/v2\/product_tag?post=39733"}],"curies":[{"name":"wp","href":"https:\/\/api.w.org\/{rel}","templated":true}]}}