{"id":39864,"date":"2024-03-17T14:48:35","date_gmt":"2024-03-17T12:48:35","guid":{"rendered":"https:\/\/geliurasa.lt\/?post_type=product&#038;p=39864"},"modified":"2026-03-23T10:59:28","modified_gmt":"2026-03-23T08:59:28","slug":"vaistine-medetka-pygmy-buff","status":"publish","type":"product","link":"https:\/\/geliurasa.lt\/index.php\/produktas\/vaistine-medetka-pygmy-buff\/","title":{"rendered":"Vaistin\u0117 medetka Pygmy Buff"},"content":{"rendered":"<p><span class=\"jCAhz ChMk0b\"><span class=\"ryNqvb\">Medetka Pygmy Buff\u00a0 turi labai ypating\u0105 spalv\u0105, sunkiai nusakom\u0105, dvispalv\u0117, lyg abrikosin\u0117, kavos su pienu atspalviais. Nei\u0161siskleid\u0119 \u017eiedai tamsios ka\u0161tonin\u0117s spalvos, jie ir skinami, kad ilgiau laikyt\u0173si vazoje.<\/span><\/span>\u00a0<span class=\"jCAhz ChMk0b\"><span class=\"ryNqvb\">\u017diedlapiai yra valgomi ir gali b\u016bti barstomi \u012f salotas, patiekal\u0173, ar tort\u0173 papuo\u0161imams, arbatoms. <\/span><\/span><span class=\"jCAhz ChMk0b\"><span class=\"ryNqvb\">Medetkos lengvai auginamos. S\u0117klos s\u0117jamos lauke, dygimui reikalinga dr\u0117gm\u0117. Jei bus sausa, labai ilgai dygs. Gerai dygsta pavasar\u012f, kai v\u0117lai pas\u0117tos i\u0161 rudens.<\/span><\/span><\/p>\n","protected":false},"excerpt":{"rendered":"<div>Calendula officinalis<\/div>\n<div><strong>Gamintojas:\u00a0<\/strong>Olandija<\/div>\n<div><strong>Grup\u0117:<\/strong>\u00a0Vienmet\u0117<\/div>\n<div><strong>Kiekis pakelyje:<\/strong> 1g \u2248 160 s\u0117kl\u0173<\/div>\n<div><strong>Auk\u0161tis cm: <\/strong>45<\/div>\n<div><strong>S\u0117ti m\u0117n.:<\/strong> IV-V<\/div>\n<div><strong>Vieta:<\/strong> saul\u0117ta<\/div>\n","protected":false},"featured_media":39881,"comment_status":"open","ping_status":"closed","template":"","meta":{"jetpack_publicize_message":"","jetpack_publicize_feature_enabled":true,"jetpack_social_post_already_shared":false,"jetpack_social_options":{"image_generator_settings":{"template":"highway","default_image_id":0,"font":"","enabled":false},"version":2}},"product_brand":[],"product_cat":[111,99,128,42],"product_tag":[110,109,52,51],"class_list":{"0":"post-39864","1":"product","2":"type-product","3":"status-publish","4":"has-post-thumbnail","6":"product_cat-medetkos","7":"product_cat-naujos-prekes","8":"product_cat-vienmeciu-geliu-seklos","9":"product_cat-seklos","10":"product_tag-calendula","11":"product_tag-medetka","12":"product_tag-seeds","13":"product_tag-seklos","14":"product_shipping_class-seklos","16":"first","17":"instock","18":"shipping-taxable","19":"purchasable","20":"product-type-simple"},"jetpack_publicize_connections":[],"jetpack_sharing_enabled":true,"_links":{"self":[{"href":"https:\/\/geliurasa.lt\/index.php\/wp-json\/wp\/v2\/product\/39864","targetHints":{"allow":["GET"]}}],"collection":[{"href":"https:\/\/geliurasa.lt\/index.php\/wp-json\/wp\/v2\/product"}],"about":[{"href":"https:\/\/geliurasa.lt\/index.php\/wp-json\/wp\/v2\/types\/product"}],"replies":[{"embeddable":true,"href":"https:\/\/geliurasa.lt\/index.php\/wp-json\/wp\/v2\/comments?post=39864"}],"wp:featuredmedia":[{"embeddable":true,"href":"https:\/\/geliurasa.lt\/index.php\/wp-json\/wp\/v2\/media\/39881"}],"wp:attachment":[{"href":"https:\/\/geliurasa.lt\/index.php\/wp-json\/wp\/v2\/media?parent=39864"}],"wp:term":[{"taxonomy":"product_brand","embeddable":true,"href":"https:\/\/geliurasa.lt\/index.php\/wp-json\/wp\/v2\/product_brand?post=39864"},{"taxonomy":"product_cat","embeddable":true,"href":"https:\/\/geliurasa.lt\/index.php\/wp-json\/wp\/v2\/product_cat?post=39864"},{"taxonomy":"product_tag","embeddable":true,"href":"https:\/\/geliurasa.lt\/index.php\/wp-json\/wp\/v2\/product_tag?post=39864"}],"curies":[{"name":"wp","href":"https:\/\/api.w.org\/{rel}","templated":true}]}}