{"id":39981,"date":"2024-03-18T17:03:54","date_gmt":"2024-03-18T15:03:54","guid":{"rendered":"https:\/\/geliurasa.lt\/?post_type=product&#038;p=39981"},"modified":"2026-04-02T21:27:35","modified_gmt":"2026-04-02T18:27:35","slug":"vaistinis-skaistenis-vegmo-snowball-extra","status":"publish","type":"product","link":"https:\/\/geliurasa.lt\/index.php\/produktas\/vaistinis-skaistenis-vegmo-snowball-extra\/","title":{"rendered":"Vaistinis skaistenis Vegmo Snowball Extra"},"content":{"rendered":"<p>Kaip sagut\u0117s, ar balti kamuoliukai, labai tinkamas skinti ir \u0161iaip auginti g\u0117lynuose.\u00a0 \u017dydi vis\u0105 vasar\u0105. Saul\u0117je auginamos b\u016bna \u017eemesn\u0117s. Pav\u0117syje u\u017eauga auk\u0161tesn\u0117s. Pasis\u0117ja. S\u0117jama \u012fprastai, lengvai auginamos , nereiklios. Norint tur\u0117ti skint\u0173 \u017eied\u0173\u00a0 visam sezonui, geriausia s\u0117ti per kelis kartus. M\u0117gsta dr\u0117gm\u0119, per sausras reikia laistyti, kitaip bus trumpi koteliai.<\/p>\n","protected":false},"excerpt":{"rendered":"<div><em>Matricaria, Tanacetum parthenium<\/em><\/div>\n<div><strong>Gamintojas:\u00a0<\/strong>Olandija<\/div>\n<div><strong>Grup\u0117:<\/strong> Vienmet\u0117<\/div>\n<div><strong>Kiekis pakelyje:<\/strong> 20 s\u0117kl\u0173<\/div>\n<div><strong>Auk\u0161tis cm:<\/strong> 70-90<\/div>\n<div><strong>S\u0117ti m\u0117n.: <\/strong>III-V<\/div>\n<div><strong>Vieta:<\/strong> saul\u0117ta, dalinis pav\u0117sis<\/div>\n<div><strong>Dirva:<\/strong> neutrali, derlinga<\/div>\n","protected":false},"featured_media":39984,"comment_status":"open","ping_status":"closed","template":"","meta":{"jetpack_publicize_message":"","jetpack_publicize_feature_enabled":true,"jetpack_social_post_already_shared":true,"jetpack_social_options":{"image_generator_settings":{"template":"highway","default_image_id":0,"font":"","enabled":false},"version":2}},"product_brand":[],"product_cat":[99,322,128,42],"product_tag":[52,51,290,291],"class_list":{"0":"post-39981","1":"product","2":"type-product","3":"status-publish","4":"has-post-thumbnail","6":"product_cat-naujos-prekes","7":"product_cat-skaistaziedes","8":"product_cat-vienmeciu-geliu-seklos","9":"product_cat-seklos","10":"product_tag-seeds","11":"product_tag-seklos","12":"product_tag-skaistenis","13":"product_tag-tanacetum","14":"product_shipping_class-seklos","16":"first","17":"instock","18":"shipping-taxable","19":"purchasable","20":"product-type-simple"},"jetpack_publicize_connections":[],"jetpack_sharing_enabled":true,"_links":{"self":[{"href":"https:\/\/geliurasa.lt\/index.php\/wp-json\/wp\/v2\/product\/39981","targetHints":{"allow":["GET"]}}],"collection":[{"href":"https:\/\/geliurasa.lt\/index.php\/wp-json\/wp\/v2\/product"}],"about":[{"href":"https:\/\/geliurasa.lt\/index.php\/wp-json\/wp\/v2\/types\/product"}],"replies":[{"embeddable":true,"href":"https:\/\/geliurasa.lt\/index.php\/wp-json\/wp\/v2\/comments?post=39981"}],"wp:featuredmedia":[{"embeddable":true,"href":"https:\/\/geliurasa.lt\/index.php\/wp-json\/wp\/v2\/media\/39984"}],"wp:attachment":[{"href":"https:\/\/geliurasa.lt\/index.php\/wp-json\/wp\/v2\/media?parent=39981"}],"wp:term":[{"taxonomy":"product_brand","embeddable":true,"href":"https:\/\/geliurasa.lt\/index.php\/wp-json\/wp\/v2\/product_brand?post=39981"},{"taxonomy":"product_cat","embeddable":true,"href":"https:\/\/geliurasa.lt\/index.php\/wp-json\/wp\/v2\/product_cat?post=39981"},{"taxonomy":"product_tag","embeddable":true,"href":"https:\/\/geliurasa.lt\/index.php\/wp-json\/wp\/v2\/product_tag?post=39981"}],"curies":[{"name":"wp","href":"https:\/\/api.w.org\/{rel}","templated":true}]}}