{"id":40132,"date":"2024-04-02T16:49:51","date_gmt":"2024-04-02T13:49:51","guid":{"rendered":"https:\/\/geliurasa.lt\/?post_type=product&#038;p=40132"},"modified":"2026-03-10T09:13:06","modified_gmt":"2026-03-10T07:13:06","slug":"puikioji-gvaizdune-salmon-queen","status":"publish","type":"product","link":"https:\/\/geliurasa.lt\/index.php\/produktas\/puikioji-gvaizdune-salmon-queen\/","title":{"rendered":"Puikioji gvaizd\u016bn\u0117 Salmon Queen"},"content":{"rendered":"<p>La\u0161i\u0161in\u0117 su karminiu atspalviu, jurgin\u0173 tipo, dideliais \u017eiedais. Stiebai tvirti ir auk\u0161ti, labai tinka skinti. Gvaizd\u016bn\u0117 nereikli g\u0117l\u0117, bet priklausomai nuo klimato s\u0105lyg\u0173 skiriasi \u017eied\u0173 pilnumas. Suformuotiems \u017eiedams reikia pakankamai dr\u0117gm\u0117s, prie\u0161ingu atveju \u017eiedai bus tu\u0161\u010diaviduriai. Norint pailginti \u017eyd\u0117jim\u0105 ir paskatinti \u0161akojim\u0105si, kai daigelis pasiekia 15 cm, b\u016btina nuskinti vir\u0161\u016bn\u0117l\u0119. S\u0117jama po \u0161aln\u0173 lauke, gegu\u017e\u0119, arba baland\u012f po priedanga. Pas\u0117jus \u0161iltnamyje, ar \u012f d\u0117\u017eutes, perkeliant \u012f lauk\u0105, lengvai prigyja. \u017diedai skinami beveik visi\u0161kai subrend\u0119, prie\u0161 pat \u017eiedadulki\u0173 formavim\u0105si.<\/p>\n<p><em>Asmenin\u0117 patirtis:<\/em> pasteb\u0117jau, kad gvaizd\u016bn\u0117ms patinka dalinis pav\u0117sis. Buvau pasodinus prie auk\u0161t\u0173 saul\u0117gr\u0105\u017e\u0173, joms labai tiko apsauga nuo v\u0117jo ir saul\u0117s, daugiau \u017eyd\u0117jo pilnaviduri\u0173 \u017eied\u0173.<\/p>\n","protected":false},"excerpt":{"rendered":"<div>\n<div>Zinnia elegans<\/div>\n<div><strong>Gamintojas:\u00a0<\/strong>Olandija<\/div>\n<div><strong>Grup\u0117: <\/strong>vienmet\u0117<\/div>\n<div><strong>Kiekis pakelyje:<\/strong> 1g<\/div>\n<div><strong>Auk\u0161tis cm: <\/strong>60<\/div>\n<div><strong>S\u0117ti m\u0117n.:<\/strong> IV-V<\/div>\n<div><strong>Vieta:<\/strong> saul\u0117ta, dr\u0117gmei laidi<\/div>\n<div><strong>Dirva: <\/strong>neutrali<\/div>\n<\/div>\n<div><\/div>\n","protected":false},"featured_media":40138,"comment_status":"open","ping_status":"closed","template":"","meta":{"jetpack_publicize_message":"","jetpack_publicize_feature_enabled":true,"jetpack_social_post_already_shared":true,"jetpack_social_options":{"image_generator_settings":{"template":"highway","default_image_id":0,"font":"","enabled":false},"version":2}},"product_brand":[],"product_cat":[128,42],"product_tag":[249,52,51,248],"class_list":{"0":"post-40132","1":"product","2":"type-product","3":"status-publish","4":"has-post-thumbnail","6":"product_cat-vienmeciu-geliu-seklos","7":"product_cat-seklos","8":"product_tag-gvaizdune","9":"product_tag-seeds","10":"product_tag-seklos","11":"product_tag-zinna","12":"product_shipping_class-seklos","14":"first","15":"instock","16":"shipping-taxable","17":"purchasable","18":"product-type-simple"},"jetpack_publicize_connections":[],"jetpack_sharing_enabled":true,"_links":{"self":[{"href":"https:\/\/geliurasa.lt\/index.php\/wp-json\/wp\/v2\/product\/40132","targetHints":{"allow":["GET"]}}],"collection":[{"href":"https:\/\/geliurasa.lt\/index.php\/wp-json\/wp\/v2\/product"}],"about":[{"href":"https:\/\/geliurasa.lt\/index.php\/wp-json\/wp\/v2\/types\/product"}],"replies":[{"embeddable":true,"href":"https:\/\/geliurasa.lt\/index.php\/wp-json\/wp\/v2\/comments?post=40132"}],"wp:featuredmedia":[{"embeddable":true,"href":"https:\/\/geliurasa.lt\/index.php\/wp-json\/wp\/v2\/media\/40138"}],"wp:attachment":[{"href":"https:\/\/geliurasa.lt\/index.php\/wp-json\/wp\/v2\/media?parent=40132"}],"wp:term":[{"taxonomy":"product_brand","embeddable":true,"href":"https:\/\/geliurasa.lt\/index.php\/wp-json\/wp\/v2\/product_brand?post=40132"},{"taxonomy":"product_cat","embeddable":true,"href":"https:\/\/geliurasa.lt\/index.php\/wp-json\/wp\/v2\/product_cat?post=40132"},{"taxonomy":"product_tag","embeddable":true,"href":"https:\/\/geliurasa.lt\/index.php\/wp-json\/wp\/v2\/product_tag?post=40132"}],"curies":[{"name":"wp","href":"https:\/\/api.w.org\/{rel}","templated":true}]}}