{"id":40507,"date":"2024-10-08T12:47:20","date_gmt":"2024-10-08T09:47:20","guid":{"rendered":"https:\/\/geliurasa.lt\/?post_type=product&#038;p=40507"},"modified":"2026-03-24T23:15:19","modified_gmt":"2026-03-24T21:15:19","slug":"didysis-pentinius-magic-fountain-dark-blue-white-bee","status":"publish","type":"product","link":"https:\/\/geliurasa.lt\/index.php\/produktas\/didysis-pentinius-magic-fountain-dark-blue-white-bee\/","title":{"rendered":"Didysis pentinius Magic Fountain  Dark Blue White bee"},"content":{"rendered":"<p>Tamsiai m\u0117lynas su sniego baltumo d\u0117me centre, iki 1 metro su \u017eiedais, tvirtas\u00a0 nyk\u0161tukinis pentinius. \u0160is hibridas buvo i\u0161vestas taip, kad b\u016bt\u0173 atsparesnis blogam orui ir kar\u0161\u010diui. Jo stamb\u016bs \u017eiedynai kaip\u00a0 \u017evak\u0117s, aplipusios pusiau pilnaviduriais \u017eiedeliais. \u017dydi pirmais metais. Nereikia ri\u0161ti, ypa\u010d tinka neturintiems vietos g\u0117lyne, auga kompakti\u0161kai. Augalas i\u0161auga i\u0161 sumed\u0117jusio \u0161akniastiebio, kuris vertikaliai grimzta \u012f \u017eem\u0119. Prie\u017ei\u016bros ma\u017eai, \u017eiemoja puikiai. Nukirpus nu\u017eyd\u0117jusius stiebus, \u017eydi antr\u0105 kart\u0105. Klesti saul\u0117toje, turtingoje, gilioje, laid\u017eioje dirvoje, taip pat\u00a0 puikiai tinka auginti auk\u0161tuose vazonuose. \u017diedai ilgai laikosi pamerkti.<\/p>\n<p>D\u0117l geresnio dygimo s\u0117kloms naudingas \u0161altasis periodas. S\u0117kl\u0173 pakel\u012f palaikyti \u0161aldiklyje 1-2 savaites. S\u0117jimas pavir\u0161inis , lengvai u\u017eberiant vermikulito, ar substrato. Pas\u0117jus anksti, pra\u017eys tais pa\u010diais metais.<\/p>\n","protected":false},"excerpt":{"rendered":"<div>Delphinium elatum<\/div>\n<div><strong>Gamintojas:\u00a0<\/strong>Olandija<\/div>\n<div><strong>Grup\u0117: <\/strong>daugiamet\u0117<\/div>\n<div><strong>Kiekis pakelyje:<\/strong> 20 s\u0117kl\u0173<\/div>\n<div><strong>Auk\u0161tis cm:<\/strong> 100<\/div>\n<div><strong>S\u0117ti m\u0117n.: <\/strong>II- IV lauke\u00a0 V-VIII<\/div>\n<div><strong>Vieta:<\/strong> saul\u0117ta, dalinis pav\u0117sis<\/div>\n<div><strong>Dirva:<\/strong> laidi dr\u0117gmei, pH: 5,5-6,5<\/div>\n","protected":false},"featured_media":40707,"comment_status":"open","ping_status":"closed","template":"","meta":{"jetpack_publicize_message":"","jetpack_publicize_feature_enabled":true,"jetpack_social_post_already_shared":true,"jetpack_social_options":{"image_generator_settings":{"template":"highway","default_image_id":0,"font":"","enabled":false},"version":2}},"product_brand":[],"product_cat":[126,99,256,42],"product_tag":[],"class_list":{"0":"post-40507","1":"product","2":"type-product","3":"status-publish","4":"has-post-thumbnail","6":"product_cat-daugiameciu-geliu-seklos","7":"product_cat-naujos-prekes","8":"product_cat-pentiniai","9":"product_cat-seklos","10":"product_shipping_class-seklos","12":"first","13":"instock","14":"shipping-taxable","15":"purchasable","16":"product-type-simple"},"jetpack_publicize_connections":[],"jetpack_sharing_enabled":true,"_links":{"self":[{"href":"https:\/\/geliurasa.lt\/index.php\/wp-json\/wp\/v2\/product\/40507","targetHints":{"allow":["GET"]}}],"collection":[{"href":"https:\/\/geliurasa.lt\/index.php\/wp-json\/wp\/v2\/product"}],"about":[{"href":"https:\/\/geliurasa.lt\/index.php\/wp-json\/wp\/v2\/types\/product"}],"replies":[{"embeddable":true,"href":"https:\/\/geliurasa.lt\/index.php\/wp-json\/wp\/v2\/comments?post=40507"}],"wp:featuredmedia":[{"embeddable":true,"href":"https:\/\/geliurasa.lt\/index.php\/wp-json\/wp\/v2\/media\/40707"}],"wp:attachment":[{"href":"https:\/\/geliurasa.lt\/index.php\/wp-json\/wp\/v2\/media?parent=40507"}],"wp:term":[{"taxonomy":"product_brand","embeddable":true,"href":"https:\/\/geliurasa.lt\/index.php\/wp-json\/wp\/v2\/product_brand?post=40507"},{"taxonomy":"product_cat","embeddable":true,"href":"https:\/\/geliurasa.lt\/index.php\/wp-json\/wp\/v2\/product_cat?post=40507"},{"taxonomy":"product_tag","embeddable":true,"href":"https:\/\/geliurasa.lt\/index.php\/wp-json\/wp\/v2\/product_tag?post=40507"}],"curies":[{"name":"wp","href":"https:\/\/api.w.org\/{rel}","templated":true}]}}