{"id":40865,"date":"2024-11-23T23:24:08","date_gmt":"2024-11-23T21:24:08","guid":{"rendered":"https:\/\/geliurasa.lt\/?post_type=product&#038;p=40865"},"modified":"2026-04-06T14:50:03","modified_gmt":"2026-04-06T11:50:03","slug":"didysis-zioveinis-f1-snapstar-white","status":"publish","type":"product","link":"https:\/\/geliurasa.lt\/index.php\/produktas\/didysis-zioveinis-f1-snapstar-white\/","title":{"rendered":"Didysis \u017eioveinis F1 Snapstar White"},"content":{"rendered":"<p>Naujai sukurta skynimui skirta \u017eioveini\u0173 serija \u2018Snapstar\u2018. Ant auk\u0161t\u0173, tvirt\u0173 stieb\u0173 pra\u017eysta \u017ealsvai balti, \u017eavingi pilnaviduriai \u017eiedai.<\/p>\n<ul>\n<li>Ankstyvas \u017eyd\u0117jimas,<\/li>\n<li>Lengvai u\u017eaugina stiebo ilg\u012f<\/li>\n<li>Gera stiebo kokyb\u0117<\/li>\n<li>Unikali g\u0117l\u0117s forma<\/li>\n<li>Pilnaviduriai, pur\u0117ti \u017eiedai<\/li>\n<li>Populiari spalva<\/li>\n<li>Puikiai laikosi pamerktos<\/li>\n<li>\u012esp\u016bdingas selekcinink\u0173 prover\u017eis<\/li>\n<\/ul>\n<p>&nbsp;<\/p>\n","protected":false},"excerpt":{"rendered":"<div>Antirrhinum majus<\/div>\n<div><strong>Gamintojas:\u00a0<\/strong>Olandija<\/div>\n<div><strong>Grup\u0117:<\/strong> Vienmet\u0117<\/div>\n<div><strong>Kiekis pakelyje:<\/strong> 20 s\u0117kl\u0173<\/div>\n<div><strong>Auk\u0161tis cm:<\/strong> 60-70cm<\/div>\n<div><strong>S\u0117ti m\u0117n.: <\/strong>I-V<\/div>\n<div><strong>Vieta:<\/strong> saul\u0117ta, dalinis pav\u0117sis<\/div>\n<div><strong>Dirva:<\/strong> neutrali, derlinga<\/div>\n","protected":false},"featured_media":40867,"comment_status":"open","ping_status":"closed","template":"","meta":{"jetpack_publicize_message":"","jetpack_publicize_feature_enabled":true,"jetpack_social_post_already_shared":true,"jetpack_social_options":{"image_generator_settings":{"template":"highway","default_image_id":0,"font":"","enabled":false},"version":2}},"product_brand":[],"product_cat":[99,42,128,273],"product_tag":[274,52,51,206],"class_list":{"0":"post-40865","1":"product","2":"type-product","3":"status-publish","4":"has-post-thumbnail","6":"product_cat-naujos-prekes","7":"product_cat-seklos","8":"product_cat-vienmeciu-geliu-seklos","9":"product_cat-zioveiniai","10":"product_tag-antirrhinum","11":"product_tag-seeds","12":"product_tag-seklos","13":"product_tag-zioveinis","14":"product_shipping_class-seklos","16":"first","17":"instock","18":"shipping-taxable","19":"purchasable","20":"product-type-simple"},"jetpack_publicize_connections":[],"jetpack_sharing_enabled":true,"_links":{"self":[{"href":"https:\/\/geliurasa.lt\/index.php\/wp-json\/wp\/v2\/product\/40865","targetHints":{"allow":["GET"]}}],"collection":[{"href":"https:\/\/geliurasa.lt\/index.php\/wp-json\/wp\/v2\/product"}],"about":[{"href":"https:\/\/geliurasa.lt\/index.php\/wp-json\/wp\/v2\/types\/product"}],"replies":[{"embeddable":true,"href":"https:\/\/geliurasa.lt\/index.php\/wp-json\/wp\/v2\/comments?post=40865"}],"wp:featuredmedia":[{"embeddable":true,"href":"https:\/\/geliurasa.lt\/index.php\/wp-json\/wp\/v2\/media\/40867"}],"wp:attachment":[{"href":"https:\/\/geliurasa.lt\/index.php\/wp-json\/wp\/v2\/media?parent=40865"}],"wp:term":[{"taxonomy":"product_brand","embeddable":true,"href":"https:\/\/geliurasa.lt\/index.php\/wp-json\/wp\/v2\/product_brand?post=40865"},{"taxonomy":"product_cat","embeddable":true,"href":"https:\/\/geliurasa.lt\/index.php\/wp-json\/wp\/v2\/product_cat?post=40865"},{"taxonomy":"product_tag","embeddable":true,"href":"https:\/\/geliurasa.lt\/index.php\/wp-json\/wp\/v2\/product_tag?post=40865"}],"curies":[{"name":"wp","href":"https:\/\/api.w.org\/{rel}","templated":true}]}}