{"id":40949,"date":"2024-12-24T22:11:31","date_gmt":"2024-12-24T20:11:31","guid":{"rendered":"https:\/\/geliurasa.lt\/?post_type=product&#038;p=40949"},"modified":"2026-04-21T13:39:27","modified_gmt":"2026-04-21T10:39:27","slug":"rutuline-gomfrena-salmon-pastel","status":"publish","type":"product","link":"https:\/\/geliurasa.lt\/index.php\/produktas\/rutuline-gomfrena-salmon-pastel\/","title":{"rendered":"Rutulin\u0117 gomfrena Salmon Pastel"},"content":{"rendered":"<p>Gomfrenos lengvai auginamos, sausa\u017eied\u0117s, ilgai \u017eydin\u010dios, kr\u016bmeliais augan\u010dios g\u0117l\u0117s. \u0160ie ro\u017einiai su abrikosiniu atspalviu rutuliukai nuostabiai atrodo g\u0117lyne, \u017eydi gausiai ir iki \u0161aln\u0173. Nuskintos vazoje i\u0161silaiko iki 2 savai\u010di\u0173. D\u017eiovinimui skinama, kai koteliai sutvirt\u0117ja, arba skinamos tik galvut\u0117s be koteli\u0173. Tik reikia steb\u0117ti, kad rutuliukai b\u016bt\u0173 ry\u0161k\u016bs, bet neperaug\u0119, kitaip barstys \u017eiedlapius. D\u017eiovint\u0173\u00a0 gomfren\u0173 ry\u0161ki spalva i\u0161lieka visus metus, ir ilgiau.<\/p>\n<p>S\u0117jama kov\u0105 \u012f d\u0117\u017eutes, daigeliai greitai auga, persodinus lengvai prigyja. Jauni augaliukai jautr\u016bs per didelei dr\u0117gmei. Lauke i\u0161sodinama po \u0161aln\u0173. Gomfrenos gali augti ir tankiau pasodintos kas 15-20 cm, tada jos labiau stiebiasi \u012f vir\u0161\u0173 ir gausiau \u017eydi. Jei g\u0117lyne pasodintos vienos pa\u010dios, atrodo kaip kilimas, auga viename auk\u0161tyje. Per sausras b\u016bna \u017eemesnio \u016bgio.<\/p>\n","protected":false},"excerpt":{"rendered":"<div>Gomphrena globosa<\/div>\n<div><strong>Gamintojas:\u00a0<\/strong>Olandija<\/div>\n<div><strong>Grup\u0117:<\/strong> vienmet\u0117, sausa\u017eied\u0117<\/div>\n<div><strong>Kiekis pakelyje:<\/strong> 50 s\u0117kl\u0173<\/div>\n<div><strong>Auk\u0161tis cm:<\/strong> 50-70cm<\/div>\n<div><strong>S\u0117ti m\u0117n.: <\/strong>III-V<\/div>\n<div><strong>Dygimo temperat\u016bra<\/strong>: apie 15-20 \u00b0C<\/div>\n<div><strong>Vieta:<\/strong> saul\u0117ta, dalinis pav\u0117sis<\/div>\n<div><strong>Dirva:<\/strong> neutrali, derlinga<\/div>\n","protected":false},"featured_media":40950,"comment_status":"open","ping_status":"closed","template":"","meta":{"jetpack_publicize_message":"","jetpack_publicize_feature_enabled":true,"jetpack_social_post_already_shared":true,"jetpack_social_options":{"image_generator_settings":{"template":"highway","default_image_id":0,"font":"","enabled":false},"version":2}},"product_brand":[],"product_cat":[297,99,42,128],"product_tag":[298,52,51],"class_list":{"0":"post-40949","1":"product","2":"type-product","3":"status-publish","4":"has-post-thumbnail","6":"product_cat-gomfrenos","7":"product_cat-naujos-prekes","8":"product_cat-seklos","9":"product_cat-vienmeciu-geliu-seklos","10":"product_tag-gomphrena","11":"product_tag-seeds","12":"product_tag-seklos","13":"product_shipping_class-seklos","15":"first","16":"instock","17":"shipping-taxable","18":"purchasable","19":"product-type-simple"},"jetpack_publicize_connections":[],"jetpack_sharing_enabled":true,"_links":{"self":[{"href":"https:\/\/geliurasa.lt\/index.php\/wp-json\/wp\/v2\/product\/40949","targetHints":{"allow":["GET"]}}],"collection":[{"href":"https:\/\/geliurasa.lt\/index.php\/wp-json\/wp\/v2\/product"}],"about":[{"href":"https:\/\/geliurasa.lt\/index.php\/wp-json\/wp\/v2\/types\/product"}],"replies":[{"embeddable":true,"href":"https:\/\/geliurasa.lt\/index.php\/wp-json\/wp\/v2\/comments?post=40949"}],"wp:featuredmedia":[{"embeddable":true,"href":"https:\/\/geliurasa.lt\/index.php\/wp-json\/wp\/v2\/media\/40950"}],"wp:attachment":[{"href":"https:\/\/geliurasa.lt\/index.php\/wp-json\/wp\/v2\/media?parent=40949"}],"wp:term":[{"taxonomy":"product_brand","embeddable":true,"href":"https:\/\/geliurasa.lt\/index.php\/wp-json\/wp\/v2\/product_brand?post=40949"},{"taxonomy":"product_cat","embeddable":true,"href":"https:\/\/geliurasa.lt\/index.php\/wp-json\/wp\/v2\/product_cat?post=40949"},{"taxonomy":"product_tag","embeddable":true,"href":"https:\/\/geliurasa.lt\/index.php\/wp-json\/wp\/v2\/product_tag?post=40949"}],"curies":[{"name":"wp","href":"https:\/\/api.w.org\/{rel}","templated":true}]}}