{"id":41207,"date":"2025-02-07T18:11:08","date_gmt":"2025-02-07T16:11:08","guid":{"rendered":"https:\/\/geliurasa.lt\/?post_type=product&#038;p=41207"},"modified":"2026-04-15T18:14:16","modified_gmt":"2026-04-15T15:14:16","slug":"vingiorykstine-kraujazole-cloth-of-gold","status":"publish","type":"product","link":"https:\/\/geliurasa.lt\/index.php\/produktas\/vingiorykstine-kraujazole-cloth-of-gold\/","title":{"rendered":"Vingioryk\u0161tin\u0117 krauja\u017eol\u0117 Cloth of Gold"},"content":{"rendered":"<p>Daugiamet\u0117 sausa\u017eied\u0117, ry\u0161kiai geltona, auk\u0161ta. \u017diedynai tvirti, pats \u017eiedas stangrus ir platus, lyg pagalv\u0117l\u0117. \u0160velniai kvepia krauja\u017eol\u0117mis. Nuskintos ilgai laikosi vazoje, o d\u017eiovintos nekei\u010dia spalvos. Ilgai auga toje pa\u010dioje vietoje, nereiklios, pakan\u010dios sausrai. \u017dydi bir\u017eelio-rugpj\u016b\u010dio m\u0117nesiais, anksti nuskynus \u017eiedus, sp\u0117ja dar su\u017eyd\u0117ti ruden\u012f.<\/p>\n<p>&nbsp;<\/p>\n","protected":false},"excerpt":{"rendered":"<div>\n<div><em>Achillea filipendula<\/em><\/div>\n<div><strong>Gamintojas:\u00a0<\/strong>Olandija<\/div>\n<div><strong>Grup\u0117: <\/strong>daugiamet\u0117<\/div>\n<div><strong>Kiekis pakelyje:<\/strong> 0,2 g<\/div>\n<div><strong>Auk\u0161tis cm:<\/strong>120<\/div>\n<div><strong>S\u0117ti m\u0117n.:<\/strong> III- IV<\/div>\n<div><strong>Vieta:<\/strong> saul\u0117ta, dalinis pav\u0117sis<\/div>\n<div><strong>Dirva: <\/strong>neutrali, dr\u0117gmei laidi<\/div>\n<\/div>\n<div><strong>\u017diemojimas:<\/strong> 3a \u2013 9b<\/div>\n","protected":false},"featured_media":41210,"comment_status":"open","ping_status":"closed","template":"","meta":{"jetpack_publicize_message":"","jetpack_publicize_feature_enabled":true,"jetpack_social_post_already_shared":true,"jetpack_social_options":{"image_generator_settings":{"template":"highway","default_image_id":0,"font":"","enabled":false},"version":2}},"product_brand":[],"product_cat":[126,303,99,42],"product_tag":[176,52,51],"class_list":{"0":"post-41207","1":"product","2":"type-product","3":"status-publish","4":"has-post-thumbnail","6":"product_cat-daugiameciu-geliu-seklos","7":"product_cat-kraujazoles","8":"product_cat-naujos-prekes","9":"product_cat-seklos","10":"product_tag-achillea","11":"product_tag-seeds","12":"product_tag-seklos","13":"product_shipping_class-seklos","15":"first","16":"instock","17":"shipping-taxable","18":"purchasable","19":"product-type-simple"},"jetpack_publicize_connections":[],"jetpack_sharing_enabled":true,"_links":{"self":[{"href":"https:\/\/geliurasa.lt\/index.php\/wp-json\/wp\/v2\/product\/41207","targetHints":{"allow":["GET"]}}],"collection":[{"href":"https:\/\/geliurasa.lt\/index.php\/wp-json\/wp\/v2\/product"}],"about":[{"href":"https:\/\/geliurasa.lt\/index.php\/wp-json\/wp\/v2\/types\/product"}],"replies":[{"embeddable":true,"href":"https:\/\/geliurasa.lt\/index.php\/wp-json\/wp\/v2\/comments?post=41207"}],"wp:featuredmedia":[{"embeddable":true,"href":"https:\/\/geliurasa.lt\/index.php\/wp-json\/wp\/v2\/media\/41210"}],"wp:attachment":[{"href":"https:\/\/geliurasa.lt\/index.php\/wp-json\/wp\/v2\/media?parent=41207"}],"wp:term":[{"taxonomy":"product_brand","embeddable":true,"href":"https:\/\/geliurasa.lt\/index.php\/wp-json\/wp\/v2\/product_brand?post=41207"},{"taxonomy":"product_cat","embeddable":true,"href":"https:\/\/geliurasa.lt\/index.php\/wp-json\/wp\/v2\/product_cat?post=41207"},{"taxonomy":"product_tag","embeddable":true,"href":"https:\/\/geliurasa.lt\/index.php\/wp-json\/wp\/v2\/product_tag?post=41207"}],"curies":[{"name":"wp","href":"https:\/\/api.w.org\/{rel}","templated":true}]}}