{"id":41236,"date":"2025-01-09T09:13:56","date_gmt":"2025-01-09T07:13:56","guid":{"rendered":"https:\/\/geliurasa.lt\/?post_type=product&#038;p=41236"},"modified":"2026-05-08T23:34:14","modified_gmt":"2026-05-08T20:34:14","slug":"darzelinis-katilelis-f1-champion","status":"publish","type":"product","link":"https:\/\/geliurasa.lt\/index.php\/produktas\/darzelinis-katilelis-f1-champion\/","title":{"rendered":"Dar\u017eelinis katil\u0117lis  F1 Champion"},"content":{"rendered":"<p>Katil\u0117liai Champion\u00a0 populiari skinam\u0173 g\u0117li\u0173 serija. Stiebai auk\u0161ti, tvirti ir turi daug ilg\u0173 atsi\u0161akojim\u0173, ideali\u0173\u00a0 skinti. Ypatingai gerai laikosi vazoje, net 2 savaites ir ilgiau. Skinti galima, kai pradeda skleistis pirmasis \u017eiedas. Pats kr\u016bmas\u00a0 atrodo labai gra\u017eiai ir \u017eydi ilgai, kad \u0161akot\u0173si, reikia nuskinti pagrindinio \u017eiedko\u010dio vir\u0161\u016bn\u0119. \u0160ie katil\u0117liai \u017eydi pirmais metais, jei yra pas\u0117ti vasar\u012f \/kov\u0105\/ baland\u012f patalpoje, \u017eiedai pasirodo po 1,5-2 m\u0117nesi\u0173. Mano patirtis rodo, kad pirmais metais\u00a0 \u017eyd\u0117j\u0119 lauke pasodinti buvo \u017eemi, o kitais metais nebei\u0161gyveno. \u017demi, nes\u00a0 pavasariai sausi, \u0161ilti, o\u00a0 \u0161iems augalams, kad suformuot\u0173 ilgus stiebus reikalinga 13\u00b0C augimo temperat\u016bra, bei trumpas dienos ilgumas. Tod\u0117l rekomenduo\u010diau s\u0117ti rudeniop rugpj\u016bt\u012f\/ rugs\u0117j\u012f, tada \u017eyd\u0117s kit\u0173 met\u0173 pavasar\u012f ir parodys vis\u0105 savo gro\u017e\u012f, bus auk\u0161ti su daug i\u0161si\u0161akojim\u0173.<\/p>\n<p>Optimali dygimo temperat\u016bra:\u00a0 18-20\u00b0C, 7\u201314 dien\u0173. Dygimui reikalinga \u0161viesa, s\u0117klos lengvai \u012fspaud\u017eiamos, u\u017epilant \u0161iek tiek vermikulito palaikyti dr\u0117gmei. Tiesioginis s\u0117jimas\u00a0 lauke nerekomenduojamas.<\/p>\n<p>&nbsp;<\/p>\n","protected":false},"excerpt":{"rendered":"<div>\n<div><em>CAMPANULA medium<\/em><\/div>\n<div><strong>Gamintojas:\u00a0<\/strong>Olandija<\/div>\n<div><strong>Grup\u0117: <\/strong>dvimet\u0117<\/div>\n<div><strong>Kiekis pakelyje: <\/strong>10 s\u0117kl\u0173<\/div>\n<div><strong>Auk\u0161tis cm: <\/strong>80-90<\/div>\n<div><strong>S\u0117ti m\u0117n.:<\/strong> VI-IX,<\/div>\n<div><strong>Vieta:<\/strong> saul\u0117ta, dalinis pav\u0117sis<\/div>\n<div><strong>Dirva: <\/strong>neutrali<\/div>\n<\/div>\n<div><\/div>\n","protected":false},"featured_media":42556,"comment_status":"open","ping_status":"closed","template":"","meta":{"jetpack_publicize_message":"","jetpack_publicize_feature_enabled":true,"jetpack_social_post_already_shared":true,"jetpack_social_options":{"image_generator_settings":{"template":"highway","default_image_id":0,"font":"","enabled":false},"version":2}},"product_brand":[],"product_cat":[134,350,99,42],"product_tag":[306,305,52,51],"class_list":{"0":"post-41236","1":"product","2":"type-product","3":"status-publish","4":"has-post-thumbnail","6":"product_cat-dvimetes-geliu-seklos","7":"product_cat-katileliai","8":"product_cat-naujos-prekes","9":"product_cat-seklos","10":"product_tag-campanula","11":"product_tag-katilelis","12":"product_tag-seeds","13":"product_tag-seklos","14":"product_shipping_class-seklos","16":"first","17":"instock","18":"shipping-taxable","19":"purchasable","20":"product-type-variable"},"jetpack_publicize_connections":[],"jetpack_sharing_enabled":true,"_links":{"self":[{"href":"https:\/\/geliurasa.lt\/index.php\/wp-json\/wp\/v2\/product\/41236","targetHints":{"allow":["GET"]}}],"collection":[{"href":"https:\/\/geliurasa.lt\/index.php\/wp-json\/wp\/v2\/product"}],"about":[{"href":"https:\/\/geliurasa.lt\/index.php\/wp-json\/wp\/v2\/types\/product"}],"replies":[{"embeddable":true,"href":"https:\/\/geliurasa.lt\/index.php\/wp-json\/wp\/v2\/comments?post=41236"}],"wp:featuredmedia":[{"embeddable":true,"href":"https:\/\/geliurasa.lt\/index.php\/wp-json\/wp\/v2\/media\/42556"}],"wp:attachment":[{"href":"https:\/\/geliurasa.lt\/index.php\/wp-json\/wp\/v2\/media?parent=41236"}],"wp:term":[{"taxonomy":"product_brand","embeddable":true,"href":"https:\/\/geliurasa.lt\/index.php\/wp-json\/wp\/v2\/product_brand?post=41236"},{"taxonomy":"product_cat","embeddable":true,"href":"https:\/\/geliurasa.lt\/index.php\/wp-json\/wp\/v2\/product_cat?post=41236"},{"taxonomy":"product_tag","embeddable":true,"href":"https:\/\/geliurasa.lt\/index.php\/wp-json\/wp\/v2\/product_tag?post=41236"}],"curies":[{"name":"wp","href":"https:\/\/api.w.org\/{rel}","templated":true}]}}