{"id":41270,"date":"2025-02-07T17:59:25","date_gmt":"2025-02-07T15:59:25","guid":{"rendered":"https:\/\/geliurasa.lt\/?post_type=product&#038;p=41270"},"modified":"2026-02-17T14:05:40","modified_gmt":"2026-02-17T12:05:40","slug":"siurpinis-gvazdikas-formula-mixture-late","status":"publish","type":"product","link":"https:\/\/geliurasa.lt\/index.php\/produktas\/siurpinis-gvazdikas-formula-mixture-late\/","title":{"rendered":"\u0160iurpinis gvazdikas Formula Mixture Late"},"content":{"rendered":"<p>V\u0117lyvas \u0161iurpinis gvazdikas.<\/p>\n","protected":false},"excerpt":{"rendered":"<div>DIANTHUS barbatus<\/div>\n<div><strong>Gamintojas:\u00a0<\/strong>Olandija<\/div>\n<div><strong>Grup\u0117: <\/strong>dvimet\u0117<\/div>\n<div><strong>Kiekis pakelyje:<\/strong> 1 g<\/div>\n<div><strong>Auk\u0161tis cm:<\/strong> 50<\/div>\n<div><strong>S\u0117ti m\u0117n.: <\/strong>IV-VI<\/div>\n<div><strong>Vieta:<\/strong> saul\u0117ta, dalinis pav\u0117sis<\/div>\n","protected":false},"featured_media":41479,"comment_status":"open","ping_status":"closed","template":"","meta":{"jetpack_publicize_message":"","jetpack_publicize_feature_enabled":true,"jetpack_social_post_already_shared":false,"jetpack_social_options":{"image_generator_settings":{"template":"highway","default_image_id":0,"font":"","enabled":false},"version":2}},"product_brand":[],"product_cat":[134,309,99,42],"product_tag":[310,154,52,51],"class_list":{"0":"post-41270","1":"product","2":"type-product","3":"status-publish","4":"has-post-thumbnail","6":"product_cat-dvimetes-geliu-seklos","7":"product_cat-gvazdikai","8":"product_cat-naujos-prekes","9":"product_cat-seklos","10":"product_tag-dianthus","11":"product_tag-gvazdikas","12":"product_tag-seeds","13":"product_tag-seklos","14":"product_shipping_class-seklos","16":"first","17":"instock","18":"shipping-taxable","19":"purchasable","20":"product-type-simple"},"jetpack_publicize_connections":[],"jetpack_sharing_enabled":true,"_links":{"self":[{"href":"https:\/\/geliurasa.lt\/index.php\/wp-json\/wp\/v2\/product\/41270","targetHints":{"allow":["GET"]}}],"collection":[{"href":"https:\/\/geliurasa.lt\/index.php\/wp-json\/wp\/v2\/product"}],"about":[{"href":"https:\/\/geliurasa.lt\/index.php\/wp-json\/wp\/v2\/types\/product"}],"replies":[{"embeddable":true,"href":"https:\/\/geliurasa.lt\/index.php\/wp-json\/wp\/v2\/comments?post=41270"}],"wp:featuredmedia":[{"embeddable":true,"href":"https:\/\/geliurasa.lt\/index.php\/wp-json\/wp\/v2\/media\/41479"}],"wp:attachment":[{"href":"https:\/\/geliurasa.lt\/index.php\/wp-json\/wp\/v2\/media?parent=41270"}],"wp:term":[{"taxonomy":"product_brand","embeddable":true,"href":"https:\/\/geliurasa.lt\/index.php\/wp-json\/wp\/v2\/product_brand?post=41270"},{"taxonomy":"product_cat","embeddable":true,"href":"https:\/\/geliurasa.lt\/index.php\/wp-json\/wp\/v2\/product_cat?post=41270"},{"taxonomy":"product_tag","embeddable":true,"href":"https:\/\/geliurasa.lt\/index.php\/wp-json\/wp\/v2\/product_tag?post=41270"}],"curies":[{"name":"wp","href":"https:\/\/api.w.org\/{rel}","templated":true}]}}