{"id":41274,"date":"2025-02-07T17:59:38","date_gmt":"2025-02-07T15:59:38","guid":{"rendered":"https:\/\/geliurasa.lt\/?post_type=product&#038;p=41274"},"modified":"2025-09-07T17:16:18","modified_gmt":"2025-09-07T14:16:18","slug":"siurpinis-gvazdikas-hollandia-homeland","status":"publish","type":"product","link":"https:\/\/geliurasa.lt\/index.php\/produktas\/siurpinis-gvazdikas-hollandia-homeland\/","title":{"rendered":"\u0160iurpinis gvazdikas Hollandia Homeland"},"content":{"rendered":"<p>2024 met\u0173 naujiena, baltu viduriu su raudonais banguotais kra\u0161teliais, \u0161iurpinis gvazdikas.<\/p>\n","protected":false},"excerpt":{"rendered":"<div>DIANTHUS barbatus<\/div>\n<div><strong>Gamintojas:\u00a0<\/strong>Olandija<\/div>\n<div><strong>Grup\u0117: <\/strong>dvimet\u0117<\/div>\n<div><strong>Kiekis pakelyje:<\/strong> 0,2 g \u2248180\u00a0 s\u0117kl\u0173<\/div>\n<div><strong>Auk\u0161tis cm:<\/strong> 50<\/div>\n<div><strong>S\u0117ti m\u0117n.: <\/strong>IV-VI<\/div>\n<div><strong>Vieta:<\/strong> saul\u0117ta, dalinis pav\u0117sis<\/div>\n","protected":false},"featured_media":41475,"comment_status":"open","ping_status":"closed","template":"","meta":{"jetpack_publicize_message":"","jetpack_publicize_feature_enabled":true,"jetpack_social_post_already_shared":false,"jetpack_social_options":{"image_generator_settings":{"template":"highway","default_image_id":0,"font":"","enabled":false},"version":2}},"product_brand":[],"product_cat":[134,309,99,42],"product_tag":[310,154,52,51],"class_list":{"0":"post-41274","1":"product","2":"type-product","3":"status-publish","4":"has-post-thumbnail","6":"product_cat-dvimetes-geliu-seklos","7":"product_cat-gvazdikai","8":"product_cat-naujos-prekes","9":"product_cat-seklos","10":"product_tag-dianthus","11":"product_tag-gvazdikas","12":"product_tag-seeds","13":"product_tag-seklos","14":"product_shipping_class-seklos","16":"first","17":"instock","18":"shipping-taxable","19":"purchasable","20":"product-type-simple"},"jetpack_publicize_connections":[],"jetpack_sharing_enabled":true,"_links":{"self":[{"href":"https:\/\/geliurasa.lt\/index.php\/wp-json\/wp\/v2\/product\/41274","targetHints":{"allow":["GET"]}}],"collection":[{"href":"https:\/\/geliurasa.lt\/index.php\/wp-json\/wp\/v2\/product"}],"about":[{"href":"https:\/\/geliurasa.lt\/index.php\/wp-json\/wp\/v2\/types\/product"}],"replies":[{"embeddable":true,"href":"https:\/\/geliurasa.lt\/index.php\/wp-json\/wp\/v2\/comments?post=41274"}],"wp:featuredmedia":[{"embeddable":true,"href":"https:\/\/geliurasa.lt\/index.php\/wp-json\/wp\/v2\/media\/41475"}],"wp:attachment":[{"href":"https:\/\/geliurasa.lt\/index.php\/wp-json\/wp\/v2\/media?parent=41274"}],"wp:term":[{"taxonomy":"product_brand","embeddable":true,"href":"https:\/\/geliurasa.lt\/index.php\/wp-json\/wp\/v2\/product_brand?post=41274"},{"taxonomy":"product_cat","embeddable":true,"href":"https:\/\/geliurasa.lt\/index.php\/wp-json\/wp\/v2\/product_cat?post=41274"},{"taxonomy":"product_tag","embeddable":true,"href":"https:\/\/geliurasa.lt\/index.php\/wp-json\/wp\/v2\/product_tag?post=41274"}],"curies":[{"name":"wp","href":"https:\/\/api.w.org\/{rel}","templated":true}]}}