{"id":41282,"date":"2025-02-07T18:04:12","date_gmt":"2025-02-07T16:04:12","guid":{"rendered":"https:\/\/geliurasa.lt\/?post_type=product&#038;p=41282"},"modified":"2026-04-16T17:35:33","modified_gmt":"2026-04-16T14:35:33","slug":"siurpinis-gvazdikas-scarlet-beauty-late","status":"publish","type":"product","link":"https:\/\/geliurasa.lt\/index.php\/produktas\/siurpinis-gvazdikas-scarlet-beauty-late\/","title":{"rendered":"\u0160iurpinis gvazdikas Scarlet  Beauty Late"},"content":{"rendered":"<p>Scarlet Beauty intensyvios tamsiai raudonos spalvos, su stambiais\u00a0 \u017eiedynais. \u0160i veisl\u0117 pritaikyta skynimui.<\/p>\n<p>\u0160iurpiniai gvazdikai s\u0117jami v\u0117lyv\u0105 pavasar\u012f, arba ruden\u012f &#8211; kit\u0173\u00a0 met\u0173 \u017eyd\u0117jimui. Pirmais metais \u017eyd\u0117s jei bus pas\u0117ti vasar\u012f-kov\u0105 ir i\u0161sodinti daigais.<\/p>\n<p>&nbsp;<\/p>\n","protected":false},"excerpt":{"rendered":"<div>DIANTHUS barbatus<\/div>\n<div><strong>Gamintojas:\u00a0<\/strong>Olandija<\/div>\n<div><strong>Grup\u0117: <\/strong>dvimet\u0117<\/div>\n<div><strong>Kiekis pakelyje:<\/strong> 0.5 g<\/div>\n<div><strong>Auk\u0161tis cm:<\/strong> 50<\/div>\n<div><strong>S\u0117ti m\u0117n.: <\/strong>IV-VI, VIII-IX<\/div>\n<div><strong>Vieta:<\/strong> saul\u0117ta, dalinis pav\u0117sis<\/div>\n","protected":false},"featured_media":41459,"comment_status":"open","ping_status":"closed","template":"","meta":{"jetpack_publicize_message":"","jetpack_publicize_feature_enabled":true,"jetpack_social_post_already_shared":false,"jetpack_social_options":{"image_generator_settings":{"template":"highway","default_image_id":0,"font":"","enabled":false},"version":2}},"product_brand":[],"product_cat":[134,309,99,42],"product_tag":[310,154,52,51],"class_list":{"0":"post-41282","1":"product","2":"type-product","3":"status-publish","4":"has-post-thumbnail","6":"product_cat-dvimetes-geliu-seklos","7":"product_cat-gvazdikai","8":"product_cat-naujos-prekes","9":"product_cat-seklos","10":"product_tag-dianthus","11":"product_tag-gvazdikas","12":"product_tag-seeds","13":"product_tag-seklos","14":"product_shipping_class-seklos","16":"first","17":"instock","18":"shipping-taxable","19":"purchasable","20":"product-type-simple"},"jetpack_publicize_connections":[],"jetpack_sharing_enabled":true,"_links":{"self":[{"href":"https:\/\/geliurasa.lt\/index.php\/wp-json\/wp\/v2\/product\/41282","targetHints":{"allow":["GET"]}}],"collection":[{"href":"https:\/\/geliurasa.lt\/index.php\/wp-json\/wp\/v2\/product"}],"about":[{"href":"https:\/\/geliurasa.lt\/index.php\/wp-json\/wp\/v2\/types\/product"}],"replies":[{"embeddable":true,"href":"https:\/\/geliurasa.lt\/index.php\/wp-json\/wp\/v2\/comments?post=41282"}],"wp:featuredmedia":[{"embeddable":true,"href":"https:\/\/geliurasa.lt\/index.php\/wp-json\/wp\/v2\/media\/41459"}],"wp:attachment":[{"href":"https:\/\/geliurasa.lt\/index.php\/wp-json\/wp\/v2\/media?parent=41282"}],"wp:term":[{"taxonomy":"product_brand","embeddable":true,"href":"https:\/\/geliurasa.lt\/index.php\/wp-json\/wp\/v2\/product_brand?post=41282"},{"taxonomy":"product_cat","embeddable":true,"href":"https:\/\/geliurasa.lt\/index.php\/wp-json\/wp\/v2\/product_cat?post=41282"},{"taxonomy":"product_tag","embeddable":true,"href":"https:\/\/geliurasa.lt\/index.php\/wp-json\/wp\/v2\/product_tag?post=41282"}],"curies":[{"name":"wp","href":"https:\/\/api.w.org\/{rel}","templated":true}]}}