{"id":41312,"date":"2025-02-07T18:05:03","date_gmt":"2025-02-07T16:05:03","guid":{"rendered":"https:\/\/geliurasa.lt\/?post_type=product&#038;p=41312"},"modified":"2026-04-03T23:49:29","modified_gmt":"2026-04-03T20:49:29","slug":"rausvasis-sausutis-pierrot-white","status":"publish","type":"product","link":"https:\/\/geliurasa.lt\/index.php\/produktas\/rausvasis-sausutis-pierrot-white\/","title":{"rendered":"Rausvasis sausutis Pierrot White"},"content":{"rendered":"<p>Unikalus juodos ir baltos spalv\u0173 derinys.<\/p>\n<p>Pierrot White turi \u00a02,5 cm skersmens \u00a0\u017eiedus, kurie yra grynai balti su kontrastingu juodu centru, aplink kur\u012f yra geltonas ruo\u017eelis. Lapeliai siauri, pilkai \u017eali.\u00a0 \u017dydi vis\u0105 vasar\u0105. Nuskynus \u017eiedus, vis skleid\u017eiasi nauji. Kr\u016bmelis \u0161akojasi, stiebai stati, patog\u0173s skinti. Nuostabiai atrodo puok\u0161t\u0117se. Labai tinka d\u017eiovinti. \u012esp\u016bdingai atrodo, kai auga keletas augal\u0173 vienoje vietoje.<\/p>\n<p>S\u0117jama namie, likus 6-8 savait\u0117ms iki paskutini\u0173 \u0161aln\u0173. Arba tiesiai \u012f lauk\u0105 po paskutini\u0173 \u0161aln\u0173. S\u0117klas lengvai \u012fspausti dirvos pavir\u0161iuje arba lengvai u\u017edengti, nes \u0161viesa skatina dygim\u0105. Laikyti dirv\u0105 dr\u0117gn\u0105, kol i\u0161dygs. Dygsta 14-21 diena prie 18-24\u00b0C.<\/p>\n<p>&nbsp;<\/p>\n","protected":false},"excerpt":{"rendered":"<div>HELIPTERUM (Acrolinium) roseum<\/div>\n<div><strong>Gamintojas:\u00a0<\/strong>Olandija<\/div>\n<div><strong>Grup\u0117:<\/strong>\u00a0Vienmet\u0117<\/div>\n<div><strong>Kiekis pakelyje:<\/strong> 0,1 g \u2248 50 s\u0117kl\u0173<\/div>\n<div><strong>Auk\u0161tis cm:<\/strong> 50<\/div>\n<div><strong>S\u0117ti m\u0117n.:<\/strong> IV-V<\/div>\n<div><strong>Vieta:<\/strong> saul\u0117ta, iki dalinio pav\u0117sio<\/div>\n","protected":false},"featured_media":41314,"comment_status":"open","ping_status":"closed","template":"","meta":{"jetpack_publicize_message":"","jetpack_publicize_feature_enabled":true,"jetpack_social_post_already_shared":false,"jetpack_social_options":{"image_generator_settings":{"template":"highway","default_image_id":0,"font":"","enabled":false},"version":2}},"product_brand":[],"product_cat":[99,311,128,42],"product_tag":[52,51,243],"class_list":{"0":"post-41312","1":"product","2":"type-product","3":"status-publish","4":"has-post-thumbnail","6":"product_cat-naujos-prekes","7":"product_cat-slamuciai","8":"product_cat-vienmeciu-geliu-seklos","9":"product_cat-seklos","10":"product_tag-seeds","11":"product_tag-seklos","12":"product_tag-slamutis","13":"product_shipping_class-seklos","15":"first","16":"instock","17":"shipping-taxable","18":"purchasable","19":"product-type-simple"},"jetpack_publicize_connections":[],"jetpack_sharing_enabled":true,"_links":{"self":[{"href":"https:\/\/geliurasa.lt\/index.php\/wp-json\/wp\/v2\/product\/41312","targetHints":{"allow":["GET"]}}],"collection":[{"href":"https:\/\/geliurasa.lt\/index.php\/wp-json\/wp\/v2\/product"}],"about":[{"href":"https:\/\/geliurasa.lt\/index.php\/wp-json\/wp\/v2\/types\/product"}],"replies":[{"embeddable":true,"href":"https:\/\/geliurasa.lt\/index.php\/wp-json\/wp\/v2\/comments?post=41312"}],"wp:featuredmedia":[{"embeddable":true,"href":"https:\/\/geliurasa.lt\/index.php\/wp-json\/wp\/v2\/media\/41314"}],"wp:attachment":[{"href":"https:\/\/geliurasa.lt\/index.php\/wp-json\/wp\/v2\/media?parent=41312"}],"wp:term":[{"taxonomy":"product_brand","embeddable":true,"href":"https:\/\/geliurasa.lt\/index.php\/wp-json\/wp\/v2\/product_brand?post=41312"},{"taxonomy":"product_cat","embeddable":true,"href":"https:\/\/geliurasa.lt\/index.php\/wp-json\/wp\/v2\/product_cat?post=41312"},{"taxonomy":"product_tag","embeddable":true,"href":"https:\/\/geliurasa.lt\/index.php\/wp-json\/wp\/v2\/product_tag?post=41312"}],"curies":[{"name":"wp","href":"https:\/\/api.w.org\/{rel}","templated":true}]}}