{"id":41374,"date":"2025-02-07T18:08:05","date_gmt":"2025-02-07T16:08:05","guid":{"rendered":"https:\/\/geliurasa.lt\/?post_type=product&#038;p=41374"},"modified":"2026-03-22T07:38:23","modified_gmt":"2026-03-22T05:38:23","slug":"siurpinis-tarprusinis-gvazdikas-rockin-red-daugiametis","status":"publish","type":"product","link":"https:\/\/geliurasa.lt\/index.php\/produktas\/siurpinis-tarprusinis-gvazdikas-rockin-red-daugiametis\/","title":{"rendered":"\u0160iurpinis tarpr\u016b\u0161inis gvazdikas Rockin&#8217; Red (daugiametis)"},"content":{"rendered":"<p>\u0160io i\u0161skirtin\u0117s Rockin serijos ry\u0161kus gvazdikas &#8211; pirmaisiais metais \u017eydintis daugiametis augalas, atsparus kar\u0161\u010diui ir \u0161al\u010diui. \u00a0\u017diedai n\u0117riniuoti, pusiau\u00a0 pilnaviduriai, \u0161iek tiek kvepiantys. Puikiai augs tiek g\u0117lyne, tiek vazone, nereiklus. Nors savaime gerai \u017eydi, bet nuskynus nu\u017eyd\u0117jusius \u017eiedynus, \u017eyd\u0117s iki v\u0117lyvo rudens. Ilgi stiebai idealiai tinka skynimui.<\/p>\n","protected":false},"excerpt":{"rendered":"<div>Dianthus x barbatus interspecific<\/div>\n<div><strong>Gamintojas:\u00a0<\/strong>Olandija<\/div>\n<div><strong>Grup\u0117: <\/strong>daugiamet\u0117<\/div>\n<div><strong>Kiekis pakelyje:<\/strong> 5 s\u0117klos<\/div>\n<div><strong>Auk\u0161tis cm:<\/strong> 46\u201361 cm<\/div>\n<div><b>Atstumas tarp daig\u0173 :<\/b>\u00a0 30 cm<\/div>\n<div><strong>S\u0117ti m\u0117n.: <\/strong>II- III viduje, IV-V lauke<\/div>\n<div><strong>Vieta:<\/strong> saul\u0117ta, dalinis pav\u0117sis<\/div>\n<div><strong>Dirva: <\/strong>neutrali<\/div>\n<div><strong>Klimato zona:<\/strong> 5a &#8211; 8b<\/div>\n","protected":false},"featured_media":41375,"comment_status":"open","ping_status":"closed","template":"","meta":{"jetpack_publicize_message":"","jetpack_publicize_feature_enabled":true,"jetpack_social_post_already_shared":false,"jetpack_social_options":{"image_generator_settings":{"template":"highway","default_image_id":0,"font":"","enabled":false},"version":2}},"product_brand":[],"product_cat":[126,309,99,42],"product_tag":[310,154,314,52,51],"class_list":{"0":"post-41374","1":"product","2":"type-product","3":"status-publish","4":"has-post-thumbnail","6":"product_cat-daugiameciu-geliu-seklos","7":"product_cat-gvazdikai","8":"product_cat-naujos-prekes","9":"product_cat-seklos","10":"product_tag-dianthus","11":"product_tag-gvazdikas","12":"product_tag-interspecific","13":"product_tag-seeds","14":"product_tag-seklos","15":"product_shipping_class-seklos","17":"first","18":"instock","19":"shipping-taxable","20":"purchasable","21":"product-type-simple"},"jetpack_publicize_connections":[],"jetpack_sharing_enabled":true,"_links":{"self":[{"href":"https:\/\/geliurasa.lt\/index.php\/wp-json\/wp\/v2\/product\/41374","targetHints":{"allow":["GET"]}}],"collection":[{"href":"https:\/\/geliurasa.lt\/index.php\/wp-json\/wp\/v2\/product"}],"about":[{"href":"https:\/\/geliurasa.lt\/index.php\/wp-json\/wp\/v2\/types\/product"}],"replies":[{"embeddable":true,"href":"https:\/\/geliurasa.lt\/index.php\/wp-json\/wp\/v2\/comments?post=41374"}],"wp:featuredmedia":[{"embeddable":true,"href":"https:\/\/geliurasa.lt\/index.php\/wp-json\/wp\/v2\/media\/41375"}],"wp:attachment":[{"href":"https:\/\/geliurasa.lt\/index.php\/wp-json\/wp\/v2\/media?parent=41374"}],"wp:term":[{"taxonomy":"product_brand","embeddable":true,"href":"https:\/\/geliurasa.lt\/index.php\/wp-json\/wp\/v2\/product_brand?post=41374"},{"taxonomy":"product_cat","embeddable":true,"href":"https:\/\/geliurasa.lt\/index.php\/wp-json\/wp\/v2\/product_cat?post=41374"},{"taxonomy":"product_tag","embeddable":true,"href":"https:\/\/geliurasa.lt\/index.php\/wp-json\/wp\/v2\/product_tag?post=41374"}],"curies":[{"name":"wp","href":"https:\/\/api.w.org\/{rel}","templated":true}]}}