{"id":41395,"date":"2025-02-07T18:06:48","date_gmt":"2025-02-07T16:06:48","guid":{"rendered":"https:\/\/geliurasa.lt\/?post_type=product&#038;p=41395"},"modified":"2026-03-22T19:53:23","modified_gmt":"2026-03-22T17:53:23","slug":"sinavadas-f1-earlybird-purple-white","status":"publish","type":"product","link":"https:\/\/geliurasa.lt\/index.php\/produktas\/sinavadas-f1-earlybird-purple-white\/","title":{"rendered":"Sinavadas F1 Earlybird  Purple White"},"content":{"rendered":"<p>Ankstyvas, kompakti\u0161kas, pilnas \u017eied\u0173, kr\u016bmelis. \u0160i\u0173 sinavad\u0173 serija pasi\u017eymi gausiu \u017eyd\u0117jimu, ry\u0161kiomis spalvomis. Kr\u016bmas gausiai \u0161akojasi. Tod\u0117l pavasar\u012f g\u0117lyne d\u017eiugina \u017eydintys kamuoliukai. Sinavadai trumpaam\u017eiai augalai, tod\u0117l\u00a0 po 2-3 met\u0173 b\u016btina juos persodinti ir i\u0161skirstyti.<\/p>\n","protected":false},"excerpt":{"rendered":"<div><em>AQUILEGIA hybrida<\/em><\/div>\n<div><strong>Gamintojas:\u00a0<\/strong>Olandija<\/div>\n<div><strong>Grup\u0117: <\/strong>daugiamet\u0117<\/div>\n<div><strong>Kiekis pakelyje:<\/strong> 5 s\u0117klos<\/div>\n<div><strong>Auk\u0161tis cm:<\/strong> 23\u201330 cm<\/div>\n<div><strong>S\u0117ti m\u0117n.: <\/strong>III viduje, IV-V lauke<\/div>\n<div><strong>Vieta:<\/strong> saul\u0117ta, dalinis pav\u0117sis<\/div>\n<div><strong>Dirva: <\/strong>neutrali<\/div>\n<div><\/div>\n","protected":false},"featured_media":41396,"comment_status":"open","ping_status":"closed","template":"","meta":{"jetpack_publicize_message":"","jetpack_publicize_feature_enabled":true,"jetpack_social_post_already_shared":false,"jetpack_social_options":{"image_generator_settings":{"template":"highway","default_image_id":0,"font":"","enabled":false},"version":2}},"product_brand":[],"product_cat":[126,99,42,69],"product_tag":[70,52,51,53],"class_list":{"0":"post-41395","1":"product","2":"type-product","3":"status-publish","4":"has-post-thumbnail","6":"product_cat-daugiameciu-geliu-seklos","7":"product_cat-naujos-prekes","8":"product_cat-seklos","9":"product_cat-sinavadas","10":"product_tag-aquilegia","11":"product_tag-seeds","12":"product_tag-seklos","13":"product_tag-sinavadas","14":"product_shipping_class-seklos","16":"first","17":"instock","18":"shipping-taxable","19":"purchasable","20":"product-type-simple"},"jetpack_publicize_connections":[],"jetpack_sharing_enabled":true,"_links":{"self":[{"href":"https:\/\/geliurasa.lt\/index.php\/wp-json\/wp\/v2\/product\/41395","targetHints":{"allow":["GET"]}}],"collection":[{"href":"https:\/\/geliurasa.lt\/index.php\/wp-json\/wp\/v2\/product"}],"about":[{"href":"https:\/\/geliurasa.lt\/index.php\/wp-json\/wp\/v2\/types\/product"}],"replies":[{"embeddable":true,"href":"https:\/\/geliurasa.lt\/index.php\/wp-json\/wp\/v2\/comments?post=41395"}],"wp:featuredmedia":[{"embeddable":true,"href":"https:\/\/geliurasa.lt\/index.php\/wp-json\/wp\/v2\/media\/41396"}],"wp:attachment":[{"href":"https:\/\/geliurasa.lt\/index.php\/wp-json\/wp\/v2\/media?parent=41395"}],"wp:term":[{"taxonomy":"product_brand","embeddable":true,"href":"https:\/\/geliurasa.lt\/index.php\/wp-json\/wp\/v2\/product_brand?post=41395"},{"taxonomy":"product_cat","embeddable":true,"href":"https:\/\/geliurasa.lt\/index.php\/wp-json\/wp\/v2\/product_cat?post=41395"},{"taxonomy":"product_tag","embeddable":true,"href":"https:\/\/geliurasa.lt\/index.php\/wp-json\/wp\/v2\/product_tag?post=41395"}],"curies":[{"name":"wp","href":"https:\/\/api.w.org\/{rel}","templated":true}]}}