{"id":41405,"date":"2025-02-07T18:06:20","date_gmt":"2025-02-07T16:06:20","guid":{"rendered":"https:\/\/geliurasa.lt\/?post_type=product&#038;p=41405"},"modified":"2026-03-24T23:15:19","modified_gmt":"2026-03-24T21:15:19","slug":"zydrasis-sinavadas-f1-mckana-giant","status":"publish","type":"product","link":"https:\/\/geliurasa.lt\/index.php\/produktas\/zydrasis-sinavadas-f1-mckana-giant\/","title":{"rendered":"\u017dydrasis sinavadas F1 McKana Giant"},"content":{"rendered":"<p>Tai stambia\u017eied\u017eio sinavado mi\u0161inys, ypa\u010d tinkamas skynimui. Ry\u0161k\u016bs dvispalviai\u00a0 m\u0117lynos, raudonos, ro\u017ein\u0117s, geltonos, baltos ir violetin\u0117s spalvos\u00a0 sinavad\u0173 deriniai. \u017dydi bir\u017eelio prad\u017eioje, kai dar taip tr\u016bksta spalv\u0173.<\/p>\n","protected":false},"excerpt":{"rendered":"<div>AQUILEGIA caerulea hybrida<\/div>\n<div><strong>Gamintojas:\u00a0<\/strong>Olandija<\/div>\n<div><strong>Grup\u0117: <\/strong>daugiamet\u0117<\/div>\n<div><strong>Kiekis pakelyje:<\/strong> 0,2 g<\/div>\n<div><strong>Auk\u0161tis cm:<\/strong> 80<\/div>\n<div><strong>S\u0117ti m\u0117n.: <\/strong>III viduje, IV-V lauke<\/div>\n<div><strong>Vieta:<\/strong> saul\u0117ta, dalinis pav\u0117sis<\/div>\n<div><strong>Dirva: <\/strong>neutrali<\/div>\n<div><\/div>\n","protected":false},"featured_media":41411,"comment_status":"open","ping_status":"closed","template":"","meta":{"jetpack_publicize_message":"","jetpack_publicize_feature_enabled":true,"jetpack_social_post_already_shared":false,"jetpack_social_options":{"image_generator_settings":{"template":"highway","default_image_id":0,"font":"","enabled":false},"version":2}},"product_brand":[],"product_cat":[126,99,42,69],"product_tag":[70,52,51,53],"class_list":{"0":"post-41405","1":"product","2":"type-product","3":"status-publish","4":"has-post-thumbnail","6":"product_cat-daugiameciu-geliu-seklos","7":"product_cat-naujos-prekes","8":"product_cat-seklos","9":"product_cat-sinavadas","10":"product_tag-aquilegia","11":"product_tag-seeds","12":"product_tag-seklos","13":"product_tag-sinavadas","14":"product_shipping_class-seklos","16":"first","17":"instock","18":"shipping-taxable","19":"purchasable","20":"product-type-simple"},"jetpack_publicize_connections":[],"jetpack_sharing_enabled":true,"_links":{"self":[{"href":"https:\/\/geliurasa.lt\/index.php\/wp-json\/wp\/v2\/product\/41405","targetHints":{"allow":["GET"]}}],"collection":[{"href":"https:\/\/geliurasa.lt\/index.php\/wp-json\/wp\/v2\/product"}],"about":[{"href":"https:\/\/geliurasa.lt\/index.php\/wp-json\/wp\/v2\/types\/product"}],"replies":[{"embeddable":true,"href":"https:\/\/geliurasa.lt\/index.php\/wp-json\/wp\/v2\/comments?post=41405"}],"wp:featuredmedia":[{"embeddable":true,"href":"https:\/\/geliurasa.lt\/index.php\/wp-json\/wp\/v2\/media\/41411"}],"wp:attachment":[{"href":"https:\/\/geliurasa.lt\/index.php\/wp-json\/wp\/v2\/media?parent=41405"}],"wp:term":[{"taxonomy":"product_brand","embeddable":true,"href":"https:\/\/geliurasa.lt\/index.php\/wp-json\/wp\/v2\/product_brand?post=41405"},{"taxonomy":"product_cat","embeddable":true,"href":"https:\/\/geliurasa.lt\/index.php\/wp-json\/wp\/v2\/product_cat?post=41405"},{"taxonomy":"product_tag","embeddable":true,"href":"https:\/\/geliurasa.lt\/index.php\/wp-json\/wp\/v2\/product_tag?post=41405"}],"curies":[{"name":"wp","href":"https:\/\/api.w.org\/{rel}","templated":true}]}}