{"id":41426,"date":"2025-02-07T17:57:25","date_gmt":"2025-02-07T15:57:25","guid":{"rendered":"https:\/\/geliurasa.lt\/?post_type=product&#038;p=41426"},"modified":"2026-04-02T17:15:33","modified_gmt":"2026-04-02T14:15:33","slug":"dirvinis-raguolis-qis-formula-mixture","status":"publish","type":"product","link":"https:\/\/geliurasa.lt\/index.php\/produktas\/dirvinis-raguolis-qis-formula-mixture\/","title":{"rendered":"Dirvinis raguolis QIS Formula Mixture"},"content":{"rendered":"<p>\u0160io mi\u0161inio spalvos: balta \u0161viesiai ir tamsiai alyvin\u0117s, violetin\u0117, \u0161viesi ir tamsesn\u0117 ro\u017ein\u0117s, m\u0117lyna. QIS i\u0161skirtin\u0117 serija skint\u0173 g\u0117li\u0173 gamybai d\u0117l savo vienodumo, spalvos, stiebo kokyb\u0117s ir \u017eied\u0173 dvigubumo. Patrauklios g\u0117l\u0117s g\u0117lynams, vazonams.<\/p>\n<p>Raguoliai \u017eydi nuo stiebo apa\u010dios ir kyla \u012f vir\u0161\u0173. Tod\u0117l ilgai laikosi vazoje. Nepamainoma \u0161ven\u010di\u0173 puo\u0161mena, gal tod\u0117l taip m\u0117gstami angli\u0161kuose soduose. Nuostabiai atrodo lauko g\u0117li\u0173 pievel\u0117se, kai j\u0173 ilgos \u017evak\u0117s stiebiasi vir\u0161 pievel\u0117s tarp rugiag\u0117li\u0173, aguon\u0173, krauja\u017eoli\u0173, ami\u0173, smilg\u0173 ir t.t&#8230;<\/p>\n<p>Vasarin\u012f raguol\u012f geriausia \u00a0s\u0117ti \u00a0tiesiai \u012f dirv\u0105 ruden\u012f, \u017eiem\u0105 arba ankstyv\u0105 pavasar\u012f. S\u0117kloms b\u016btinas pa\u0161aldymas, kitaip nedygs. S\u0117klos u\u017eberiamos 6 mm \u017eem\u0117s ar sm\u0117lio sluoksniu, dygimui reikalinga tamsa. Daigus taip pat galima i\u0161sodinti, kai oras vis dar v\u0117sus ar \u0161altas. A\u0161 s\u0117kl\u0105 pa\u0161aldau \u0161aldiklyje 2 sav., tada mirkau par\u0105 vandenyje. Pas\u0117jus ne\u0161u \u012f lauk\u0105 dygimui. Tai b\u016bna kovo prad\u017eia. Laikau terasoje apdengtus mai\u0161eliu, kad nei\u0161garuot\u0173 dr\u0117gm\u0117. Galima laikyti balkone, lauke.Dygsta 14\u201321 d. Jei daigai i\u0161sodinami \u012f vazonus, reikalingi gilesni, nes liemenin\u0117s \u0161aknys greitai auga. Ruden\u012f raguolis pats pasis\u0117ja.<\/p>\n","protected":false},"excerpt":{"rendered":"<div>Delphinium consolida<\/div>\n<div><strong>Gamintojas:\u00a0<\/strong>Olandija<\/div>\n<div><strong>Grup\u0117:<\/strong>vienmet\u0117<\/div>\n<div><strong>Kiekis pakelyje: <\/strong>0,5 g<\/div>\n<div><strong>Auk\u0161tis cm:<\/strong> 90<\/div>\n<div><strong>S\u0117ti m\u0117n.: <\/strong>III- IV , IX\u00a0 -X<\/div>\n<div><strong>Vieta:<\/strong> saul\u0117ta, dalinis pav\u0117sis<\/div>\n","protected":false},"featured_media":41492,"comment_status":"open","ping_status":"closed","template":"","meta":{"jetpack_publicize_message":"","jetpack_publicize_feature_enabled":true,"jetpack_social_post_already_shared":true,"jetpack_social_options":{"image_generator_settings":{"template":"highway","default_image_id":0,"font":"","enabled":false},"version":2}},"product_brand":[],"product_cat":[99,308,128,42],"product_tag":[258,307,52,51],"class_list":{"0":"post-41426","1":"product","2":"type-product","3":"status-publish","4":"has-post-thumbnail","6":"product_cat-naujos-prekes","7":"product_cat-raguoliai","8":"product_cat-vienmeciu-geliu-seklos","9":"product_cat-seklos","10":"product_tag-delphinium","11":"product_tag-raguolis","12":"product_tag-seeds","13":"product_tag-seklos","14":"product_shipping_class-seklos","16":"first","17":"instock","18":"shipping-taxable","19":"purchasable","20":"product-type-simple"},"jetpack_publicize_connections":[],"jetpack_sharing_enabled":true,"_links":{"self":[{"href":"https:\/\/geliurasa.lt\/index.php\/wp-json\/wp\/v2\/product\/41426","targetHints":{"allow":["GET"]}}],"collection":[{"href":"https:\/\/geliurasa.lt\/index.php\/wp-json\/wp\/v2\/product"}],"about":[{"href":"https:\/\/geliurasa.lt\/index.php\/wp-json\/wp\/v2\/types\/product"}],"replies":[{"embeddable":true,"href":"https:\/\/geliurasa.lt\/index.php\/wp-json\/wp\/v2\/comments?post=41426"}],"wp:featuredmedia":[{"embeddable":true,"href":"https:\/\/geliurasa.lt\/index.php\/wp-json\/wp\/v2\/media\/41492"}],"wp:attachment":[{"href":"https:\/\/geliurasa.lt\/index.php\/wp-json\/wp\/v2\/media?parent=41426"}],"wp:term":[{"taxonomy":"product_brand","embeddable":true,"href":"https:\/\/geliurasa.lt\/index.php\/wp-json\/wp\/v2\/product_brand?post=41426"},{"taxonomy":"product_cat","embeddable":true,"href":"https:\/\/geliurasa.lt\/index.php\/wp-json\/wp\/v2\/product_cat?post=41426"},{"taxonomy":"product_tag","embeddable":true,"href":"https:\/\/geliurasa.lt\/index.php\/wp-json\/wp\/v2\/product_tag?post=41426"}],"curies":[{"name":"wp","href":"https:\/\/api.w.org\/{rel}","templated":true}]}}