{"id":41452,"date":"2025-02-07T11:24:43","date_gmt":"2025-02-07T09:24:43","guid":{"rendered":"https:\/\/geliurasa.lt\/?post_type=product&#038;p=41452"},"modified":"2026-04-02T23:37:27","modified_gmt":"2026-04-02T20:37:27","slug":"aguona-dekoratyvine-black-peony","status":"publish","type":"product","link":"https:\/\/geliurasa.lt\/index.php\/produktas\/aguona-dekoratyvine-black-peony\/","title":{"rendered":"Aguona dekoratyvin\u0117 Black Peony"},"content":{"rendered":"<p>\u0160i stulbinanti aguona\u00a0 visi\u0161kai pilnaviduriais\u00a0 juodais su bordo atspalviu \u017eiedais. Lyg kutai, 10 cm skersmens \u017eiedai primena bij\u016bn\u0105.<\/p>\n<p>S\u0117ti lauke likus 6\u20138 savait\u0117ms iki paskutini\u0173 \u0161aln\u0173, galima jau kov\u0105. Aguonoms labiau patinka v\u0117si dirva. Dygsta neu\u017edengtos prie 15\u00b0C \u0161viesoje. Sudygsta per 7-14 dien\u0173. Galima s\u0117ti v\u0117lyv\u0105 ruden\u012f. \u0160iltu metu geriau i\u0161 viso nes\u0117ti.<\/p>\n","protected":false},"excerpt":{"rendered":"<div>Papaver somniferum<\/div>\n<div><strong>Gamintojas:\u00a0<\/strong>Olandija<\/div>\n<div><strong>Grup\u0117:<\/strong>\u00a0Vienmet\u0117<\/div>\n<div><strong>Kiekis pakelyje:<\/strong> 0,3 g<\/div>\n<div><strong>Auk\u0161tis cm: <\/strong>90<\/div>\n<div><strong>S\u0117ti m\u0117n.: <\/strong>IV-V, X<\/div>\n<div><strong>Vieta:<\/strong> saul\u0117ta, dalinis pav\u0117sis<\/div>\n<div><strong>Dirva:<\/strong> \u012fvairi, derlinga<\/div>\n","protected":false},"featured_media":41456,"comment_status":"open","ping_status":"closed","template":"","meta":{"jetpack_publicize_message":"","jetpack_publicize_feature_enabled":true,"jetpack_social_post_already_shared":false,"jetpack_social_options":{"image_generator_settings":{"template":"highway","default_image_id":0,"font":"","enabled":false},"version":2}},"product_brand":[],"product_cat":[194,99,128,42],"product_tag":[67,68,52,51],"class_list":{"0":"post-41452","1":"product","2":"type-product","3":"status-publish","4":"has-post-thumbnail","6":"product_cat-aguonu-seklos","7":"product_cat-naujos-prekes","8":"product_cat-vienmeciu-geliu-seklos","9":"product_cat-seklos","10":"product_tag-aguona","11":"product_tag-papaver","12":"product_tag-seeds","13":"product_tag-seklos","14":"product_shipping_class-seklos","16":"first","17":"instock","18":"shipping-taxable","19":"purchasable","20":"product-type-simple"},"jetpack_publicize_connections":[],"jetpack_sharing_enabled":true,"_links":{"self":[{"href":"https:\/\/geliurasa.lt\/index.php\/wp-json\/wp\/v2\/product\/41452","targetHints":{"allow":["GET"]}}],"collection":[{"href":"https:\/\/geliurasa.lt\/index.php\/wp-json\/wp\/v2\/product"}],"about":[{"href":"https:\/\/geliurasa.lt\/index.php\/wp-json\/wp\/v2\/types\/product"}],"replies":[{"embeddable":true,"href":"https:\/\/geliurasa.lt\/index.php\/wp-json\/wp\/v2\/comments?post=41452"}],"wp:featuredmedia":[{"embeddable":true,"href":"https:\/\/geliurasa.lt\/index.php\/wp-json\/wp\/v2\/media\/41456"}],"wp:attachment":[{"href":"https:\/\/geliurasa.lt\/index.php\/wp-json\/wp\/v2\/media?parent=41452"}],"wp:term":[{"taxonomy":"product_brand","embeddable":true,"href":"https:\/\/geliurasa.lt\/index.php\/wp-json\/wp\/v2\/product_brand?post=41452"},{"taxonomy":"product_cat","embeddable":true,"href":"https:\/\/geliurasa.lt\/index.php\/wp-json\/wp\/v2\/product_cat?post=41452"},{"taxonomy":"product_tag","embeddable":true,"href":"https:\/\/geliurasa.lt\/index.php\/wp-json\/wp\/v2\/product_tag?post=41452"}],"curies":[{"name":"wp","href":"https:\/\/api.w.org\/{rel}","templated":true}]}}