{"id":41561,"date":"2025-02-08T16:02:05","date_gmt":"2025-02-08T14:02:05","guid":{"rendered":"https:\/\/geliurasa.lt\/?post_type=product&#038;p=41561"},"modified":"2026-04-18T10:20:31","modified_gmt":"2026-04-18T07:20:31","slug":"paprastoji-kosmeja-velouette","status":"publish","type":"product","link":"https:\/\/geliurasa.lt\/index.php\/produktas\/paprastoji-kosmeja-velouette\/","title":{"rendered":"Paprastoji kosm\u0117ja  Velouette"},"content":{"rendered":"<p class=\"p1\"><span class=\"s1\">&#8216;Velouette&#8217; dvispalv\u0117 gra\u017euol\u0117, su kiekvienu \u017eiedu vis kitokio atspalvio raudona, intensyvi rubino raudona pereinanti \u012f balt\u0105 ir susiliejanti viena su kita. Ir visa tai ant vieno augalo. \u017diedo skersmuo nuo 5 cm iki 10 cm.<\/span><\/p>\n<p>&nbsp;<\/p>\n","protected":false},"excerpt":{"rendered":"<div>Cosmos bipinnatus<\/div>\n<div><strong>Gamintojas:\u00a0<\/strong>Olandija<\/div>\n<div><strong>Grup\u0117:<\/strong> vienmet\u0117<\/div>\n<div><strong>Kiekis pakelyje:<\/strong> 0.2 g<\/div>\n<div><strong>Auk\u0161tis cm:<\/strong> 90<\/div>\n<div><strong>S\u0117ti m\u0117n.:<\/strong> III-V<\/div>\n<div><strong>Vieta:<\/strong> saul\u0117ta-dalinis pav\u0117sis<\/div>\n<div><strong>Dirva:<\/strong> \u012fvairi, neutrali<\/div>\n","protected":false},"featured_media":41562,"comment_status":"open","ping_status":"closed","template":"","meta":{"jetpack_publicize_message":"","jetpack_publicize_feature_enabled":true,"jetpack_social_post_already_shared":true,"jetpack_social_options":{"image_generator_settings":{"template":"highway","default_image_id":0,"font":"","enabled":false},"version":2}},"product_brand":[],"product_cat":[120,99,42,128],"product_tag":[122,121,52,51,317],"class_list":{"0":"post-41561","1":"product","2":"type-product","3":"status-publish","4":"has-post-thumbnail","6":"product_cat-kosmeja","7":"product_cat-naujos-prekes","8":"product_cat-seklos","9":"product_cat-vienmeciu-geliu-seklos","10":"product_tag-cosmos","11":"product_tag-kosmeja","12":"product_tag-seeds","13":"product_tag-seklos","14":"product_tag-skynimas","15":"product_shipping_class-seklos","17":"first","18":"instock","19":"shipping-taxable","20":"purchasable","21":"product-type-simple"},"jetpack_publicize_connections":[],"jetpack_sharing_enabled":true,"_links":{"self":[{"href":"https:\/\/geliurasa.lt\/index.php\/wp-json\/wp\/v2\/product\/41561","targetHints":{"allow":["GET"]}}],"collection":[{"href":"https:\/\/geliurasa.lt\/index.php\/wp-json\/wp\/v2\/product"}],"about":[{"href":"https:\/\/geliurasa.lt\/index.php\/wp-json\/wp\/v2\/types\/product"}],"replies":[{"embeddable":true,"href":"https:\/\/geliurasa.lt\/index.php\/wp-json\/wp\/v2\/comments?post=41561"}],"wp:featuredmedia":[{"embeddable":true,"href":"https:\/\/geliurasa.lt\/index.php\/wp-json\/wp\/v2\/media\/41562"}],"wp:attachment":[{"href":"https:\/\/geliurasa.lt\/index.php\/wp-json\/wp\/v2\/media?parent=41561"}],"wp:term":[{"taxonomy":"product_brand","embeddable":true,"href":"https:\/\/geliurasa.lt\/index.php\/wp-json\/wp\/v2\/product_brand?post=41561"},{"taxonomy":"product_cat","embeddable":true,"href":"https:\/\/geliurasa.lt\/index.php\/wp-json\/wp\/v2\/product_cat?post=41561"},{"taxonomy":"product_tag","embeddable":true,"href":"https:\/\/geliurasa.lt\/index.php\/wp-json\/wp\/v2\/product_tag?post=41561"}],"curies":[{"name":"wp","href":"https:\/\/api.w.org\/{rel}","templated":true}]}}