{"id":41569,"date":"2025-02-08T17:25:47","date_gmt":"2025-02-08T15:25:47","guid":{"rendered":"https:\/\/geliurasa.lt\/?post_type=product&#038;p=41569"},"modified":"2026-04-01T10:32:02","modified_gmt":"2026-04-01T07:32:02","slug":"baltoji-krune-cloud-nine","status":"publish","type":"product","link":"https:\/\/geliurasa.lt\/index.php\/produktas\/baltoji-krune-cloud-nine\/","title":{"rendered":"Baltoji krun\u0117 Cloud Nine"},"content":{"rendered":"<p>Vienmetis kiliminis\u00a0 augalas, apsipyl\u0117s puriais baltais kvapniais \u017eiedais. \u017diedeliai unikal\u016bs &#8211; trimit\u0173 formos. J\u0173 malonus kvapas tiesiog sklinda per vis\u0105 g\u0117lyn\u0105. Mielai auga \u0161alia daugiame\u010di\u0173 augal\u0173, kr\u016bm\u0173,smilg\u0173, ro\u017e\u0117ms palei kojas. D\u0117l nuostabaus kvapo tinka\u00a0 takus apsodinti. Bent vien\u0105 augal\u0105 galima pasisodinti balkone, terasoje, \u0161iltnamyje, kad nuolat d\u017eiugint\u0173 kvapas. Tinka skinti. Kaip magnetas traukia drugelius. Nereikalauja ypatingos prie\u017ei\u016bros, jam tinka paprasta sodo \u017eem\u0117, m\u0117gsta dr\u0117gm\u0119. Per sausras reikia laistyti. \u017dydi\u00a0 nuo bir\u017eelio ir d\u017eiugina nuostabiu kvapu iki \u0161aln\u0173. Pasis\u0117ja.<\/p>\n<p>S\u0117klas galima s\u0117ti tiesiai \u012f lauk\u0105, dygimui reikalinga dr\u0117gm\u0117. Arba namie, daigus i\u0161 sodinti pra\u0117jus \u0161aln\u0173 pavojui. S\u0117klos geriau dygsta v\u0117sesn\u0117je temperat\u016broje. S\u0117jama pavir\u0161iuje, \u0161iektiek pridengiant. Dygsta apytiksliai 20 dien\u0173.<\/p>\n","protected":false},"excerpt":{"rendered":"<div>Asperula azurea.<\/div>\n<div><strong>Gamintojas:\u00a0<\/strong>Olandija<\/div>\n<div><strong>Grup\u0117:<\/strong> vienmet\u0117<\/div>\n<div><strong>Kiekis pakelyje:<\/strong> 0.2 g<\/div>\n<div><strong>Auk\u0161tis cm:<\/strong> 25-40<\/div>\n<div><strong>S\u0117ti m\u0117n.:<\/strong> III-V<\/div>\n<div><strong>Vieta:<\/strong> dalinis pav\u0117sis<\/div>\n<div><strong>Dirva:<\/strong> \u012fvairi, neutrali<\/div>\n","protected":false},"featured_media":41573,"comment_status":"open","ping_status":"closed","template":"","meta":{"jetpack_publicize_message":"","jetpack_publicize_feature_enabled":true,"jetpack_social_post_already_shared":true,"jetpack_social_options":{"image_generator_settings":{"template":"highway","default_image_id":0,"font":"","enabled":false},"version":2}},"product_brand":[],"product_cat":[99,128,42],"product_tag":[319,52,51],"class_list":{"0":"post-41569","1":"product","2":"type-product","3":"status-publish","4":"has-post-thumbnail","6":"product_cat-naujos-prekes","7":"product_cat-vienmeciu-geliu-seklos","8":"product_cat-seklos","9":"product_tag-asperula","10":"product_tag-seeds","11":"product_tag-seklos","12":"product_shipping_class-seklos","14":"first","15":"instock","16":"shipping-taxable","17":"purchasable","18":"product-type-simple"},"jetpack_publicize_connections":[],"jetpack_sharing_enabled":true,"_links":{"self":[{"href":"https:\/\/geliurasa.lt\/index.php\/wp-json\/wp\/v2\/product\/41569","targetHints":{"allow":["GET"]}}],"collection":[{"href":"https:\/\/geliurasa.lt\/index.php\/wp-json\/wp\/v2\/product"}],"about":[{"href":"https:\/\/geliurasa.lt\/index.php\/wp-json\/wp\/v2\/types\/product"}],"replies":[{"embeddable":true,"href":"https:\/\/geliurasa.lt\/index.php\/wp-json\/wp\/v2\/comments?post=41569"}],"wp:featuredmedia":[{"embeddable":true,"href":"https:\/\/geliurasa.lt\/index.php\/wp-json\/wp\/v2\/media\/41573"}],"wp:attachment":[{"href":"https:\/\/geliurasa.lt\/index.php\/wp-json\/wp\/v2\/media?parent=41569"}],"wp:term":[{"taxonomy":"product_brand","embeddable":true,"href":"https:\/\/geliurasa.lt\/index.php\/wp-json\/wp\/v2\/product_brand?post=41569"},{"taxonomy":"product_cat","embeddable":true,"href":"https:\/\/geliurasa.lt\/index.php\/wp-json\/wp\/v2\/product_cat?post=41569"},{"taxonomy":"product_tag","embeddable":true,"href":"https:\/\/geliurasa.lt\/index.php\/wp-json\/wp\/v2\/product_tag?post=41569"}],"curies":[{"name":"wp","href":"https:\/\/api.w.org\/{rel}","templated":true}]}}