{"id":41576,"date":"2025-02-08T19:36:51","date_gmt":"2025-02-08T17:36:51","guid":{"rendered":"https:\/\/geliurasa.lt\/?post_type=product&#038;p=41576"},"modified":"2026-03-13T17:49:44","modified_gmt":"2026-03-13T15:49:44","slug":"vasarinis-flioksas-didysis-blushing-bride","status":"publish","type":"product","link":"https:\/\/geliurasa.lt\/index.php\/produktas\/vasarinis-flioksas-didysis-blushing-bride\/","title":{"rendered":"Vasarinis  didysis flioksas Blushing Bride"},"content":{"rendered":"<p>Itin \u0161velnus Blushing Bride, balt\u0173 \u017eied\u0173 su rausvais atspalviais ir tamsesniais viduriukais, flioksas. Vienme\u010diai flioksai yra lengvai auginami, greitai\u00a0 ir gausiai \u017eydi, kvapn\u016bs \u017eiedai \u2013 kvapas primena alyvas kartu su melionu. \u017dydi iki \u0161aln\u0173, be sustojimo. Ypatingai ilgai laikosi pamerktos vazoje. Tie ma\u017ei\u00a0 \u0161vytintys \u017eiedeliai papuo\u0161 bet kur\u012f \u0161ventin\u012f stal\u0105. <span class=\"jCAhz ChMk0b\"><span class=\"ryNqvb\">Puikus pasirinkimas ap\u017eeldinti vazonams tiek pakabinamiems, tiek ir pastatomiems &#8211; gra\u017eiai nusvyra.<\/span><\/span><\/p>\n<p>Geriausia s\u0117klas s\u0117ti kov\u0105. Augalams dygti reikia tamsos. Pas\u0117jus ant indo u\u017ed\u0117ti neper\u0161vie\u010diam\u0105 dangtel\u012f. Kad gaut\u0173 oro, kasdien reikia v\u0117dinti ir tikrinti, ar sudygo. Kai tik sudygsta, ne\u0161ti \u012f \u0161vies\u0105. Po paskutini\u0173 \u0161aln\u0173\u00a0 daigus sodinti 20 cm atstumu vienas nuo kito.<\/p>\n<p>&nbsp;<\/p>\n","protected":false},"excerpt":{"rendered":"<div>Phlox drummondii grandiflora<\/div>\n<div><strong>Gamintojas:\u00a0<\/strong>Olandija<\/div>\n<div><strong>Grup\u0117:<\/strong> Vienmet\u0117<\/div>\n<div><strong>Kiekis pakelyje:<\/strong>\u00a0 0,3 g \u2248 100 s\u0117kl\u0173<\/div>\n<div><strong>Auk\u0161tis cm: <\/strong>45-50<\/div>\n<div><strong>S\u0117ti m\u0117n.:\u00a0 <\/strong>III-V<\/div>\n<div><strong>Vieta:<\/strong> saul\u0117ta<\/div>\n<div><strong>Dirva:<\/strong> laidi dr\u0117gmei<\/div>\n<div><strong>\u017dydi m\u0117n.:<\/strong> VI-IX<\/div>\n","protected":false},"featured_media":41578,"comment_status":"open","ping_status":"closed","template":"","meta":{"jetpack_publicize_message":"","jetpack_publicize_feature_enabled":true,"jetpack_social_post_already_shared":true,"jetpack_social_options":{"image_generator_settings":{"template":"highway","default_image_id":0,"font":"","enabled":false},"version":2}},"product_brand":[],"product_cat":[320,99,42,128],"product_tag":[118,117,52,51,317],"class_list":{"0":"post-41576","1":"product","2":"type-product","3":"status-publish","4":"has-post-thumbnail","6":"product_cat-flioksai","7":"product_cat-naujos-prekes","8":"product_cat-seklos","9":"product_cat-vienmeciu-geliu-seklos","10":"product_tag-flioksas","11":"product_tag-phlox","12":"product_tag-seeds","13":"product_tag-seklos","14":"product_tag-skynimas","15":"product_shipping_class-seklos","17":"first","18":"outofstock","19":"shipping-taxable","20":"purchasable","21":"product-type-simple"},"jetpack_publicize_connections":[],"jetpack_sharing_enabled":true,"_links":{"self":[{"href":"https:\/\/geliurasa.lt\/index.php\/wp-json\/wp\/v2\/product\/41576","targetHints":{"allow":["GET"]}}],"collection":[{"href":"https:\/\/geliurasa.lt\/index.php\/wp-json\/wp\/v2\/product"}],"about":[{"href":"https:\/\/geliurasa.lt\/index.php\/wp-json\/wp\/v2\/types\/product"}],"replies":[{"embeddable":true,"href":"https:\/\/geliurasa.lt\/index.php\/wp-json\/wp\/v2\/comments?post=41576"}],"wp:featuredmedia":[{"embeddable":true,"href":"https:\/\/geliurasa.lt\/index.php\/wp-json\/wp\/v2\/media\/41578"}],"wp:attachment":[{"href":"https:\/\/geliurasa.lt\/index.php\/wp-json\/wp\/v2\/media?parent=41576"}],"wp:term":[{"taxonomy":"product_brand","embeddable":true,"href":"https:\/\/geliurasa.lt\/index.php\/wp-json\/wp\/v2\/product_brand?post=41576"},{"taxonomy":"product_cat","embeddable":true,"href":"https:\/\/geliurasa.lt\/index.php\/wp-json\/wp\/v2\/product_cat?post=41576"},{"taxonomy":"product_tag","embeddable":true,"href":"https:\/\/geliurasa.lt\/index.php\/wp-json\/wp\/v2\/product_tag?post=41576"}],"curies":[{"name":"wp","href":"https:\/\/api.w.org\/{rel}","templated":true}]}}