{"id":41585,"date":"2025-02-08T21:02:50","date_gmt":"2025-02-08T19:02:50","guid":{"rendered":"https:\/\/geliurasa.lt\/?post_type=product&#038;p=41585"},"modified":"2026-03-19T00:41:26","modified_gmt":"2026-03-18T22:41:26","slug":"kaukazine-zvaigzdune-fama-white","status":"publish","type":"product","link":"https:\/\/geliurasa.lt\/index.php\/produktas\/kaukazine-zvaigzdune-fama-white\/","title":{"rendered":"Kaukazin\u0117 \u017evaig\u017ed\u016bn\u0117 Fama  White"},"content":{"rendered":"<p>\u0160variai balti, ant stipri\u0173 kot\u0173, auk\u0161tai i\u0161kilusi\u0173 vir\u0161 lap\u0173, galvas kelia 8 cm skersmens \u017eiedai. \u017dydi jau pirmais metais, pakanti sausrai, bet gavus dr\u0117gm\u0117s u\u017eaugina stambesnius \u017eiedus. O pasodinta prie auk\u0161t\u0173 g\u0117li\u0173, ilgesnius stiebus. \u017dyd\u0117jimas iki \u0161aln\u0173. Vazoje laikosi vir\u0161 7 dien\u0173. Verta d\u0117mesio \u0161i nereikli g\u0117l\u0117.<\/p>\n<p>S\u0117klos dygsta \u0161viesoje, tod\u0117l vos pridengiamos. Geriau dygsta v\u0117sesn\u0117je aplinkoje 16\u201321 \u00b0C, dygsta 10-15 dien\u0173.<\/p>\n","protected":false},"excerpt":{"rendered":"<div><em>Scabiosa caucasica<\/em><\/div>\n<div><strong>Gamintojas:\u00a0<\/strong>Olandija<\/div>\n<div><strong>Grup\u0117:<\/strong> daugiamet\u0117<\/div>\n<div><strong>Kiekis pakelyje:<\/strong> 5 s\u0117klos<\/div>\n<div><strong>Auk\u0161tis cm: <\/strong>60<\/div>\n<div><strong>S\u0117ti m\u0117n.:<\/strong> II-III, IX-XI<\/div>\n<div><strong>Vieta:<\/strong> saul\u0117ta-pav\u0117sis<\/div>\n<div><strong>Dirva:<\/strong> \u012fvairi, neutrali<\/div>\n","protected":false},"featured_media":41587,"comment_status":"open","ping_status":"closed","template":"","meta":{"jetpack_publicize_message":"","jetpack_publicize_feature_enabled":true,"jetpack_social_post_already_shared":true,"jetpack_social_options":{"image_generator_settings":{"template":"highway","default_image_id":0,"font":"","enabled":false},"version":2}},"product_brand":[],"product_cat":[126,99,287,42],"product_tag":[207,52,51,317,178],"class_list":{"0":"post-41585","1":"product","2":"type-product","3":"status-publish","4":"has-post-thumbnail","6":"product_cat-daugiameciu-geliu-seklos","7":"product_cat-naujos-prekes","8":"product_cat-zvaigzdunes","9":"product_cat-seklos","10":"product_tag-scabiosa","11":"product_tag-seeds","12":"product_tag-seklos","13":"product_tag-skynimas","14":"product_tag-zvaigzdune","15":"product_shipping_class-seklos","17":"first","18":"instock","19":"shipping-taxable","20":"purchasable","21":"product-type-simple"},"jetpack_publicize_connections":[],"jetpack_sharing_enabled":true,"_links":{"self":[{"href":"https:\/\/geliurasa.lt\/index.php\/wp-json\/wp\/v2\/product\/41585","targetHints":{"allow":["GET"]}}],"collection":[{"href":"https:\/\/geliurasa.lt\/index.php\/wp-json\/wp\/v2\/product"}],"about":[{"href":"https:\/\/geliurasa.lt\/index.php\/wp-json\/wp\/v2\/types\/product"}],"replies":[{"embeddable":true,"href":"https:\/\/geliurasa.lt\/index.php\/wp-json\/wp\/v2\/comments?post=41585"}],"wp:featuredmedia":[{"embeddable":true,"href":"https:\/\/geliurasa.lt\/index.php\/wp-json\/wp\/v2\/media\/41587"}],"wp:attachment":[{"href":"https:\/\/geliurasa.lt\/index.php\/wp-json\/wp\/v2\/media?parent=41585"}],"wp:term":[{"taxonomy":"product_brand","embeddable":true,"href":"https:\/\/geliurasa.lt\/index.php\/wp-json\/wp\/v2\/product_brand?post=41585"},{"taxonomy":"product_cat","embeddable":true,"href":"https:\/\/geliurasa.lt\/index.php\/wp-json\/wp\/v2\/product_cat?post=41585"},{"taxonomy":"product_tag","embeddable":true,"href":"https:\/\/geliurasa.lt\/index.php\/wp-json\/wp\/v2\/product_tag?post=41585"}],"curies":[{"name":"wp","href":"https:\/\/api.w.org\/{rel}","templated":true}]}}