{"id":41593,"date":"2025-02-09T09:36:33","date_gmt":"2025-02-09T07:36:33","guid":{"rendered":"https:\/\/geliurasa.lt\/?post_type=product&#038;p=41593"},"modified":"2026-03-09T09:55:23","modified_gmt":"2026-03-09T07:55:23","slug":"kvapusis-pelezirnis-mammoth-white","status":"publish","type":"product","link":"https:\/\/geliurasa.lt\/index.php\/produktas\/kvapusis-pelezirnis-mammoth-white\/","title":{"rendered":"Kvapusis pel\u0117\u017eirnis Mammoth  White"},"content":{"rendered":"<p>Early Multiflora Giantea serijos patobulinimas, skint\u0173 g\u0117li\u0173 eleganti\u0161ka serija. Stiebai ilgesni ir \u017eiedai didesni. Mammoth veisl\u0117 ne\u012fprastai gerai i\u0161tveria kar\u0161t\u012f ir sausr\u0105. Mammoth White \u0161varios baltos spalvos.<\/p>\n<p><span class=\"HwtZe\" lang=\"lt\"><span class=\"jCAhz ChMk0b\"><span class=\"ryNqvb\">S\u0117jama baland\u012f namie, ar ne\u0161ildomame \u0161iltnamyje.<\/span><\/span><\/span> Prie\u0161 s\u0117j\u0105 pamirkyti s\u0117klas 24 valandas. Dygsta tamsoje. S\u0117jama po 3 s\u0117klas \u012f 8 cm vazon\u0105 10 mm gylyje \u012f dr\u0117gn\u0105, gerai nusausint\u0105 dirv\u0105. Dauginti 20-25\u00b0C. Dygimas trunka 7-21 dien\u0105. I\u0161dyg\u0119 auga v\u0117sesn\u0117mis s\u0105lygomis. Pasibaigus \u0161aln\u0173 pavojui, aklimatizuoti ir i\u0161sodinti 25 mm gylyje, 8 cm atstumu. Kai i\u0161augs 2 poros lapeli\u0173, reikia nugnybti vir\u0161\u016bn\u0117l\u0119 kad \u0161akot\u0173si. Pel\u0117\u017eirniams patinka v\u0117si \u017eem\u0117, tod\u0117l juos b\u016btina mul\u010diuoti storu sluoksniu &#8211; durp\u0117s, \u017eol\u0117s, \u0161iaud\u0173, taip ir dr\u0117gm\u0117 ilgiau laikysis kar\u0161tomis dienomis.<\/p>\n","protected":false},"excerpt":{"rendered":"<div><em>Lathyrus odoratus grandiflorus<\/em><\/div>\n<div><strong>Gamintojas:\u00a0<\/strong>Olandija<\/div>\n<div><strong>Grup\u0117:<\/strong>\u00a0 vienmet\u0117<\/div>\n<div><strong>Kiekis pakelyje:<\/strong> 2g \u2248 25 s\u0117klos<\/div>\n<div><strong>Auk\u0161tis cm:<\/strong> 250<\/div>\n<div><strong>S\u0117ti m\u0117n.:<\/strong> III-IV<\/div>\n<div><strong>Vieta:<\/strong> saul\u0117ta<\/div>\n<div><strong>Dirva: <\/strong>derlinga, neutrali<\/div>\n","protected":false},"featured_media":41612,"comment_status":"open","ping_status":"closed","template":"","meta":{"jetpack_publicize_message":"","jetpack_publicize_feature_enabled":true,"jetpack_social_post_already_shared":true,"jetpack_social_options":{"image_generator_settings":{"template":"highway","default_image_id":0,"font":"","enabled":false},"version":2}},"product_brand":[],"product_cat":[286,99,42,128,312],"product_tag":[284,285,52,51,317],"class_list":{"0":"post-41593","1":"product","2":"type-product","3":"status-publish","4":"has-post-thumbnail","6":"product_cat-kvapieji-pelezirniai","7":"product_cat-naujos-prekes","8":"product_cat-seklos","9":"product_cat-vienmeciu-geliu-seklos","10":"product_cat-vijokliniu-geliu-seklos","11":"product_tag-lathyrus","12":"product_tag-pelezirnis","13":"product_tag-seeds","14":"product_tag-seklos","15":"product_tag-skynimas","16":"product_shipping_class-seklos","18":"first","19":"instock","20":"shipping-taxable","21":"purchasable","22":"product-type-simple"},"jetpack_publicize_connections":[],"jetpack_sharing_enabled":true,"_links":{"self":[{"href":"https:\/\/geliurasa.lt\/index.php\/wp-json\/wp\/v2\/product\/41593","targetHints":{"allow":["GET"]}}],"collection":[{"href":"https:\/\/geliurasa.lt\/index.php\/wp-json\/wp\/v2\/product"}],"about":[{"href":"https:\/\/geliurasa.lt\/index.php\/wp-json\/wp\/v2\/types\/product"}],"replies":[{"embeddable":true,"href":"https:\/\/geliurasa.lt\/index.php\/wp-json\/wp\/v2\/comments?post=41593"}],"wp:featuredmedia":[{"embeddable":true,"href":"https:\/\/geliurasa.lt\/index.php\/wp-json\/wp\/v2\/media\/41612"}],"wp:attachment":[{"href":"https:\/\/geliurasa.lt\/index.php\/wp-json\/wp\/v2\/media?parent=41593"}],"wp:term":[{"taxonomy":"product_brand","embeddable":true,"href":"https:\/\/geliurasa.lt\/index.php\/wp-json\/wp\/v2\/product_brand?post=41593"},{"taxonomy":"product_cat","embeddable":true,"href":"https:\/\/geliurasa.lt\/index.php\/wp-json\/wp\/v2\/product_cat?post=41593"},{"taxonomy":"product_tag","embeddable":true,"href":"https:\/\/geliurasa.lt\/index.php\/wp-json\/wp\/v2\/product_tag?post=41593"}],"curies":[{"name":"wp","href":"https:\/\/api.w.org\/{rel}","templated":true}]}}