{"id":41594,"date":"2025-02-08T21:54:28","date_gmt":"2025-02-08T19:54:28","guid":{"rendered":"https:\/\/geliurasa.lt\/?post_type=product&#038;p=41594"},"modified":"2026-04-08T21:56:54","modified_gmt":"2026-04-08T18:56:54","slug":"daugiametis-astras-belgii-new-hybrids-mix","status":"publish","type":"product","link":"https:\/\/geliurasa.lt\/index.php\/produktas\/daugiametis-astras-belgii-new-hybrids-mix\/","title":{"rendered":"Daugiametis astras Belgii New Hybrids Mix"},"content":{"rendered":"<p>Naujas \u012fvairiaspalvis hibridini\u0173 astr\u0173 mi\u0161inys.\u00a0 Dygsta 7 dienas, prie 20\u00b0C, s\u0117jimas pavir\u0161inis. Dygimui reikalinga \u0161viesa. I\u0161tvermingas, atsparus miltligei astras. \u017dydi rugpj\u016bt\u012f, rugs\u0117j\u012f, spal\u012f.<\/p>\n<p>&nbsp;<\/p>\n<p>&nbsp;<\/p>\n","protected":false},"excerpt":{"rendered":"<div>ASTER novi-belgii New Hybrids<\/div>\n<div><strong>Gamintojas:\u00a0<\/strong>Olandija<\/div>\n<div><strong>Grup\u0117:<\/strong> daugiamet\u0117<\/div>\n<div><strong>Kiekis pakelyje:<\/strong> 0,1 g<\/div>\n<div><strong>Auk\u0161tis cm<\/strong>: 120<\/div>\n<div><strong>S\u0117ti m\u0117n.:<\/strong> II-IV<\/div>\n<div><strong>Vieta:<\/strong> saul\u0117ta-pav\u0117sis<\/div>\n<div><strong>Dirva:<\/strong> \u012fvairi, neutrali<\/div>\n","protected":false},"featured_media":41595,"comment_status":"open","ping_status":"closed","template":"","meta":{"jetpack_publicize_message":"","jetpack_publicize_feature_enabled":true,"jetpack_social_post_already_shared":true,"jetpack_social_options":{"image_generator_settings":{"template":"highway","default_image_id":0,"font":"","enabled":false},"version":2}},"product_brand":[],"product_cat":[126,353,99,42],"product_tag":[87,52,51],"class_list":{"0":"post-41594","1":"product","2":"type-product","3":"status-publish","4":"has-post-thumbnail","6":"product_cat-daugiameciu-geliu-seklos","7":"product_cat-ivairios","8":"product_cat-naujos-prekes","9":"product_cat-seklos","10":"product_tag-aster","11":"product_tag-seeds","12":"product_tag-seklos","13":"product_shipping_class-seklos","15":"first","16":"instock","17":"shipping-taxable","18":"purchasable","19":"product-type-simple"},"jetpack_publicize_connections":[],"jetpack_sharing_enabled":true,"_links":{"self":[{"href":"https:\/\/geliurasa.lt\/index.php\/wp-json\/wp\/v2\/product\/41594","targetHints":{"allow":["GET"]}}],"collection":[{"href":"https:\/\/geliurasa.lt\/index.php\/wp-json\/wp\/v2\/product"}],"about":[{"href":"https:\/\/geliurasa.lt\/index.php\/wp-json\/wp\/v2\/types\/product"}],"replies":[{"embeddable":true,"href":"https:\/\/geliurasa.lt\/index.php\/wp-json\/wp\/v2\/comments?post=41594"}],"wp:featuredmedia":[{"embeddable":true,"href":"https:\/\/geliurasa.lt\/index.php\/wp-json\/wp\/v2\/media\/41595"}],"wp:attachment":[{"href":"https:\/\/geliurasa.lt\/index.php\/wp-json\/wp\/v2\/media?parent=41594"}],"wp:term":[{"taxonomy":"product_brand","embeddable":true,"href":"https:\/\/geliurasa.lt\/index.php\/wp-json\/wp\/v2\/product_brand?post=41594"},{"taxonomy":"product_cat","embeddable":true,"href":"https:\/\/geliurasa.lt\/index.php\/wp-json\/wp\/v2\/product_cat?post=41594"},{"taxonomy":"product_tag","embeddable":true,"href":"https:\/\/geliurasa.lt\/index.php\/wp-json\/wp\/v2\/product_tag?post=41594"}],"curies":[{"name":"wp","href":"https:\/\/api.w.org\/{rel}","templated":true}]}}