{"id":41600,"date":"2025-02-08T23:07:15","date_gmt":"2025-02-08T21:07:15","guid":{"rendered":"https:\/\/geliurasa.lt\/?post_type=product&#038;p=41600"},"modified":"2026-03-20T15:19:20","modified_gmt":"2026-03-20T13:19:20","slug":"kvapusis-pelezirnis-king-size-formula-mix","status":"publish","type":"product","link":"https:\/\/geliurasa.lt\/index.php\/produktas\/kvapusis-pelezirnis-king-size-formula-mix\/","title":{"rendered":"Kvapusis pel\u0117\u017eirnis King Size FORMULA Mix"},"content":{"rendered":"<p>\u0160ie \u017eirneliai yra \u017einomi d\u0117l savo dideli\u0173 banguot\u0173 \u017eied\u0173, stipraus\u00a0 kvapo ir ilg\u0173 stieb\u0173. \u017diedo dydis 3 cm. Puikiai tinka skinti. Patrauklus 9 skirting\u0173\u00a0 spalv\u0173\u00a0 mi\u0161inys. Kad gausiai \u017eyd\u0117t\u0173, nuolat reikia \u0161alinti nu\u017eyd\u0117jusias kekes, neleisti formuotis ank\u0161tims. Pel\u0117\u017eirniai klesti \u0161ilumoje ir m\u0117gsta turting\u0105, puri\u0105 ir dr\u0117gn\u0105 dirv\u0105.<\/p>\n<p>Pel\u0117\u017eirniai yra kil\u0119 i\u0161 Fabaceae \u0161eimos, kurio prot\u0117viai kil\u0119 i\u0161 pietry\u010di\u0173 Italijos ir Sicilijos. Su savo \u016bseliais vos per kelis m\u0117nesius jie gali u\u017ekopti arba nu\u0161liau\u017eti iki 2,50 m.<\/p>\n<p>&nbsp;<\/p>\n<p>&nbsp;<\/p>\n","protected":false},"excerpt":{"rendered":"<div><em>Lathyrus odoratus grandiflorus<\/em><\/div>\n<div><strong>Gamintojas:\u00a0<\/strong>Olandija<\/div>\n<div><strong>Grup\u0117:<\/strong>\u00a0 vienmet\u0117<\/div>\n<div><strong>Kiekis pakelyje:<\/strong> 15 s\u0117kl\u0173<\/div>\n<div><strong>Auk\u0161tis cm:<\/strong> 200<\/div>\n<div><strong>S\u0117ti m\u0117n.:<\/strong> III-IV<\/div>\n<div><strong>Vieta:<\/strong> saul\u0117ta<\/div>\n<div><strong>Dirva: <\/strong>derlinga, neutrali<\/div>\n","protected":false},"featured_media":41603,"comment_status":"open","ping_status":"closed","template":"","meta":{"jetpack_publicize_message":"","jetpack_publicize_feature_enabled":true,"jetpack_social_post_already_shared":true,"jetpack_social_options":{"image_generator_settings":{"template":"highway","default_image_id":0,"font":"","enabled":false},"version":2}},"product_brand":[],"product_cat":[286,99,128,312,42],"product_tag":[284,285,52,51,317],"class_list":{"0":"post-41600","1":"product","2":"type-product","3":"status-publish","4":"has-post-thumbnail","6":"product_cat-kvapieji-pelezirniai","7":"product_cat-naujos-prekes","8":"product_cat-vienmeciu-geliu-seklos","9":"product_cat-vijokliniu-geliu-seklos","10":"product_cat-seklos","11":"product_tag-lathyrus","12":"product_tag-pelezirnis","13":"product_tag-seeds","14":"product_tag-seklos","15":"product_tag-skynimas","16":"product_shipping_class-seklos","18":"first","19":"instock","20":"shipping-taxable","21":"purchasable","22":"product-type-simple"},"jetpack_publicize_connections":[],"jetpack_sharing_enabled":true,"_links":{"self":[{"href":"https:\/\/geliurasa.lt\/index.php\/wp-json\/wp\/v2\/product\/41600","targetHints":{"allow":["GET"]}}],"collection":[{"href":"https:\/\/geliurasa.lt\/index.php\/wp-json\/wp\/v2\/product"}],"about":[{"href":"https:\/\/geliurasa.lt\/index.php\/wp-json\/wp\/v2\/types\/product"}],"replies":[{"embeddable":true,"href":"https:\/\/geliurasa.lt\/index.php\/wp-json\/wp\/v2\/comments?post=41600"}],"wp:featuredmedia":[{"embeddable":true,"href":"https:\/\/geliurasa.lt\/index.php\/wp-json\/wp\/v2\/media\/41603"}],"wp:attachment":[{"href":"https:\/\/geliurasa.lt\/index.php\/wp-json\/wp\/v2\/media?parent=41600"}],"wp:term":[{"taxonomy":"product_brand","embeddable":true,"href":"https:\/\/geliurasa.lt\/index.php\/wp-json\/wp\/v2\/product_brand?post=41600"},{"taxonomy":"product_cat","embeddable":true,"href":"https:\/\/geliurasa.lt\/index.php\/wp-json\/wp\/v2\/product_cat?post=41600"},{"taxonomy":"product_tag","embeddable":true,"href":"https:\/\/geliurasa.lt\/index.php\/wp-json\/wp\/v2\/product_tag?post=41600"}],"curies":[{"name":"wp","href":"https:\/\/api.w.org\/{rel}","templated":true}]}}