{"id":41615,"date":"2025-02-09T12:29:03","date_gmt":"2025-02-09T10:29:03","guid":{"rendered":"https:\/\/geliurasa.lt\/?post_type=product&#038;p=41615"},"modified":"2026-04-25T16:49:39","modified_gmt":"2026-04-25T13:49:39","slug":"margaziede-skaistaziede-cockade","status":"publish","type":"product","link":"https:\/\/geliurasa.lt\/index.php\/produktas\/margaziede-skaistaziede-cockade\/","title":{"rendered":"Marga\u017eied\u0117 skaista\u017eied\u0117 Cockade"},"content":{"rendered":"<p>Cockade subtiliai balti \u017eiedai su tamsia \u0161irdele, kuri\u0105 supa skirtingi \u017eiedo ra\u0161tai. Puiki skinta g\u0117l\u0117, vazoje i\u0161b\u016bna savait\u0119. Nuotaikinga da\u017eyt\u0173 ramuni\u0173 puok\u0161t\u0117 paliks \u012fsp\u016bd\u012f visiems. Skaista\u017eied\u0117 nereikli, lengvai auginama ir vis\u0105 vasar\u0105 dovanos kibirus g\u0117li\u0173. Sodinamos mi\u0161riuose g\u0117lynuose, puikiai u\u017epildys tarpus. S\u0117jamos tiesiai \u012f auginimo viet\u0105, spar\u010diai auga. Norint ankstesnio \u017eyd\u0117jimo, s\u0117jamos namuose kovo pabaigoje.<\/p>\n<p>&nbsp;<\/p>\n","protected":false},"excerpt":{"rendered":"<div>Chrysanthemum carinatum<\/div>\n<div><strong>Gamintojas:\u00a0<\/strong>Olandija<\/div>\n<div><strong>Grup\u0117:<\/strong> Vienmet\u0117<\/div>\n<div><strong>Kiekis pakelyje:<\/strong>\u00a0 1 g<\/div>\n<div><strong>Auk\u0161tis cm: <\/strong>70<\/div>\n<div><strong>S\u0117ti m\u0117n.:\u00a0 <\/strong>III-V<\/div>\n<div><strong>Vieta:<\/strong> saul\u0117ta, dalinis pav\u0117sis<\/div>\n<div><strong>Dirva:<\/strong> laidi dr\u0117gmei<\/div>\n<div><\/div>\n","protected":false},"featured_media":41620,"comment_status":"open","ping_status":"closed","template":"","meta":{"jetpack_publicize_message":"","jetpack_publicize_feature_enabled":true,"jetpack_social_post_already_shared":true,"jetpack_social_options":{"image_generator_settings":{"template":"highway","default_image_id":0,"font":"","enabled":false},"version":2}},"product_brand":[],"product_cat":[99,42,322,128],"product_tag":[52,51,292,317],"class_list":{"0":"post-41615","1":"product","2":"type-product","3":"status-publish","4":"has-post-thumbnail","6":"product_cat-naujos-prekes","7":"product_cat-seklos","8":"product_cat-skaistaziedes","9":"product_cat-vienmeciu-geliu-seklos","10":"product_tag-seeds","11":"product_tag-seklos","12":"product_tag-skaistaziede","13":"product_tag-skynimas","14":"product_shipping_class-seklos","16":"first","17":"instock","18":"shipping-taxable","19":"purchasable","20":"product-type-simple"},"jetpack_publicize_connections":[],"jetpack_sharing_enabled":true,"_links":{"self":[{"href":"https:\/\/geliurasa.lt\/index.php\/wp-json\/wp\/v2\/product\/41615","targetHints":{"allow":["GET"]}}],"collection":[{"href":"https:\/\/geliurasa.lt\/index.php\/wp-json\/wp\/v2\/product"}],"about":[{"href":"https:\/\/geliurasa.lt\/index.php\/wp-json\/wp\/v2\/types\/product"}],"replies":[{"embeddable":true,"href":"https:\/\/geliurasa.lt\/index.php\/wp-json\/wp\/v2\/comments?post=41615"}],"wp:featuredmedia":[{"embeddable":true,"href":"https:\/\/geliurasa.lt\/index.php\/wp-json\/wp\/v2\/media\/41620"}],"wp:attachment":[{"href":"https:\/\/geliurasa.lt\/index.php\/wp-json\/wp\/v2\/media?parent=41615"}],"wp:term":[{"taxonomy":"product_brand","embeddable":true,"href":"https:\/\/geliurasa.lt\/index.php\/wp-json\/wp\/v2\/product_brand?post=41615"},{"taxonomy":"product_cat","embeddable":true,"href":"https:\/\/geliurasa.lt\/index.php\/wp-json\/wp\/v2\/product_cat?post=41615"},{"taxonomy":"product_tag","embeddable":true,"href":"https:\/\/geliurasa.lt\/index.php\/wp-json\/wp\/v2\/product_tag?post=41615"}],"curies":[{"name":"wp","href":"https:\/\/api.w.org\/{rel}","templated":true}]}}