{"id":41684,"date":"2025-02-10T19:37:44","date_gmt":"2025-02-10T17:37:44","guid":{"rendered":"https:\/\/geliurasa.lt\/?post_type=product&#038;p=41684"},"modified":"2026-03-22T16:52:42","modified_gmt":"2026-03-22T14:52:42","slug":"didysis-pentinius-pacific-giant-blue-bird","status":"publish","type":"product","link":"https:\/\/geliurasa.lt\/index.php\/produktas\/didysis-pentinius-pacific-giant-blue-bird\/","title":{"rendered":"Didysis pentinius Pacific Giant Blue Bird"},"content":{"rendered":"<p>Skais\u010diai m\u0117lynas lyg dangus, pentinis. \u017diedai pusiau pilnaviduriai su baltu centru, o\u00a0 viduje juoda \u0161irdel\u0117. Tvirtas stiebas gausiai aplimpa \u017eiedais. Prie\u017ei\u016bros ma\u017eai, \u017eiemoja puikiai. Tinkamas skynimui. D\u0117l geresnio dygimo s\u0117kloms naudingas \u0161altasis periodas. S\u0117kl\u0173 pakel\u012f palaikyti \u0161aldiklyje 1-2 savaites. S\u0117jimas pavir\u0161inis, lengvai u\u017eberiant vermikulito, ar substrato. Anks\u010diau pas\u0117jus, pra\u017eys dar \u0161iais metais.<\/p>\n","protected":false},"excerpt":{"rendered":"<div>Delphinium\u00a0 hybrida<\/div>\n<div><strong>Gamintojas:\u00a0<\/strong>Olandija<\/div>\n<div><strong>Grup\u0117: <\/strong>daugiamet\u0117<\/div>\n<div><strong>Kiekis pakelyje:<\/strong> 20 s\u0117kl\u0173<\/div>\n<div><strong>Auk\u0161tis cm:<\/strong> 160<\/div>\n<div><strong>S\u0117ti m\u0117n.: <\/strong>II- IV lauke\u00a0 V-VIII<\/div>\n<div><strong>Vieta:<\/strong> saul\u0117ta, dalinis pav\u0117sis<\/div>\n<div><strong>Dirva:<\/strong> laidi dr\u0117gmei, pH: 5,5-6,5<\/div>\n","protected":false},"featured_media":41688,"comment_status":"open","ping_status":"closed","template":"","meta":{"jetpack_publicize_message":"","jetpack_publicize_feature_enabled":true,"jetpack_social_post_already_shared":true,"jetpack_social_options":{"image_generator_settings":{"template":"highway","default_image_id":0,"font":"","enabled":false},"version":2}},"product_brand":[],"product_cat":[126,99,256,42],"product_tag":[258,257,52,51],"class_list":{"0":"post-41684","1":"product","2":"type-product","3":"status-publish","4":"has-post-thumbnail","6":"product_cat-daugiameciu-geliu-seklos","7":"product_cat-naujos-prekes","8":"product_cat-pentiniai","9":"product_cat-seklos","10":"product_tag-delphinium","11":"product_tag-pentinius","12":"product_tag-seeds","13":"product_tag-seklos","14":"product_shipping_class-seklos","16":"first","17":"instock","18":"shipping-taxable","19":"purchasable","20":"product-type-simple"},"jetpack_publicize_connections":[],"jetpack_sharing_enabled":true,"_links":{"self":[{"href":"https:\/\/geliurasa.lt\/index.php\/wp-json\/wp\/v2\/product\/41684","targetHints":{"allow":["GET"]}}],"collection":[{"href":"https:\/\/geliurasa.lt\/index.php\/wp-json\/wp\/v2\/product"}],"about":[{"href":"https:\/\/geliurasa.lt\/index.php\/wp-json\/wp\/v2\/types\/product"}],"replies":[{"embeddable":true,"href":"https:\/\/geliurasa.lt\/index.php\/wp-json\/wp\/v2\/comments?post=41684"}],"wp:featuredmedia":[{"embeddable":true,"href":"https:\/\/geliurasa.lt\/index.php\/wp-json\/wp\/v2\/media\/41688"}],"wp:attachment":[{"href":"https:\/\/geliurasa.lt\/index.php\/wp-json\/wp\/v2\/media?parent=41684"}],"wp:term":[{"taxonomy":"product_brand","embeddable":true,"href":"https:\/\/geliurasa.lt\/index.php\/wp-json\/wp\/v2\/product_brand?post=41684"},{"taxonomy":"product_cat","embeddable":true,"href":"https:\/\/geliurasa.lt\/index.php\/wp-json\/wp\/v2\/product_cat?post=41684"},{"taxonomy":"product_tag","embeddable":true,"href":"https:\/\/geliurasa.lt\/index.php\/wp-json\/wp\/v2\/product_tag?post=41684"}],"curies":[{"name":"wp","href":"https:\/\/api.w.org\/{rel}","templated":true}]}}