{"id":41696,"date":"2025-02-10T20:54:43","date_gmt":"2025-02-10T18:54:43","guid":{"rendered":"https:\/\/geliurasa.lt\/?post_type=product&#038;p=41696"},"modified":"2026-03-16T11:26:47","modified_gmt":"2026-03-16T09:26:47","slug":"didysis-pentinius-guardian-blue","status":"publish","type":"product","link":"https:\/\/geliurasa.lt\/index.php\/produktas\/didysis-pentinius-guardian-blue\/","title":{"rendered":"Didysis pentinius Guardian Blue"},"content":{"rendered":"<p>Nepakartojamas\u00a0 spalv\u0173 derinys, dvispalvis pentinis &#8211; m\u0117lynas su violetiniais kra\u0161teliais arba atvirk\u0161\u010diai daugiau violetinis spalvos , nei m\u0117lynos. Labai anksti ir vienodai \u017eydintis hibridas. Antras \u017eyd\u0117jimas prasideda anks\u010diau, nei kit\u0173 veisli\u0173, po 10-12 savai\u010di\u0173. Veisl\u0117 produktyvi, galima net tris kartus per sezon\u0105 skinti \u017eiedus,\u00a0 puikiai tinka auginti\u00a0 tuneliuose, \u0161iltnamiuose ir atvirame lauke.<\/p>\n<p><span class=\"HwtZe\" lang=\"lt\"><span class=\"jCAhz ChMk0b\"><span class=\"ryNqvb\">D\u0117l geresnio dygimo s\u0117kloms naudingas \u0161altasis periodas. S\u0117kl\u0173 pakel\u012f palaikyti \u0161aldiklyje 2-3 savaites. S\u0117jimas pavir\u0161inis, lengvai u\u017eberiant vermikulito, ar substrato.\u00a0<\/span><\/span><\/span><\/p>\n<div class=\"OvtS8d\"><\/div>\n","protected":false},"excerpt":{"rendered":"<div>\n<div>Delphinium elatum<\/div>\n<div><strong>Gamintojas:\u00a0<\/strong>Olandija<\/div>\n<div><strong>Grup\u0117: <\/strong>daugiamet\u0117<\/div>\n<div><strong>Kiekis pakelyje:<\/strong> 5 s\u0117klos<\/div>\n<div><strong>Auk\u0161tis cm:<\/strong> 100-180<\/div>\n<div><strong>S\u0117ti m\u0117n.: <\/strong>II- IV lauke\u00a0 V-XII<\/div>\n<div><strong>Vieta:<\/strong> saul\u0117ta, dalinis pav\u0117sis<\/div>\n<div><strong>Dirva:<\/strong> laidi dr\u0117gmei, pH: 5,5-6,5<\/div>\n<\/div>\n<div><\/div>\n","protected":false},"featured_media":41698,"comment_status":"open","ping_status":"closed","template":"","meta":{"jetpack_publicize_message":"","jetpack_publicize_feature_enabled":true,"jetpack_social_post_already_shared":true,"jetpack_social_options":{"image_generator_settings":{"template":"highway","default_image_id":0,"font":"","enabled":false},"version":2}},"product_brand":[],"product_cat":[126,99,256,42],"product_tag":[258,257,52,51,317],"class_list":{"0":"post-41696","1":"product","2":"type-product","3":"status-publish","4":"has-post-thumbnail","6":"product_cat-daugiameciu-geliu-seklos","7":"product_cat-naujos-prekes","8":"product_cat-pentiniai","9":"product_cat-seklos","10":"product_tag-delphinium","11":"product_tag-pentinius","12":"product_tag-seeds","13":"product_tag-seklos","14":"product_tag-skynimas","15":"product_shipping_class-seklos","17":"first","18":"instock","19":"shipping-taxable","20":"purchasable","21":"product-type-simple"},"jetpack_publicize_connections":[],"jetpack_sharing_enabled":true,"_links":{"self":[{"href":"https:\/\/geliurasa.lt\/index.php\/wp-json\/wp\/v2\/product\/41696","targetHints":{"allow":["GET"]}}],"collection":[{"href":"https:\/\/geliurasa.lt\/index.php\/wp-json\/wp\/v2\/product"}],"about":[{"href":"https:\/\/geliurasa.lt\/index.php\/wp-json\/wp\/v2\/types\/product"}],"replies":[{"embeddable":true,"href":"https:\/\/geliurasa.lt\/index.php\/wp-json\/wp\/v2\/comments?post=41696"}],"wp:featuredmedia":[{"embeddable":true,"href":"https:\/\/geliurasa.lt\/index.php\/wp-json\/wp\/v2\/media\/41698"}],"wp:attachment":[{"href":"https:\/\/geliurasa.lt\/index.php\/wp-json\/wp\/v2\/media?parent=41696"}],"wp:term":[{"taxonomy":"product_brand","embeddable":true,"href":"https:\/\/geliurasa.lt\/index.php\/wp-json\/wp\/v2\/product_brand?post=41696"},{"taxonomy":"product_cat","embeddable":true,"href":"https:\/\/geliurasa.lt\/index.php\/wp-json\/wp\/v2\/product_cat?post=41696"},{"taxonomy":"product_tag","embeddable":true,"href":"https:\/\/geliurasa.lt\/index.php\/wp-json\/wp\/v2\/product_tag?post=41696"}],"curies":[{"name":"wp","href":"https:\/\/api.w.org\/{rel}","templated":true}]}}