{"id":41734,"date":"2025-02-12T15:21:27","date_gmt":"2025-02-12T13:21:27","guid":{"rendered":"https:\/\/geliurasa.lt\/?post_type=product&#038;p=41734"},"modified":"2026-04-01T17:52:12","modified_gmt":"2026-04-01T14:52:12","slug":"rausvaziede-eziuole-prairie-splendor-compact-dark-rose","status":"publish","type":"product","link":"https:\/\/geliurasa.lt\/index.php\/produktas\/rausvaziede-eziuole-prairie-splendor-compact-dark-rose\/","title":{"rendered":"Rausva\u017eied\u0117 e\u017eiuol\u0117 Prairie Splendor compact Dark  Rose"},"content":{"rendered":"<p>Tamsi ro\u017ein\u0117 su violetiniu atspalviu, kompakti\u0161ka, gerai \u0161akojasi.<\/p>\n<p>S\u0117ti \u0161viesioje ir \u0161iltoje +15-20\u00b0C patalpoje, dygsta 5-14 dien\u0173. Pavir\u0161iuje galima u\u017epilti vermikulito ar sm\u0117lio, laistyti saikingai. Rekomenduojamas s\u0117kl\u0173 stratifikavimas, ma\u017eiausiai 2 sav.\u00a0 +4,4\u00b0C . Lengvesnis ir greitesnis\u00a0 b\u016bdas, s\u0117klas palaikyti \u0161aldiklyje savait\u0119.<\/p>\n<div class=\"lRu31\" dir=\"ltr\"><\/div>\n","protected":false},"excerpt":{"rendered":"<div>\n<div>echinacea purpurea<\/div>\n<div><strong>Gamintojas:\u00a0<\/strong>Olandija<\/div>\n<div><strong>Grup\u0117: <\/strong>daugiamet\u0117<\/div>\n<div><strong>Kiekis pakelyje:<\/strong> 5 s\u0117klos<\/div>\n<div><strong>Auk\u0161tis cm: <\/strong>60<\/div>\n<div><strong>S\u0117ti m\u0117n.:<\/strong> II- IV<\/div>\n<div><strong>Vieta:<\/strong> saul\u0117ta, dalinis pav\u0117sis<\/div>\n<div><strong>Dirva: <\/strong>neutrali, dr\u0117gmei laidi<\/div>\n<\/div>\n<div><strong>\u017diemojimas:<\/strong> 3a \u2013 9b<\/div>\n","protected":false},"featured_media":41739,"comment_status":"open","ping_status":"closed","template":"","meta":{"jetpack_publicize_message":"","jetpack_publicize_feature_enabled":true,"jetpack_social_post_already_shared":true,"jetpack_social_options":{"image_generator_settings":{"template":"highway","default_image_id":0,"font":"","enabled":false},"version":2}},"product_brand":[],"product_cat":[126,199,99,42],"product_tag":[201,200,52,51],"class_list":{"0":"post-41734","1":"product","2":"type-product","3":"status-publish","4":"has-post-thumbnail","6":"product_cat-daugiameciu-geliu-seklos","7":"product_cat-eziuoles","8":"product_cat-naujos-prekes","9":"product_cat-seklos","10":"product_tag-echinacea","11":"product_tag-eziuole","12":"product_tag-seeds","13":"product_tag-seklos","14":"product_shipping_class-seklos","16":"first","17":"instock","18":"shipping-taxable","19":"purchasable","20":"product-type-simple"},"jetpack_publicize_connections":[],"jetpack_sharing_enabled":true,"_links":{"self":[{"href":"https:\/\/geliurasa.lt\/index.php\/wp-json\/wp\/v2\/product\/41734","targetHints":{"allow":["GET"]}}],"collection":[{"href":"https:\/\/geliurasa.lt\/index.php\/wp-json\/wp\/v2\/product"}],"about":[{"href":"https:\/\/geliurasa.lt\/index.php\/wp-json\/wp\/v2\/types\/product"}],"replies":[{"embeddable":true,"href":"https:\/\/geliurasa.lt\/index.php\/wp-json\/wp\/v2\/comments?post=41734"}],"wp:featuredmedia":[{"embeddable":true,"href":"https:\/\/geliurasa.lt\/index.php\/wp-json\/wp\/v2\/media\/41739"}],"wp:attachment":[{"href":"https:\/\/geliurasa.lt\/index.php\/wp-json\/wp\/v2\/media?parent=41734"}],"wp:term":[{"taxonomy":"product_brand","embeddable":true,"href":"https:\/\/geliurasa.lt\/index.php\/wp-json\/wp\/v2\/product_brand?post=41734"},{"taxonomy":"product_cat","embeddable":true,"href":"https:\/\/geliurasa.lt\/index.php\/wp-json\/wp\/v2\/product_cat?post=41734"},{"taxonomy":"product_tag","embeddable":true,"href":"https:\/\/geliurasa.lt\/index.php\/wp-json\/wp\/v2\/product_tag?post=41734"}],"curies":[{"name":"wp","href":"https:\/\/api.w.org\/{rel}","templated":true}]}}