{"id":41752,"date":"2025-02-12T17:06:23","date_gmt":"2025-02-12T15:06:23","guid":{"rendered":"https:\/\/geliurasa.lt\/?post_type=product&#038;p=41752"},"modified":"2026-03-09T20:21:37","modified_gmt":"2026-03-09T18:21:37","slug":"pajurine-gvaizde-armada-pink","status":"publish","type":"product","link":"https:\/\/geliurasa.lt\/index.php\/produktas\/pajurine-gvaizde-armada-pink\/","title":{"rendered":"Paj\u016brin\u0117 gvaizd\u0117 Armada Pink"},"content":{"rendered":"<p>Armada Pink lengvai auginama, kompakti\u0161ka, su \u012f vir\u0161\u0173 i\u0161keltais rausvais burbulais. Tai alpinarium\u0173, \u017eem\u0173 g\u0117lyn\u0173 kiliminis augalas. Gausiai ir ilgai \u017eydi, nereiklus. Tinka auginti vazonuose. Kas kelis metus galima kerus dalinti ir atnaujinti.<\/p>\n","protected":false},"excerpt":{"rendered":"<div>Armeria maritima<\/div>\n<div><strong>Gamintojas:\u00a0<\/strong>Olandija<\/div>\n<div><strong>Grup\u0117:<\/strong> daugiamet\u0117<\/div>\n<div><strong>Kiekis pakelyje:<\/strong> 15 s\u0117kl\u0173<\/div>\n<div><strong>Auk\u0161tis cm:<\/strong> 20 cm<\/div>\n<div><strong>S\u0117ti m\u0117n.: <\/strong>III-V<\/div>\n<div><strong>Vieta:<\/strong> saul\u0117ta, dalinis pav\u0117sis<\/div>\n<div><strong>Dirva:<\/strong> neutrali, sausa<\/div>\n","protected":false},"featured_media":41754,"comment_status":"open","ping_status":"closed","template":"","meta":{"jetpack_publicize_message":"","jetpack_publicize_feature_enabled":true,"jetpack_social_post_already_shared":true,"jetpack_social_options":{"image_generator_settings":{"template":"highway","default_image_id":0,"font":"","enabled":false},"version":2}},"product_brand":[],"product_cat":[126,301,99,42],"product_tag":[295,296,52,51],"class_list":{"0":"post-41752","1":"product","2":"type-product","3":"status-publish","4":"has-post-thumbnail","6":"product_cat-daugiameciu-geliu-seklos","7":"product_cat-gvaizdes","8":"product_cat-naujos-prekes","9":"product_cat-seklos","10":"product_tag-armeria","11":"product_tag-gvaizde","12":"product_tag-seeds","13":"product_tag-seklos","14":"product_shipping_class-seklos","16":"first","17":"instock","18":"shipping-taxable","19":"purchasable","20":"product-type-simple"},"jetpack_publicize_connections":[],"jetpack_sharing_enabled":true,"_links":{"self":[{"href":"https:\/\/geliurasa.lt\/index.php\/wp-json\/wp\/v2\/product\/41752","targetHints":{"allow":["GET"]}}],"collection":[{"href":"https:\/\/geliurasa.lt\/index.php\/wp-json\/wp\/v2\/product"}],"about":[{"href":"https:\/\/geliurasa.lt\/index.php\/wp-json\/wp\/v2\/types\/product"}],"replies":[{"embeddable":true,"href":"https:\/\/geliurasa.lt\/index.php\/wp-json\/wp\/v2\/comments?post=41752"}],"wp:featuredmedia":[{"embeddable":true,"href":"https:\/\/geliurasa.lt\/index.php\/wp-json\/wp\/v2\/media\/41754"}],"wp:attachment":[{"href":"https:\/\/geliurasa.lt\/index.php\/wp-json\/wp\/v2\/media?parent=41752"}],"wp:term":[{"taxonomy":"product_brand","embeddable":true,"href":"https:\/\/geliurasa.lt\/index.php\/wp-json\/wp\/v2\/product_brand?post=41752"},{"taxonomy":"product_cat","embeddable":true,"href":"https:\/\/geliurasa.lt\/index.php\/wp-json\/wp\/v2\/product_cat?post=41752"},{"taxonomy":"product_tag","embeddable":true,"href":"https:\/\/geliurasa.lt\/index.php\/wp-json\/wp\/v2\/product_tag?post=41752"}],"curies":[{"name":"wp","href":"https:\/\/api.w.org\/{rel}","templated":true}]}}