{"id":41763,"date":"2025-02-12T20:29:00","date_gmt":"2025-02-12T18:29:00","guid":{"rendered":"https:\/\/geliurasa.lt\/?post_type=product&#038;p=41763"},"modified":"2026-03-26T15:40:31","modified_gmt":"2026-03-26T13:40:31","slug":"paprastasis-kaulaseklis-sky-and-ice","status":"publish","type":"product","link":"https:\/\/geliurasa.lt\/index.php\/produktas\/paprastasis-kaulaseklis-sky-and-ice\/","title":{"rendered":"Paprastasis kaulas\u0117klis Sky and Ice"},"content":{"rendered":"<p>Nuostabios afrikieti\u0161kos ramun\u0117l\u0117s &#8211; baltos su m\u0117lyna \u0161irdele bei violetiniu apvad\u0117liu. Gausiai ir ilgai \u017eydi, atsparios sausrai ir labai myli saul\u0119. Auk\u0161tos, tod\u0117l tinka skinti.\u00a0 Papuo\u0161 bet kur\u012f g\u0117lyn\u0105, teras\u0105, balkon\u0105. Ruden\u012f i\u0161kastos ir persodintos \u012f vazonus\u00a0lengvai \u017eiemoja v\u0117siose patalpose.<\/p>\n<p>&nbsp;<\/p>\n","protected":false},"excerpt":{"rendered":"<div>Osteospermum<\/div>\n<div><strong>Gamintojas:\u00a0<\/strong>Olandija<\/div>\n<div><strong>Grup\u0117:<\/strong> vienmet\u0117<\/div>\n<div><strong>Kiekis pakelyje: <\/strong>0,5 g<\/div>\n<div><strong>Auk\u0161tis cm:<\/strong> 75<\/div>\n<div><strong>S\u0117ti m\u0117n.:<\/strong> I-III<\/div>\n<div><strong>Vieta:<\/strong> saul\u0117ta<\/div>\n<div><strong>Dirva:<\/strong> \u012fvairi, neutrali<\/div>\n","protected":false},"featured_media":41767,"comment_status":"open","ping_status":"closed","template":"","meta":{"jetpack_publicize_message":"","jetpack_publicize_feature_enabled":true,"jetpack_social_post_already_shared":true,"jetpack_social_options":{"image_generator_settings":{"template":"highway","default_image_id":0,"font":"","enabled":false},"version":2}},"product_brand":[],"product_cat":[99,128,42],"product_tag":[52,51,317],"class_list":{"0":"post-41763","1":"product","2":"type-product","3":"status-publish","4":"has-post-thumbnail","6":"product_cat-naujos-prekes","7":"product_cat-vienmeciu-geliu-seklos","8":"product_cat-seklos","9":"product_tag-seeds","10":"product_tag-seklos","11":"product_tag-skynimas","12":"product_shipping_class-seklos","14":"first","15":"instock","16":"shipping-taxable","17":"purchasable","18":"product-type-simple"},"jetpack_publicize_connections":[],"jetpack_sharing_enabled":true,"_links":{"self":[{"href":"https:\/\/geliurasa.lt\/index.php\/wp-json\/wp\/v2\/product\/41763","targetHints":{"allow":["GET"]}}],"collection":[{"href":"https:\/\/geliurasa.lt\/index.php\/wp-json\/wp\/v2\/product"}],"about":[{"href":"https:\/\/geliurasa.lt\/index.php\/wp-json\/wp\/v2\/types\/product"}],"replies":[{"embeddable":true,"href":"https:\/\/geliurasa.lt\/index.php\/wp-json\/wp\/v2\/comments?post=41763"}],"wp:featuredmedia":[{"embeddable":true,"href":"https:\/\/geliurasa.lt\/index.php\/wp-json\/wp\/v2\/media\/41767"}],"wp:attachment":[{"href":"https:\/\/geliurasa.lt\/index.php\/wp-json\/wp\/v2\/media?parent=41763"}],"wp:term":[{"taxonomy":"product_brand","embeddable":true,"href":"https:\/\/geliurasa.lt\/index.php\/wp-json\/wp\/v2\/product_brand?post=41763"},{"taxonomy":"product_cat","embeddable":true,"href":"https:\/\/geliurasa.lt\/index.php\/wp-json\/wp\/v2\/product_cat?post=41763"},{"taxonomy":"product_tag","embeddable":true,"href":"https:\/\/geliurasa.lt\/index.php\/wp-json\/wp\/v2\/product_tag?post=41763"}],"curies":[{"name":"wp","href":"https:\/\/api.w.org\/{rel}","templated":true}]}}