{"id":41800,"date":"2025-02-13T13:14:01","date_gmt":"2025-02-13T11:14:01","guid":{"rendered":"https:\/\/geliurasa.lt\/?post_type=product&#038;p=41800"},"modified":"2026-03-30T20:37:59","modified_gmt":"2026-03-30T17:37:59","slug":"vienametes-paprikos-salsa-xp-mix","status":"publish","type":"product","link":"https:\/\/geliurasa.lt\/index.php\/produktas\/vienametes-paprikos-salsa-xp-mix\/","title":{"rendered":"Vienamet\u0117s paprikos Salsa XP Mix"},"content":{"rendered":"<p>Puikus \u017eema\u016bgis, kompakti\u0161kas, vienodai augantis augalas auginti namie, balkone, terasoje, sode. Sukuriamos efektingos kompozicijos vazonuose su kitais augalais.\u00a0Puo\u0161ia virtuv\u0119, valgomuosius kambarius ,vonios kambar\u012f, ne tik dekoratyvus, bet ir valgomas \u0161is \u010dili pipiras. Vaisiai yra ry\u0161k\u016bs, kei\u010diantys spalv\u0105, priklausomai nuo augimo stadijos. J\u0173 smail\u016bs lapai vis\u0105 sezon\u0105 i\u0161lieka tamsiai \u017ealios spalvos. M\u0117gsta saul\u0119, gerai prisitaiko tiek prie saus\u0173, tiek prie dr\u0117gn\u0173 augimo s\u0105lyg\u0173, ta\u010diau nepaken\u010dia stovin\u010dio vandens. Galima dauginti auginiais.<\/p>\n<p id=\"NetPS-PlantPGPara3\">\n","protected":false},"excerpt":{"rendered":"<div>Capsicum annuum<\/div>\n<div><strong>Gamintojas:\u00a0<\/strong>Olandija<\/div>\n<div><strong>Grup\u0117:<\/strong>\u00a0 vienmet\u0117<\/div>\n<div><strong>Kiekis pakelyje<\/strong>: 5 s\u0117klos<\/div>\n<div><strong>Auk\u0161tis cm:<\/strong> 10<\/div>\n<div><strong>Plotis cm:<\/strong> 15<\/div>\n<div><strong>S\u0117ti m\u0117n.:<\/strong> II-III<\/div>\n<div><strong>Vieta:<\/strong> saul\u0117ta<\/div>\n<div><strong>Dirva: <\/strong>derlinga, neutrali<\/div>\n","protected":false},"featured_media":41804,"comment_status":"open","ping_status":"closed","template":"","meta":{"jetpack_publicize_message":"","jetpack_publicize_feature_enabled":true,"jetpack_social_post_already_shared":true,"jetpack_social_options":{"image_generator_settings":{"template":"highway","default_image_id":0,"font":"","enabled":false},"version":2}},"product_brand":[],"product_cat":[326,99,359,128,42],"product_tag":[328,329,327,52,51],"class_list":{"0":"post-41800","1":"product","2":"type-product","3":"status-publish","4":"has-post-thumbnail","6":"product_cat-dekoratyvines-darzoves","7":"product_cat-naujos-prekes","8":"product_cat-valgoma","9":"product_cat-vienmeciu-geliu-seklos","10":"product_cat-seklos","11":"product_tag-capsicum","12":"product_tag-cili","13":"product_tag-paprika","14":"product_tag-seeds","15":"product_tag-seklos","16":"product_shipping_class-seklos","18":"first","19":"instock","20":"shipping-taxable","21":"purchasable","22":"product-type-simple"},"jetpack_publicize_connections":[],"jetpack_sharing_enabled":true,"_links":{"self":[{"href":"https:\/\/geliurasa.lt\/index.php\/wp-json\/wp\/v2\/product\/41800","targetHints":{"allow":["GET"]}}],"collection":[{"href":"https:\/\/geliurasa.lt\/index.php\/wp-json\/wp\/v2\/product"}],"about":[{"href":"https:\/\/geliurasa.lt\/index.php\/wp-json\/wp\/v2\/types\/product"}],"replies":[{"embeddable":true,"href":"https:\/\/geliurasa.lt\/index.php\/wp-json\/wp\/v2\/comments?post=41800"}],"wp:featuredmedia":[{"embeddable":true,"href":"https:\/\/geliurasa.lt\/index.php\/wp-json\/wp\/v2\/media\/41804"}],"wp:attachment":[{"href":"https:\/\/geliurasa.lt\/index.php\/wp-json\/wp\/v2\/media?parent=41800"}],"wp:term":[{"taxonomy":"product_brand","embeddable":true,"href":"https:\/\/geliurasa.lt\/index.php\/wp-json\/wp\/v2\/product_brand?post=41800"},{"taxonomy":"product_cat","embeddable":true,"href":"https:\/\/geliurasa.lt\/index.php\/wp-json\/wp\/v2\/product_cat?post=41800"},{"taxonomy":"product_tag","embeddable":true,"href":"https:\/\/geliurasa.lt\/index.php\/wp-json\/wp\/v2\/product_tag?post=41800"}],"curies":[{"name":"wp","href":"https:\/\/api.w.org\/{rel}","templated":true}]}}