{"id":41816,"date":"2025-02-13T15:52:02","date_gmt":"2025-02-13T13:52:02","guid":{"rendered":"https:\/\/geliurasa.lt\/?post_type=product&#038;p=41816"},"modified":"2026-03-30T19:37:44","modified_gmt":"2026-03-30T16:37:44","slug":"didzioji-nasturte-tip-top-apricot","status":"publish","type":"product","link":"https:\/\/geliurasa.lt\/index.php\/produktas\/didzioji-nasturte-tip-top-apricot\/","title":{"rendered":"Did\u017eioji nasturt\u0117 Tip Top Apricot"},"content":{"rendered":"<p>\u0160ios nasturt\u0173 Tip Top serijos\u00a0 \u017eiedai laikosi vir\u0161 lap\u0173, gausiai \u017eydi vis\u0105 vasar\u0105. Veisl\u0117 pritaikyta auginti vazonuose, bet puikiai auga dirvoje. \u017diedai ir lapai valgomi, tod\u0117l puikus pasirinkimas auginti ant palang\u0117s, balkone, terasoje. Spalva nuostabi &#8211;\u00a0 abrikosin\u0117 su tamsesniais dry\u017eeliais \u017eiedo centre. Prad\u017eioje \u017eyd\u0117jimo ry\u0161kesni \u017eiedai, v\u0117liau nu\u0161vies\u0117ja. Nu\u017eyd\u0117jusius \u017eiedus i\u0161skinti, kad neformuot\u0173 s\u0117kl\u0173 ir ilgiau \u017eyd\u0117t\u0173 kr\u016bmelis. M\u0117gsta prastesn\u0119 \u017eem\u0119, kitaip u\u017eaugins daugiau lap\u0173 nei \u017eied\u0173. Nasturt\u0117s nereikalauja d\u0117mesio, bet\u00a0 laistym\u0105 m\u0117gsta, nors mirkti\u00a0 vandenyje nenori.<\/p>\n<div id=\"mainitemprice\" class=\"d-flex align-items-center justify-content-center pt-3\">S\u0117jama kovo\u2013gegu\u017e\u0117s m\u0117n.,\u00a0 2 cm gylyje.\u00a0 Dygimui reikalinga tamsa, dygsta ma\u017edaug prie 15\u00b0C . Daigai pasirodo per 10-14 dien\u0173.<\/div>\n<p>&nbsp;<\/p>\n<p>&nbsp;<\/p>\n<p>&nbsp;<\/p>\n","protected":false},"excerpt":{"rendered":"<div>Tropaeolum majus<\/div>\n<div><strong>Gamintojas:\u00a0<\/strong>Olandija<\/div>\n<div><strong>Grup\u0117:<\/strong>\u00a0 vienmet\u0117<\/div>\n<div><strong>Kiekis pakelyje:<\/strong> 3 g \u2248 25-30 s\u0117kl\u0173<\/div>\n<div><strong>Auk\u0161tis cm:<\/strong> 20<\/div>\n<div><strong>S\u0117ti m\u0117n.:<\/strong> III-IV<\/div>\n<div><strong>Vieta:<\/strong> saul\u0117ta<\/div>\n<div><strong>Dirva: <\/strong>neutrali<\/div>\n","protected":false},"featured_media":41819,"comment_status":"open","ping_status":"closed","template":"","meta":{"jetpack_publicize_message":"","jetpack_publicize_feature_enabled":true,"jetpack_social_post_already_shared":true,"jetpack_social_options":{"image_generator_settings":{"template":"highway","default_image_id":0,"font":"","enabled":false},"version":2}},"product_brand":[],"product_cat":[330,99,128,42],"product_tag":[331,52,51],"class_list":{"0":"post-41816","1":"product","2":"type-product","3":"status-publish","4":"has-post-thumbnail","6":"product_cat-nasturte","7":"product_cat-naujos-prekes","8":"product_cat-vienmeciu-geliu-seklos","9":"product_cat-seklos","10":"product_tag-nasturte","11":"product_tag-seeds","12":"product_tag-seklos","13":"product_shipping_class-seklos","15":"first","16":"instock","17":"shipping-taxable","18":"purchasable","19":"product-type-simple"},"jetpack_publicize_connections":[],"jetpack_sharing_enabled":true,"_links":{"self":[{"href":"https:\/\/geliurasa.lt\/index.php\/wp-json\/wp\/v2\/product\/41816","targetHints":{"allow":["GET"]}}],"collection":[{"href":"https:\/\/geliurasa.lt\/index.php\/wp-json\/wp\/v2\/product"}],"about":[{"href":"https:\/\/geliurasa.lt\/index.php\/wp-json\/wp\/v2\/types\/product"}],"replies":[{"embeddable":true,"href":"https:\/\/geliurasa.lt\/index.php\/wp-json\/wp\/v2\/comments?post=41816"}],"wp:featuredmedia":[{"embeddable":true,"href":"https:\/\/geliurasa.lt\/index.php\/wp-json\/wp\/v2\/media\/41819"}],"wp:attachment":[{"href":"https:\/\/geliurasa.lt\/index.php\/wp-json\/wp\/v2\/media?parent=41816"}],"wp:term":[{"taxonomy":"product_brand","embeddable":true,"href":"https:\/\/geliurasa.lt\/index.php\/wp-json\/wp\/v2\/product_brand?post=41816"},{"taxonomy":"product_cat","embeddable":true,"href":"https:\/\/geliurasa.lt\/index.php\/wp-json\/wp\/v2\/product_cat?post=41816"},{"taxonomy":"product_tag","embeddable":true,"href":"https:\/\/geliurasa.lt\/index.php\/wp-json\/wp\/v2\/product_tag?post=41816"}],"curies":[{"name":"wp","href":"https:\/\/api.w.org\/{rel}","templated":true}]}}