{"id":41849,"date":"2025-02-14T18:32:05","date_gmt":"2025-02-14T16:32:05","guid":{"rendered":"https:\/\/geliurasa.lt\/?post_type=product&#038;p=41849"},"modified":"2026-04-01T19:20:21","modified_gmt":"2026-04-01T16:20:21","slug":"karpytalapis-kermekas-qis-lavender","status":"publish","type":"product","link":"https:\/\/geliurasa.lt\/index.php\/produktas\/karpytalapis-kermekas-qis-lavender\/","title":{"rendered":"Karpytalapis kerm\u0117kas Qis Lavender"},"content":{"rendered":"<p><span class=\"HwtZe\" lang=\"lt\"><span class=\"jCAhz ChMk0b\"><span class=\"ryNqvb\">Profesionali\u0173 skint\u0173 g\u0117li\u0173 augintoj\u0173 visame pasaulyje rekomenduojamas QIS yra didelis vienodumo, spalvos, \u017eied\u0173 dyd\u017eio ir stiebo kokyb\u0117s patobulintas variantas, palyginti su standartin\u0117mis veisl\u0117mis.<\/span><\/span> S\u0117klos s\u0117jamos\u00a0 pavir\u0161iuje. Dygimui reikia \u0161viesos, tod\u0117l pridengti plonai vermikulitu, ar substratu.<\/span><\/p>\n","protected":false},"excerpt":{"rendered":"<div>Limonium sinuatum<\/div>\n<div><strong>Gamintojas:\u00a0<\/strong>Olandija<\/div>\n<div><strong>Grup\u0117:<\/strong>\u00a0Vienmet\u0117<\/div>\n<div><strong>Kiekis pakelyje:<\/strong> 50 s\u0117kl\u0173<\/div>\n<div><strong>Auk\u0161tis cm: <\/strong>60-89<\/div>\n<div><strong>S\u0117ti m\u0117n.: <\/strong>III-IV<\/div>\n<div><strong>Vieta:<\/strong> saul\u0117ta, dalinis pav\u0117sis<\/div>\n<div><strong>Dirva:<\/strong> dr\u0117gmei laidi<\/div>\n","protected":false},"featured_media":41850,"comment_status":"open","ping_status":"closed","template":"","meta":{"jetpack_publicize_message":"","jetpack_publicize_feature_enabled":true,"jetpack_social_post_already_shared":true,"jetpack_social_options":{"image_generator_settings":{"template":"highway","default_image_id":0,"font":"","enabled":false},"version":2}},"product_brand":[],"product_cat":[269,99,128,42],"product_tag":[259,260,52,51],"class_list":{"0":"post-41849","1":"product","2":"type-product","3":"status-publish","4":"has-post-thumbnail","6":"product_cat-kermekai","7":"product_cat-naujos-prekes","8":"product_cat-vienmeciu-geliu-seklos","9":"product_cat-seklos","10":"product_tag-kermekai","11":"product_tag-limonium","12":"product_tag-seeds","13":"product_tag-seklos","14":"product_shipping_class-seklos","16":"first","17":"instock","18":"shipping-taxable","19":"purchasable","20":"product-type-simple"},"jetpack_publicize_connections":[],"jetpack_sharing_enabled":true,"_links":{"self":[{"href":"https:\/\/geliurasa.lt\/index.php\/wp-json\/wp\/v2\/product\/41849","targetHints":{"allow":["GET"]}}],"collection":[{"href":"https:\/\/geliurasa.lt\/index.php\/wp-json\/wp\/v2\/product"}],"about":[{"href":"https:\/\/geliurasa.lt\/index.php\/wp-json\/wp\/v2\/types\/product"}],"replies":[{"embeddable":true,"href":"https:\/\/geliurasa.lt\/index.php\/wp-json\/wp\/v2\/comments?post=41849"}],"wp:featuredmedia":[{"embeddable":true,"href":"https:\/\/geliurasa.lt\/index.php\/wp-json\/wp\/v2\/media\/41850"}],"wp:attachment":[{"href":"https:\/\/geliurasa.lt\/index.php\/wp-json\/wp\/v2\/media?parent=41849"}],"wp:term":[{"taxonomy":"product_brand","embeddable":true,"href":"https:\/\/geliurasa.lt\/index.php\/wp-json\/wp\/v2\/product_brand?post=41849"},{"taxonomy":"product_cat","embeddable":true,"href":"https:\/\/geliurasa.lt\/index.php\/wp-json\/wp\/v2\/product_cat?post=41849"},{"taxonomy":"product_tag","embeddable":true,"href":"https:\/\/geliurasa.lt\/index.php\/wp-json\/wp\/v2\/product_tag?post=41849"}],"curies":[{"name":"wp","href":"https:\/\/api.w.org\/{rel}","templated":true}]}}