{"id":41901,"date":"2025-02-15T17:15:21","date_gmt":"2025-02-15T15:15:21","guid":{"rendered":"https:\/\/geliurasa.lt\/?post_type=product&#038;p=41901"},"modified":"2026-03-16T12:31:55","modified_gmt":"2026-03-16T10:31:55","slug":"viduvis-raudonziedis-roseus","status":"publish","type":"product","link":"https:\/\/geliurasa.lt\/index.php\/produktas\/viduvis-raudonziedis-roseus\/","title":{"rendered":"Viduvis raudon\u017eiedis Roseus"},"content":{"rendered":"<p>\u017davingieji viduviai nereikl\u016bs, j\u0173 \u017eiedynstiebiai apsipila ma\u017eais puriais sodrios\u00a0 ro\u017ein\u0117s spalvos \u017eiedeliais. Gausiai \u017eydi, ant kero vienu metu gali \u017eyd\u0117ti 10 \u0161ak\u0173. Puo\u0161n\u016bs augalai. M\u0117gsta sausesn\u012f dirvo\u017eem\u012f, gali augti net tarp akmen\u0173.<\/p>\n<p>\u0160i veisl\u0117 yra \u017eemesn\u0117, nei \u012fprasti viduviai, galima auginti vazonuose.<\/p>\n<p>S\u0117klos dygsta \u0161viesoje, tereikia tik \u012fspausti pavir\u0161iuje.<\/p>\n","protected":false},"excerpt":{"rendered":"<div><em>centranthus ruber<\/em><\/div>\n<div><strong>Gamintojas:\u00a0<\/strong>Olandija<\/div>\n<div><strong>Grup\u0117:<\/strong> daugiamet\u0117<\/div>\n<div><strong>Kiekis pakelyje: <\/strong>20 s\u0117kl\u0173<\/div>\n<div><strong>Auk\u0161tis cm: <\/strong>60<\/div>\n<div><strong>S\u0117ti m\u0117n.: <\/strong>III-IV, X-XI<\/div>\n<div><strong>Vieta:<\/strong> saul\u0117ta, dalinis pav\u0117sis<\/div>\n<div><strong>Dirva:<\/strong> \u012fvairi, sausa<\/div>\n","protected":false},"featured_media":41902,"comment_status":"open","ping_status":"closed","template":"","meta":{"jetpack_publicize_message":"","jetpack_publicize_feature_enabled":true,"jetpack_social_post_already_shared":true,"jetpack_social_options":{"image_generator_settings":{"template":"highway","default_image_id":0,"font":"","enabled":false},"version":2}},"product_brand":[],"product_cat":[126,353,99,42],"product_tag":[52,51,336],"class_list":{"0":"post-41901","1":"product","2":"type-product","3":"status-publish","4":"has-post-thumbnail","6":"product_cat-daugiameciu-geliu-seklos","7":"product_cat-ivairios","8":"product_cat-naujos-prekes","9":"product_cat-seklos","10":"product_tag-seeds","11":"product_tag-seklos","12":"product_tag-viduvis","13":"product_shipping_class-seklos","15":"first","16":"outofstock","17":"shipping-taxable","18":"purchasable","19":"product-type-simple"},"jetpack_publicize_connections":[],"jetpack_sharing_enabled":true,"_links":{"self":[{"href":"https:\/\/geliurasa.lt\/index.php\/wp-json\/wp\/v2\/product\/41901","targetHints":{"allow":["GET"]}}],"collection":[{"href":"https:\/\/geliurasa.lt\/index.php\/wp-json\/wp\/v2\/product"}],"about":[{"href":"https:\/\/geliurasa.lt\/index.php\/wp-json\/wp\/v2\/types\/product"}],"replies":[{"embeddable":true,"href":"https:\/\/geliurasa.lt\/index.php\/wp-json\/wp\/v2\/comments?post=41901"}],"wp:featuredmedia":[{"embeddable":true,"href":"https:\/\/geliurasa.lt\/index.php\/wp-json\/wp\/v2\/media\/41902"}],"wp:attachment":[{"href":"https:\/\/geliurasa.lt\/index.php\/wp-json\/wp\/v2\/media?parent=41901"}],"wp:term":[{"taxonomy":"product_brand","embeddable":true,"href":"https:\/\/geliurasa.lt\/index.php\/wp-json\/wp\/v2\/product_brand?post=41901"},{"taxonomy":"product_cat","embeddable":true,"href":"https:\/\/geliurasa.lt\/index.php\/wp-json\/wp\/v2\/product_cat?post=41901"},{"taxonomy":"product_tag","embeddable":true,"href":"https:\/\/geliurasa.lt\/index.php\/wp-json\/wp\/v2\/product_tag?post=41901"}],"curies":[{"name":"wp","href":"https:\/\/api.w.org\/{rel}","templated":true}]}}