{"id":41913,"date":"2025-02-16T09:23:51","date_gmt":"2025-02-16T07:23:51","guid":{"rendered":"https:\/\/geliurasa.lt\/?post_type=product&#038;p=41913"},"modified":"2026-04-02T22:45:47","modified_gmt":"2026-04-02T19:45:47","slug":"svyranti-begonija-non-stop-joy","status":"publish","type":"product","link":"https:\/\/geliurasa.lt\/index.php\/produktas\/svyranti-begonija-non-stop-joy\/","title":{"rendered":"Svyranti begonija Non stop Joy"},"content":{"rendered":"<p>Nauja Nonstop\u00ae kompakti\u0161ka, tvarkinga, kokybi\u0161ka begonij\u0173 i\u0161 s\u0117kl\u0173, veisl\u0117. Formuoja gra\u017eius gumbus. Ypatingai dideli dvigubi \u017eiedai 9 iki 11 cm, \u017eydi vis\u0105 vasar\u0105. Tolygiai svyra, puikiai \u0161akojai ir u\u017epildo vis\u0105 vazon\u0105. Sveiki augalai ir nuostabios spalvos.<\/p>\n<p>Pas\u0117jus begonijas, ant\u00a0 substrato s\u0117klas \u0161velniai prispausti, bet neu\u017epilti. Dygimui reikalinga \u0161viesa. Sudaryti \u0161iltnamio s\u0105lygas, kad b\u016bt\u0173 dr\u0117gna ir \u0161ilta. Kas dien\u0105 tikrinti, jei reikia papurk\u0161ti \u0161iltu vandenuku. Neperlastyti, geriau sausiau, nei \u0161lapia. Dygsta 7-10 dien\u0173. U\u017eauga per 11-14 savai\u010di\u0173.<\/p>\n<p>&nbsp;<\/p>\n","protected":false},"excerpt":{"rendered":"<div><em>begonia x tuberhybrida<\/em><\/div>\n<div><strong>Gamintojas:\u00a0<\/strong>Olandija<\/div>\n<div><strong>Grup\u0117:<\/strong> daugiamet\u0117<\/div>\n<div><strong>Kiekis pakelyje: <\/strong>5\u00a0s\u0117klos<\/div>\n<div><strong>Auk\u0161tis cm: <\/strong>25<\/div>\n<div><strong>PLotis cm:<\/strong> 45<\/div>\n<div><strong>S\u0117ti m\u0117n.: <\/strong>XII-II<\/div>\n<div><strong>Vieta:<\/strong> dalinis pav\u0117sis<\/div>\n<div><strong>Dirva:<\/strong> derlinga, lengva<\/div>\n","protected":false},"featured_media":41924,"comment_status":"open","ping_status":"closed","template":"","meta":{"jetpack_publicize_message":"","jetpack_publicize_feature_enabled":true,"jetpack_social_post_already_shared":true,"jetpack_social_options":{"image_generator_settings":{"template":"highway","default_image_id":0,"font":"","enabled":false},"version":2}},"product_brand":[],"product_cat":[337,126,99,42],"product_tag":[338,52,51],"class_list":{"0":"post-41913","1":"product","2":"type-product","3":"status-publish","4":"has-post-thumbnail","6":"product_cat-begonijos","7":"product_cat-daugiameciu-geliu-seklos","8":"product_cat-naujos-prekes","9":"product_cat-seklos","10":"product_tag-begonija","11":"product_tag-seeds","12":"product_tag-seklos","13":"product_shipping_class-seklos","15":"first","16":"instock","17":"shipping-taxable","18":"purchasable","19":"product-type-variable"},"jetpack_publicize_connections":[],"jetpack_sharing_enabled":true,"_links":{"self":[{"href":"https:\/\/geliurasa.lt\/index.php\/wp-json\/wp\/v2\/product\/41913","targetHints":{"allow":["GET"]}}],"collection":[{"href":"https:\/\/geliurasa.lt\/index.php\/wp-json\/wp\/v2\/product"}],"about":[{"href":"https:\/\/geliurasa.lt\/index.php\/wp-json\/wp\/v2\/types\/product"}],"replies":[{"embeddable":true,"href":"https:\/\/geliurasa.lt\/index.php\/wp-json\/wp\/v2\/comments?post=41913"}],"wp:featuredmedia":[{"embeddable":true,"href":"https:\/\/geliurasa.lt\/index.php\/wp-json\/wp\/v2\/media\/41924"}],"wp:attachment":[{"href":"https:\/\/geliurasa.lt\/index.php\/wp-json\/wp\/v2\/media?parent=41913"}],"wp:term":[{"taxonomy":"product_brand","embeddable":true,"href":"https:\/\/geliurasa.lt\/index.php\/wp-json\/wp\/v2\/product_brand?post=41913"},{"taxonomy":"product_cat","embeddable":true,"href":"https:\/\/geliurasa.lt\/index.php\/wp-json\/wp\/v2\/product_cat?post=41913"},{"taxonomy":"product_tag","embeddable":true,"href":"https:\/\/geliurasa.lt\/index.php\/wp-json\/wp\/v2\/product_tag?post=41913"}],"curies":[{"name":"wp","href":"https:\/\/api.w.org\/{rel}","templated":true}]}}