{"id":41951,"date":"2025-02-16T13:37:28","date_gmt":"2025-02-16T11:37:28","guid":{"rendered":"https:\/\/geliurasa.lt\/?post_type=product&#038;p=41951"},"modified":"2026-04-04T11:57:18","modified_gmt":"2026-04-04T08:57:18","slug":"rykstetoji-sora-fontaine","status":"publish","type":"product","link":"https:\/\/geliurasa.lt\/index.php\/produktas\/rykstetoji-sora-fontaine\/","title":{"rendered":"Ryk\u0161t\u0117toji sora Fontaine"},"content":{"rendered":"<p>\u017davinga, auk\u0161ta, kaip fontanas, kylanti \u012f vir\u0161\u0173 smilga. Smilgos vir\u0161un\u0117l\u0117s gali b\u016bti \u017ealios arba rudos, abi spalvos savaip gra\u017eios. Auginama d\u0117l gro\u017eio g\u0117lyne ir skynimui. Nepamainoma \u017ealuma puok\u0161t\u0117se, sukurianti\u00a0 a\u017e\u016br\u0105. M\u0117gstantiems minimalizm\u0105, labai gra\u017eios puok\u0161t\u0117s vien i\u0161 \u0161i\u0173 smilg\u0173. Tinka d\u017eiovinti. Puikiai \u0161akojasi, kuo labiau skini, tuo daugiau \u017eydi. Neskinant pradeda formuoti s\u0117klas, o kr\u016bmas palieka lyg per\u0161vie\u010diamas kamuolys. Labai \u017eaviuosiu \u0161iuo augalu.<\/p>\n<p>Norint ankstesnio \u017eyd\u0117jimo, s\u0117jama kov\u0105 patalpoje \u012fprastai, pavir\u0161iuje lengvai u\u017eberiant \u017eem\u0117s ar vermikulito. Ir dar kart\u0105 s\u0117jama\u00a0 lauke paprastai, taip u\u017eteks \u017eied\u0173 iki rudens. Ruden\u012f galima pasirinkti s\u0117kl\u0173, o jei nebus skinami, tai pasis\u0117ja patys.<\/p>\n","protected":false},"excerpt":{"rendered":"<div>panicum virgatum<\/div>\n<div><strong>Gamintojas:\u00a0<\/strong>Olandija<\/div>\n<div><strong>Grup\u0117:<\/strong>\u00a0Vienmet\u0117<\/div>\n<div><strong>Kiekis pakelyje:<\/strong> 50 s\u0117kl\u0173<\/div>\n<div><strong>Auk\u0161tis cm: <\/strong>80<strong>&#8211;<\/strong>100<\/div>\n<div><strong>S\u0117ti m\u0117n.:<\/strong> III, IV-V ( lauke)<\/div>\n<div><strong>Vieta:<\/strong> saul\u0117ta, dalinis pav\u0117sis<\/div>\n<div><strong>Dirva:<\/strong> \u012fvairi<\/div>\n","protected":false},"featured_media":41965,"comment_status":"open","ping_status":"closed","template":"","meta":{"jetpack_publicize_message":"","jetpack_publicize_feature_enabled":true,"jetpack_social_post_already_shared":true,"jetpack_social_options":{"image_generator_settings":{"template":"highway","default_image_id":0,"font":"","enabled":false},"version":2}},"product_brand":[],"product_cat":[99,179,128,42],"product_tag":[52,51,317],"class_list":{"0":"post-41951","1":"product","2":"type-product","3":"status-publish","4":"has-post-thumbnail","6":"product_cat-naujos-prekes","7":"product_cat-smilginiai-augalai","8":"product_cat-vienmeciu-geliu-seklos","9":"product_cat-seklos","10":"product_tag-seeds","11":"product_tag-seklos","12":"product_tag-skynimas","13":"product_shipping_class-seklos","15":"first","16":"instock","17":"shipping-taxable","18":"purchasable","19":"product-type-simple"},"jetpack_publicize_connections":[],"jetpack_sharing_enabled":true,"_links":{"self":[{"href":"https:\/\/geliurasa.lt\/index.php\/wp-json\/wp\/v2\/product\/41951","targetHints":{"allow":["GET"]}}],"collection":[{"href":"https:\/\/geliurasa.lt\/index.php\/wp-json\/wp\/v2\/product"}],"about":[{"href":"https:\/\/geliurasa.lt\/index.php\/wp-json\/wp\/v2\/types\/product"}],"replies":[{"embeddable":true,"href":"https:\/\/geliurasa.lt\/index.php\/wp-json\/wp\/v2\/comments?post=41951"}],"wp:featuredmedia":[{"embeddable":true,"href":"https:\/\/geliurasa.lt\/index.php\/wp-json\/wp\/v2\/media\/41965"}],"wp:attachment":[{"href":"https:\/\/geliurasa.lt\/index.php\/wp-json\/wp\/v2\/media?parent=41951"}],"wp:term":[{"taxonomy":"product_brand","embeddable":true,"href":"https:\/\/geliurasa.lt\/index.php\/wp-json\/wp\/v2\/product_brand?post=41951"},{"taxonomy":"product_cat","embeddable":true,"href":"https:\/\/geliurasa.lt\/index.php\/wp-json\/wp\/v2\/product_cat?post=41951"},{"taxonomy":"product_tag","embeddable":true,"href":"https:\/\/geliurasa.lt\/index.php\/wp-json\/wp\/v2\/product_tag?post=41951"}],"curies":[{"name":"wp","href":"https:\/\/api.w.org\/{rel}","templated":true}]}}